{"id":14523,"date":"2016-12-31T16:51:57","date_gmt":"2016-12-31T15:51:57","guid":{"rendered":"http:\/\/www.carideal.com\/blog\/?page_id=14523"},"modified":"2020-01-27T20:02:11","modified_gmt":"2020-01-27T19:02:11","slug":"pneu-michelin-pas-cher","status":"publish","type":"page","link":"https:\/\/www.carideal.com\/blog\/garage-automobile\/pneu\/pneu-michelin-pas-cher\/","title":{"rendered":"Pneu Michelin pas cher"},"content":{"rendered":"<h1><strong>Pneu Michelin pas cher<\/strong><\/h1>\n<p>Profitez de nos offres de \u00a0<a href=\"http:\/\/www.carideal.com\/blog\/garage-automobile\/pneu\/pneu-pas-cher\/\">pneus pas cher<\/a> et achetez, pendant nos promos pneus, 2 ou 4 <strong>pneus MICHELIN pas chers<\/strong>, de m\u00eame dimensions et de m\u00eame gamme, mont\u00e9s et \u00e9quilibr\u00e9s (tourisme, 4x4, <a href=\"http:\/\/www.carideal.com\/blog\/type-de-vehicule\/utilitaire\/\">camionette<\/a>, \u00e9t\u00e9 ou <a href=\"http:\/\/www.carideal.com\/blog\/2013\/01\/10\/periode-dhiver-equipez-vous\/\">hiver<\/a>) dans notre <a href=\"http:\/\/www.carideal.com\/blog\/garage-automobile\/\">garage automobile<\/a><\/p>\n<figure id=\"attachment_14524\" aria-describedby=\"caption-attachment-14524\" style=\"width: 280px\" class=\"wp-caption aligncenter\"><img loading=\"lazy\" decoding=\"async\" class=\"size-full wp-image-14524\" src=\"http:\/\/www.carideal.com\/blog\/wp-content\/uploads\/2016\/12\/pneu-michelin-pas-cher.png\" alt=\"Pneu Michelin pas cher\" width=\"290\" height=\"400\" srcset=\"https:\/\/www.carideal.com\/blog\/wp-content\/uploads\/2016\/12\/pneu-michelin-pas-cher.png 290w, https:\/\/www.carideal.com\/blog\/wp-content\/uploads\/2016\/12\/pneu-michelin-pas-cher-218x300.png 218w, https:\/\/www.carideal.com\/blog\/wp-content\/uploads\/2016\/12\/pneu-michelin-pas-cher-80x110.png 80w, https:\/\/www.carideal.com\/blog\/wp-content\/uploads\/2016\/12\/pneu-michelin-pas-cher-36x50.png 36w\" sizes=\"(max-width: 290px) 100vw, 290px\" \/><figcaption id=\"caption-attachment-14524\" class=\"wp-caption-text\">Pneu Michelin pas cher<\/figcaption><\/figure>\n<p><strong>Contactez-nous pour un devis ou plus de renseignement sur les pneus Michelin pas cher.<\/strong><\/p>\n<p>A la veille de <a href=\"http:\/\/www.carideal.com\/blog\/conseils-de-conduite\/preparez-votre-voiture-pour-les-vacances\/\">partir en vacances<\/a>, ce n'est pas le moment d'ergoter sur votre s\u00e9curit\u00e9 et celle de votre famille ! Le pneu est le seul \u00e9l\u00e9ment de la voiture en contact avec la route il est un \u00e9l\u00e9ment pr\u00e9pond\u00e9rant de votre s\u00e9curit\u00e9 et celle de votre famille sur la route des vacances. Il est donc important de faire le bon choix de pneu. Mais pas question d'acheter vos pneus \u00e0 n'importe quel prix.<\/p>\n<p>Carideal vous propose le meilleur prix pour que vous puissiez \u00e9quiper votre voiture de pneu Michelin pas cher, notre objectif des pneus de qualit\u00e9 au meilleur prix.<\/p>\n<p>Nous proposons aussi des forfaits <a href=\"http:\/\/www.carideal.com\/blog\/2008\/05\/29\/entretenir-sa-climatisation\/\">d'entretien de climatisation<\/a>\u00a0profitez-en lors de votre passage dans nos ateliers.<\/p>\n<h2>Toute la gamme de pneu Michelin pas cher pour \u00e9quiper les voitures et les camionnettes<\/h2>\n<p>Michelin propose une vaste gamme de <a href=\"http:\/\/www.carideal.com\/blog\/garage-automobile\/pneu\/\">pneu<\/a> pour \u00e9quiper votre voiture quelle quel soit, une <a href=\"http:\/\/www.carideal.com\/blog\/2018\/02\/03\/meilleures-berlines-hayon-2018\/\">berline<\/a>, un <a href=\"http:\/\/www.carideal.com\/blog\/2018\/01\/28\/meilleurs-monospaces-2018\/\">monospace<\/a>, un <a href=\"http:\/\/www.carideal.com\/blog\/2019\/12\/22\/meilleurs-4x4-a-acheter-maintenant-2019-2020\/\">4x4<\/a> ou une <a href=\"http:\/\/www.carideal.com\/blog\/2019\/10\/17\/meilleures-voitures-de-sport\/\">sportive<\/a>. Vous trouverez dans la gamme le pneu Michelin pas cher adapt\u00e9 \u00e0 votre voiture et votre besoin. Que vous privil\u00e9giez la long\u00e9vit\u00e9, ou la sportivit\u00e9.<\/p>\n<p>Le garage de Carideal\u00a0saura aussi vous proposer la gamme camionnette de pneu Michelin pas cher pour votre <a href=\"http:\/\/www.carideal.com\/blog\/type-de-vehicule\/utilitaire\/\">fourgon<\/a> ou utilitaire. Ces pneus sp\u00e9ciaux ne r\u00e9pondent pas aux m\u00eame besoin, et doivent supporter plus de poids et r\u00e9sister \u00e0 l'\u00e9chauffement en charge.<\/p>\n<p>Enfin lors du remplacement de vos pneus usag\u00e9s, par notre promotion de pneu Michelin pas cher, nous v\u00e9rifions aussi l'\u00e9tat d'usure des disque et plaquettes de frein et vous faisons b\u00e9n\u00e9ficier de nos prix sp\u00e9ciaux si besoins.<\/p>\n","protected":false},"excerpt":{"rendered":"<p>Pneu Michelin pas cher Profitez de nos offres de \u00a0pneus pas cher et achetez, pendant nos promos pneus, 2 ou 4 pneus MICHELIN pas chers, de m\u00eame dimensions et de m\u00eame gamme, mont\u00e9s et \u00e9quilibr\u00e9s (tourisme, 4&#215;4, camionette, \u00e9t\u00e9 ou hiver) dans notre garage automobile Contactez-nous pour un devis ou plus de renseignement sur les &#8230; <a title=\"Pneu Michelin pas cher\" class=\"read-more\" href=\"https:\/\/www.carideal.com\/blog\/garage-automobile\/pneu\/pneu-michelin-pas-cher\/\" aria-label=\"En savoir plus sur Pneu Michelin pas cher\">Lire plus<\/a><\/p>\n","protected":false},"author":3,"featured_media":14524,"parent":13989,"menu_order":0,"comment_status":"closed","ping_status":"closed","template":"","meta":{"_uag_custom_page_level_css":"","_themeisle_gutenberg_block_has_review":false,"footnotes":""},"class_list":["post-14523","page","type-page","status-publish","has-post-thumbnail"],"wppr_data":{"cwp_meta_box_check":"No"},"yoast_head":"<!-- This site is optimized with the Yoast SEO plugin v24.8.1 - https:\/\/yoast.com\/wordpress\/plugins\/seo\/ -->\n<title>Pneu Michelin pas cher - Blog auto Carid\u00e9al<\/title>\n<meta name=\"description\" content=\"Profitez de nos offres de pneu Michelin pas cher et achetez pendant nos promos de pneus, 2 ou 4 pneus MICHELIN pas cher et faites les poser au garage\" \/>\n<meta name=\"robots\" content=\"index, follow, max-snippet:-1, max-image-preview:large, max-video-preview:-1\" \/>\n<link rel=\"canonical\" href=\"https:\/\/www.carideal.com\/blog\/garage-automobile\/pneu\/pneu-michelin-pas-cher\/\" \/>\n<meta property=\"og:locale\" content=\"fr_FR\" \/>\n<meta property=\"og:type\" content=\"article\" \/>\n<meta property=\"og:title\" content=\"Pneu Michelin pas cher - Blog auto Carid\u00e9al\" \/>\n<meta property=\"og:description\" content=\"Profitez de nos offres de pneu Michelin pas cher et achetez pendant nos promos de pneus, 2 ou 4 pneus MICHELIN pas cher et faites les poser au garage\" \/>\n<meta property=\"og:url\" content=\"https:\/\/www.carideal.com\/blog\/garage-automobile\/pneu\/pneu-michelin-pas-cher\/\" \/>\n<meta property=\"og:site_name\" content=\"Blog auto Carid\u00e9al\" \/>\n<meta property=\"article:publisher\" content=\"https:\/\/www.facebook.com\/Carideal.mandataire.automobile\" \/>\n<meta property=\"article:modified_time\" content=\"2020-01-27T19:02:11+00:00\" \/>\n<meta property=\"og:image\" content=\"https:\/\/www.carideal.com\/blog\/wp-content\/uploads\/2016\/12\/pneu-michelin-pas-cher.png\" \/>\n\t<meta property=\"og:image:width\" content=\"290\" \/>\n\t<meta property=\"og:image:height\" content=\"400\" \/>\n\t<meta property=\"og:image:type\" content=\"image\/png\" \/>\n<meta name=\"twitter:card\" content=\"summary_large_image\" \/>\n<meta name=\"twitter:site\" content=\"@caridealauto\" \/>\n<meta name=\"twitter:label1\" content=\"Dur\u00e9e de lecture estim\u00e9e\" \/>\n\t<meta name=\"twitter:data1\" content=\"2 minutes\" \/>\n<script type=\"application\/ld+json\" class=\"yoast-schema-graph\">{\"@context\":\"https:\/\/schema.org\",\"@graph\":[{\"@type\":\"WebPage\",\"@id\":\"https:\/\/www.carideal.com\/blog\/garage-automobile\/pneu\/pneu-michelin-pas-cher\/\",\"url\":\"https:\/\/www.carideal.com\/blog\/garage-automobile\/pneu\/pneu-michelin-pas-cher\/\",\"name\":\"Pneu Michelin pas cher - Blog auto Carid\u00e9al\",\"isPartOf\":{\"@id\":\"https:\/\/www.carideal.com\/blog\/#website\"},\"primaryImageOfPage\":{\"@id\":\"https:\/\/www.carideal.com\/blog\/garage-automobile\/pneu\/pneu-michelin-pas-cher\/#primaryimage\"},\"image\":{\"@id\":\"https:\/\/www.carideal.com\/blog\/garage-automobile\/pneu\/pneu-michelin-pas-cher\/#primaryimage\"},\"thumbnailUrl\":\"https:\/\/www.carideal.com\/blog\/wp-content\/uploads\/2016\/12\/pneu-michelin-pas-cher.png\",\"datePublished\":\"2016-12-31T15:51:57+00:00\",\"dateModified\":\"2020-01-27T19:02:11+00:00\",\"description\":\"Profitez de nos offres de pneu Michelin pas cher et achetez pendant nos promos de pneus, 2 ou 4 pneus MICHELIN pas cher et faites les poser au garage\",\"breadcrumb\":{\"@id\":\"https:\/\/www.carideal.com\/blog\/garage-automobile\/pneu\/pneu-michelin-pas-cher\/#breadcrumb\"},\"inLanguage\":\"fr-FR\",\"potentialAction\":[{\"@type\":\"ReadAction\",\"target\":[\"https:\/\/www.carideal.com\/blog\/garage-automobile\/pneu\/pneu-michelin-pas-cher\/\"]}]},{\"@type\":\"ImageObject\",\"inLanguage\":\"fr-FR\",\"@id\":\"https:\/\/www.carideal.com\/blog\/garage-automobile\/pneu\/pneu-michelin-pas-cher\/#primaryimage\",\"url\":\"https:\/\/www.carideal.com\/blog\/wp-content\/uploads\/2016\/12\/pneu-michelin-pas-cher.png\",\"contentUrl\":\"https:\/\/www.carideal.com\/blog\/wp-content\/uploads\/2016\/12\/pneu-michelin-pas-cher.png\",\"width\":290,\"height\":400,\"caption\":\"Pneu Michelin pas cher\"},{\"@type\":\"BreadcrumbList\",\"@id\":\"https:\/\/www.carideal.com\/blog\/garage-automobile\/pneu\/pneu-michelin-pas-cher\/#breadcrumb\",\"itemListElement\":[{\"@type\":\"ListItem\",\"position\":1,\"name\":\"Blog Carid\u00e9al\",\"item\":\"https:\/\/www.carideal.com\/blog\/\"},{\"@type\":\"ListItem\",\"position\":2,\"name\":\"Garage Automobile\",\"item\":\"https:\/\/www.carideal.com\/blog\/garage-automobile\/\"},{\"@type\":\"ListItem\",\"position\":3,\"name\":\"Pneu\",\"item\":\"https:\/\/www.carideal.com\/blog\/garage-automobile\/pneu\/\"},{\"@type\":\"ListItem\",\"position\":4,\"name\":\"Pneu Michelin pas cher\"}]},{\"@type\":\"WebSite\",\"@id\":\"https:\/\/www.carideal.com\/blog\/#website\",\"url\":\"https:\/\/www.carideal.com\/blog\/\",\"name\":\"Blog auto Carid\u00e9al\",\"description\":\"Actualit\u00e9 auto par des passionn\u00e9s\",\"publisher\":{\"@id\":\"https:\/\/www.carideal.com\/blog\/#organization\"},\"potentialAction\":[{\"@type\":\"SearchAction\",\"target\":{\"@type\":\"EntryPoint\",\"urlTemplate\":\"https:\/\/www.carideal.com\/blog\/?s={search_term_string}\"},\"query-input\":{\"@type\":\"PropertyValueSpecification\",\"valueRequired\":true,\"valueName\":\"search_term_string\"}}],\"inLanguage\":\"fr-FR\"},{\"@type\":\"Organization\",\"@id\":\"https:\/\/www.carideal.com\/blog\/#organization\",\"name\":\"Carideal\",\"url\":\"https:\/\/www.carideal.com\/blog\/\",\"logo\":{\"@type\":\"ImageObject\",\"inLanguage\":\"fr-FR\",\"@id\":\"https:\/\/www.carideal.com\/blog\/#\/schema\/logo\/image\/\",\"url\":\"http:\/\/www.carideal.com\/blog\/wp-content\/uploads\/2016\/03\/logo-carideal-mandataire-automobile.png\",\"contentUrl\":\"http:\/\/www.carideal.com\/blog\/wp-content\/uploads\/2016\/03\/logo-carideal-mandataire-automobile.png\",\"width\":300,\"height\":300,\"caption\":\"Carideal\"},\"image\":{\"@id\":\"https:\/\/www.carideal.com\/blog\/#\/schema\/logo\/image\/\"},\"sameAs\":[\"https:\/\/www.facebook.com\/Carideal.mandataire.automobile\",\"https:\/\/x.com\/caridealauto\",\"https:\/\/www.instagram.com\/carideal1\/\",\"https:\/\/www.linkedin.com\/company\/carideal.com\",\"https:\/\/fr.pinterest.com\/schiavonsas\/\",\"https:\/\/www.youtube.com\/user\/caridealsas\"]}]}<\/script>\n<!-- \/ Yoast SEO plugin. -->","yoast_head_json":{"title":"Pneu Michelin pas cher - Blog auto Carid\u00e9al","description":"Profitez de nos offres de pneu Michelin pas cher et achetez pendant nos promos de pneus, 2 ou 4 pneus MICHELIN pas cher et faites les poser au garage","robots":{"index":"index","follow":"follow","max-snippet":"max-snippet:-1","max-image-preview":"max-image-preview:large","max-video-preview":"max-video-preview:-1"},"canonical":"https:\/\/www.carideal.com\/blog\/garage-automobile\/pneu\/pneu-michelin-pas-cher\/","og_locale":"fr_FR","og_type":"article","og_title":"Pneu Michelin pas cher - Blog auto Carid\u00e9al","og_description":"Profitez de nos offres de pneu Michelin pas cher et achetez pendant nos promos de pneus, 2 ou 4 pneus MICHELIN pas cher et faites les poser au garage","og_url":"https:\/\/www.carideal.com\/blog\/garage-automobile\/pneu\/pneu-michelin-pas-cher\/","og_site_name":"Blog auto Carid\u00e9al","article_publisher":"https:\/\/www.facebook.com\/Carideal.mandataire.automobile","article_modified_time":"2020-01-27T19:02:11+00:00","og_image":[{"width":290,"height":400,"url":"https:\/\/www.carideal.com\/blog\/wp-content\/uploads\/2016\/12\/pneu-michelin-pas-cher.png","type":"image\/png"}],"twitter_card":"summary_large_image","twitter_site":"@caridealauto","twitter_misc":{"Dur\u00e9e de lecture estim\u00e9e":"2 minutes"},"schema":{"@context":"https:\/\/schema.org","@graph":[{"@type":"WebPage","@id":"https:\/\/www.carideal.com\/blog\/garage-automobile\/pneu\/pneu-michelin-pas-cher\/","url":"https:\/\/www.carideal.com\/blog\/garage-automobile\/pneu\/pneu-michelin-pas-cher\/","name":"Pneu Michelin pas cher - Blog auto Carid\u00e9al","isPartOf":{"@id":"https:\/\/www.carideal.com\/blog\/#website"},"primaryImageOfPage":{"@id":"https:\/\/www.carideal.com\/blog\/garage-automobile\/pneu\/pneu-michelin-pas-cher\/#primaryimage"},"image":{"@id":"https:\/\/www.carideal.com\/blog\/garage-automobile\/pneu\/pneu-michelin-pas-cher\/#primaryimage"},"thumbnailUrl":"https:\/\/www.carideal.com\/blog\/wp-content\/uploads\/2016\/12\/pneu-michelin-pas-cher.png","datePublished":"2016-12-31T15:51:57+00:00","dateModified":"2020-01-27T19:02:11+00:00","description":"Profitez de nos offres de pneu Michelin pas cher et achetez pendant nos promos de pneus, 2 ou 4 pneus MICHELIN pas cher et faites les poser au garage","breadcrumb":{"@id":"https:\/\/www.carideal.com\/blog\/garage-automobile\/pneu\/pneu-michelin-pas-cher\/#breadcrumb"},"inLanguage":"fr-FR","potentialAction":[{"@type":"ReadAction","target":["https:\/\/www.carideal.com\/blog\/garage-automobile\/pneu\/pneu-michelin-pas-cher\/"]}]},{"@type":"ImageObject","inLanguage":"fr-FR","@id":"https:\/\/www.carideal.com\/blog\/garage-automobile\/pneu\/pneu-michelin-pas-cher\/#primaryimage","url":"https:\/\/www.carideal.com\/blog\/wp-content\/uploads\/2016\/12\/pneu-michelin-pas-cher.png","contentUrl":"https:\/\/www.carideal.com\/blog\/wp-content\/uploads\/2016\/12\/pneu-michelin-pas-cher.png","width":290,"height":400,"caption":"Pneu Michelin pas cher"},{"@type":"BreadcrumbList","@id":"https:\/\/www.carideal.com\/blog\/garage-automobile\/pneu\/pneu-michelin-pas-cher\/#breadcrumb","itemListElement":[{"@type":"ListItem","position":1,"name":"Blog Carid\u00e9al","item":"https:\/\/www.carideal.com\/blog\/"},{"@type":"ListItem","position":2,"name":"Garage Automobile","item":"https:\/\/www.carideal.com\/blog\/garage-automobile\/"},{"@type":"ListItem","position":3,"name":"Pneu","item":"https:\/\/www.carideal.com\/blog\/garage-automobile\/pneu\/"},{"@type":"ListItem","position":4,"name":"Pneu Michelin pas cher"}]},{"@type":"WebSite","@id":"https:\/\/www.carideal.com\/blog\/#website","url":"https:\/\/www.carideal.com\/blog\/","name":"Blog auto Carid\u00e9al","description":"Actualit\u00e9 auto par des passionn\u00e9s","publisher":{"@id":"https:\/\/www.carideal.com\/blog\/#organization"},"potentialAction":[{"@type":"SearchAction","target":{"@type":"EntryPoint","urlTemplate":"https:\/\/www.carideal.com\/blog\/?s={search_term_string}"},"query-input":{"@type":"PropertyValueSpecification","valueRequired":true,"valueName":"search_term_string"}}],"inLanguage":"fr-FR"},{"@type":"Organization","@id":"https:\/\/www.carideal.com\/blog\/#organization","name":"Carideal","url":"https:\/\/www.carideal.com\/blog\/","logo":{"@type":"ImageObject","inLanguage":"fr-FR","@id":"https:\/\/www.carideal.com\/blog\/#\/schema\/logo\/image\/","url":"http:\/\/www.carideal.com\/blog\/wp-content\/uploads\/2016\/03\/logo-carideal-mandataire-automobile.png","contentUrl":"http:\/\/www.carideal.com\/blog\/wp-content\/uploads\/2016\/03\/logo-carideal-mandataire-automobile.png","width":300,"height":300,"caption":"Carideal"},"image":{"@id":"https:\/\/www.carideal.com\/blog\/#\/schema\/logo\/image\/"},"sameAs":["https:\/\/www.facebook.com\/Carideal.mandataire.automobile","https:\/\/x.com\/caridealauto","https:\/\/www.instagram.com\/carideal1\/","https:\/\/www.linkedin.com\/company\/carideal.com","https:\/\/fr.pinterest.com\/schiavonsas\/","https:\/\/www.youtube.com\/user\/caridealsas"]}]}},"uagb_featured_image_src":{"full":["https:\/\/www.carideal.com\/blog\/wp-content\/uploads\/2016\/12\/pneu-michelin-pas-cher.png",290,400,false],"thumbnail":["https:\/\/www.carideal.com\/blog\/wp-content\/uploads\/2016\/12\/pneu-michelin-pas-cher-150x150.png",150,150,true],"medium":["https:\/\/www.carideal.com\/blog\/wp-content\/uploads\/2016\/12\/pneu-michelin-pas-cher-218x300.png",218,300,true],"medium_large":["https:\/\/www.carideal.com\/blog\/wp-content\/uploads\/2016\/12\/pneu-michelin-pas-cher.png",290,400,false],"large":["https:\/\/www.carideal.com\/blog\/wp-content\/uploads\/2016\/12\/pneu-michelin-pas-cher.png",290,400,false],"1536x1536":["https:\/\/www.carideal.com\/blog\/wp-content\/uploads\/2016\/12\/pneu-michelin-pas-cher.png",290,400,false],"2048x2048":["https:\/\/www.carideal.com\/blog\/wp-content\/uploads\/2016\/12\/pneu-michelin-pas-cher.png",290,400,false],"wppr-widget":["https:\/\/www.carideal.com\/blog\/wp-content\/uploads\/2016\/12\/pneu-michelin-pas-cher.png",36,50,false]},"uagb_author_info":{"display_name":"Nicolas SCHIAVON","author_link":"https:\/\/www.carideal.com\/blog\/author\/nschiavon\/"},"uagb_comment_info":0,"uagb_excerpt":"Pneu Michelin pas cher Profitez de nos offres de \u00a0pneus pas cher et achetez, pendant nos promos pneus, 2 ou 4 pneus MICHELIN pas chers, de m\u00eame dimensions et de m\u00eame gamme, mont\u00e9s et \u00e9quilibr\u00e9s (tourisme, 4x4, camionette, \u00e9t\u00e9 ou hiver) dans notre garage automobile Contactez-nous pour un devis ou plus de renseignement sur les\u2026","_links":{"self":[{"href":"https:\/\/www.carideal.com\/blog\/wp-json\/wp\/v2\/pages\/14523"}],"collection":[{"href":"https:\/\/www.carideal.com\/blog\/wp-json\/wp\/v2\/pages"}],"about":[{"href":"https:\/\/www.carideal.com\/blog\/wp-json\/wp\/v2\/types\/page"}],"author":[{"embeddable":true,"href":"https:\/\/www.carideal.com\/blog\/wp-json\/wp\/v2\/users\/3"}],"replies":[{"embeddable":true,"href":"https:\/\/www.carideal.com\/blog\/wp-json\/wp\/v2\/comments?post=14523"}],"version-history":[{"count":0,"href":"https:\/\/www.carideal.com\/blog\/wp-json\/wp\/v2\/pages\/14523\/revisions"}],"up":[{"embeddable":true,"href":"https:\/\/www.carideal.com\/blog\/wp-json\/wp\/v2\/pages\/13989"}],"wp:featuredmedia":[{"embeddable":true,"href":"https:\/\/www.carideal.com\/blog\/wp-json\/wp\/v2\/media\/14524"}],"wp:attachment":[{"href":"https:\/\/www.carideal.com\/blog\/wp-json\/wp\/v2\/media?parent=14523"}],"curies":[{"name":"wp","href":"https:\/\/api.w.org\/{rel}","templated":true}]}}