{"id":14497,"date":"2016-12-30T16:32:31","date_gmt":"2016-12-30T15:32:31","guid":{"rendered":"http:\/\/www.carideal.com\/blog\/?page_id=14497"},"modified":"2020-03-07T16:30:36","modified_gmt":"2020-03-07T15:30:36","slug":"ssangyong","status":"publish","type":"page","link":"https:\/\/www.carideal.com\/blog\/marque-de-voiture-actualites-essais\/ssangyong\/","title":{"rendered":"SSANGYONG &#8211; Actualit\u00e9 essais neuve et occasion"},"content":{"rendered":"<h2><strong>SSANGYONG<\/strong><\/h2>\n<table border=\"1\" width=\"75%\" cellspacing=\"0\" cellpadding=\"4\">\n<tbody>\n<tr valign=\"TOP\">\n<td style=\"text-align: center;\" width=\"10%\"><a href=\"http:\/\/www.carideal.com\/blog\/marque-de-voiture-actualites-essais\/ssangyong\/\">Infos sur\u00a0Ssangyong<\/a><\/td>\n<td style=\"text-align: center;\" width=\"10%\"><a href=\"http:\/\/www.carideal.com\/blog\/constructeur\/actualite-ssangyong\/\">Actualit\u00e9<\/a><\/td>\n<td style=\"text-align: center;\" width=\"10%\"><a href=\"http:\/\/www.carideal.com\/blog\/essai\/essais-ssangyong\/\">Essais<\/a><\/td>\n<td style=\"text-align: center;\" width=\"10%\">Voiture d'occasion<\/td>\n<td style=\"text-align: center;\" width=\"10%\">Voiture neuve<\/td>\n<td style=\"text-align: center;\" width=\"10%\">Prix du neuf<\/td>\n<td style=\"text-align: center;\" width=\"10%\"><a href=\"http:\/\/www.carideal.com\/blog\/tag\/guide-achat\/?=giulia\">Guide d'achat<\/a><\/td>\n<\/tr>\n<\/tbody>\n<\/table>\n<p>Parmi toutes les marques prestigieuses, Carideal.com se devait de mettre en avant Ssangyong. Vous trouvrez sur notre site web les informations sur la marque Ssangyong\u00a0et ses mod\u00e8les. Vous trouvrez les diff\u00e9rents essais, les actualit\u00e9s et fiches techniques de la marque Ssangyong\u00a0ainsi que les annonces auto de la marque Ssangyong. Nous mettrons tout en oeuvre pour vous donner le maximum d'informations sur la marque Ssangyong.<\/p>\n<h2>Liste des mod\u00e8les\u00a0Ssangyong<\/h2>\n<table border=\"0\" width=\"100%\" cellspacing=\"0\" cellpadding=\"0\">\n<tbody>\n<tr valign=\"TOP\">\n<td width=\"25%\"><\/td>\n<td width=\"25%\"><\/td>\n<td width=\"25%\"><\/td>\n<\/tr>\n<tr valign=\"TOP\">\n<td width=\"25%\">\n<p style=\"text-align: center;\" align=\"CENTER\">SSANGYONG ACTYON<\/p>\n<\/td>\n<td style=\"text-align: center;\" width=\"25%\">SSANGYONG FAMILY<\/td>\n<td style=\"text-align: center;\" width=\"25%\">SSANGYONG KORANDO<\/td>\n<td style=\"text-align: center;\" width=\"25%\">SSANGYONG KYRON<\/td>\n<\/tr>\n<tr valign=\"TOP\">\n<td width=\"25%\"><\/td>\n<td width=\"25%\"><\/td>\n<td width=\"25%\"><\/td>\n<td width=\"25%\">\n<p><figure id=\"attachment_14498\" aria-describedby=\"caption-attachment-14498\" style=\"width: 190px\" class=\"wp-caption aligncenter\"><a href=\"http:\/\/www.carideal.com\/blog\/wp-content\/uploads\/2016\/12\/ssangyong-tivoli.png\"><img loading=\"lazy\" decoding=\"async\" class=\"size-full wp-image-14498\" src=\"http:\/\/www.carideal.com\/blog\/wp-content\/uploads\/2016\/12\/ssangyong-tivoli.png\" alt=\"Ssangyong Tivoli\" width=\"200\" height=\"93\" srcset=\"https:\/\/www.carideal.com\/blog\/wp-content\/uploads\/2016\/12\/ssangyong-tivoli.png 200w, https:\/\/www.carideal.com\/blog\/wp-content\/uploads\/2016\/12\/ssangyong-tivoli-110x51.png 110w, https:\/\/www.carideal.com\/blog\/wp-content\/uploads\/2016\/12\/ssangyong-tivoli-50x23.png 50w\" sizes=\"(max-width: 200px) 100vw, 200px\" \/><\/a><figcaption id=\"caption-attachment-14498\" class=\"wp-caption-text\">Ssangyong Tivoli<\/figcaption><\/figure><\/td>\n<\/tr>\n<tr valign=\"TOP\">\n<td style=\"text-align: center;\" width=\"25%\">\u00a0SSANGYONG MUSSO<\/td>\n<td style=\"text-align: center;\" width=\"25%\">\u00a0SSANGYONG REXTON<\/td>\n<td style=\"text-align: center;\" width=\"25%\">\u00a0SSANGYONG RODIUS<\/td>\n<td style=\"text-align: center;\" width=\"25%\">\u00a0SSANGYONG TIVOLI<\/td>\n<\/tr>\n<tr valign=\"TOP\">\n<td width=\"25%\"><\/td>\n<td width=\"25%\"><\/td>\n<td width=\"25%\"><\/td>\n<td width=\"25%\"><\/td>\n<\/tr>\n<tr valign=\"TOP\">\n<td style=\"text-align: center;\" width=\"25%\">\u00a0SSANGYONG TIVOLI XLV<\/td>\n<td width=\"25%\"><\/td>\n<td width=\"25%\"><\/td>\n<td width=\"25%\"><\/td>\n<\/tr>\n<tr valign=\"TOP\">\n<td width=\"25%\"><\/td>\n<td width=\"25%\"><\/td>\n<td width=\"25%\"><\/td>\n<\/tr>\n<tr valign=\"TOP\">\n<td style=\"text-align: center;\" width=\"25%\"><\/td>\n<td width=\"25%\"><\/td>\n<td width=\"25%\"><\/td>\n<td width=\"25%\"><\/td>\n<\/tr>\n<tr valign=\"TOP\">\n<td width=\"25%\"><\/td>\n<td width=\"25%\"><\/td>\n<\/tr>\n<tr valign=\"TOP\">\n<td style=\"text-align: center;\" width=\"25%\"><\/td>\n<td width=\"25%\"><\/td>\n<td width=\"25%\"><\/td>\n<td width=\"25%\"><\/td>\n<\/tr>\n<\/tbody>\n<\/table>\n<h2>Actualit\u00e9s\u00a0Ssangyong<\/h2>\n<ul class=\"lcp_catlist\" id=\"lcp_instance_0\"><li><a href=\"https:\/\/www.carideal.com\/blog\/2015\/07\/30\/ssangyong-tivoli-nouveau-suv-urbain\/\">SSANGYONG Tivoli le nouveau SUV Urbain<\/a><div class=\"lcp_excerpt\">SSANGYONG Tivoli le nouveau SUV Urbain \nSsangyong pr\u00e9sente\u00a0son nouveau SUV urbain Tivoli, un design v\u00e9ritablement avant-gardiste associant luxe, style et performance \u00e0 un prix aussi confortable que sa conduite. Le Ssangyong Tivoli est propos\u00e9 \u00e0 partir du prix surprenant de\u00a017490 \u20ac, et dispose d&rsquo;un\u00a0r\u00e9gulateur de vitesse, de la direction assist\u00e9e intelligente et de 7 airbags ...<\/div><\/li><li><a href=\"https:\/\/www.carideal.com\/blog\/2015\/03\/29\/ssangyong-tivoli-evr-concept-car\/\">Ssangyong Tivoli EVR Concept Car<\/a><div class=\"lcp_excerpt\">Ssangyong Tivoli EVR Concept Car \u00e9lectrique\nSsangyong Tivoli EVR Concept Car \u00e9lectrique : Pour bien ancrer son nouveau SUV dans les m\u00e9moires, SsangYong en pr\u00e9sente une version \u00e9lectrique qui enrichira ensuite la gamme Tivoli. Le Tivoli EVR se singularise de ses fr\u00e8res thermiques par ses phares, ses feux, ses jantes et sa calandre et fi dispose ...<\/div><\/li><li><a href=\"https:\/\/www.carideal.com\/blog\/2015\/03\/11\/ssangyong-korando-revient-en-europe\/\">SsangYong Korando revient en Europe<\/a><div class=\"lcp_excerpt\">SsangYong Korando En avant-garde\nRevenu dans le march\u00e9 europ\u00e9en avec un SUV compact int\u00e9res\u00adsant, SsangYong nous promet, d\u00e8s cette ann\u00e9e, une nouveaut\u00e9 par an. Le Korando, exhib\u00e9 dans tous les salons a siffl\u00e9 le d\u00e9but de la partie, en attendant le Tivoli, qui pourrait \u00eatre l&rsquo;une des surprises de Gen\u00e8ve.\nLe petit Cor\u00e9en h\u00e9sitant, aux techniques d&rsquo;une ...<\/div><\/li><li><a href=\"https:\/\/www.carideal.com\/blog\/2014\/02\/14\/essai-ssangyong-korando\/\">Essai SSangyong Korando 2014<\/a><div class=\"lcp_excerpt\">\u00a0Essai du Ssangyong korando 200 e-XDi 2WD 149 ch \u00e0 partir de 22990 \u20ac\nA l&rsquo;inverse de Kia ou de Hyundai, Ssangyong n&rsquo;arrive pas \u00e0 faire son trou en France faute \u00e0 des mod\u00e8les pas adapt\u00e9s. Pourtant depuis 2010 Ssangyong propose le Korando dans le segment tr\u00e8s pris\u00e9 des SUV Compactes. Si ses moteurs diesels sont ...<\/div><\/li><li><a href=\"https:\/\/www.carideal.com\/blog\/2013\/07\/24\/ssangyong-siv-1-concept-car\/\">Ssangyong SIV-1 concept car<\/a><div class=\"lcp_excerpt\">Le concept car Ssangyong SIV-1\nCe concept car annonce le renouveau stylistique de la marque Ssangyong, avec un gabarit de 4.50m qui le situe entre le Korando, 4.41m, et le nouveau Rexton W de 4.76m.\nAu salon de l&rsquo;automobile de Gen\u00e8ve 2013, Ssangyong a d\u00e9voil\u00e9 le concept SIV-1, la derni\u00e8re \u00e9volution du projet de SUV premium de ...<\/div><\/li><li><a href=\"https:\/\/www.carideal.com\/blog\/2013\/07\/23\/ssangyong-rodius-2014\/\">Ssangyong Rodius 2014 &#8211; Essais<\/a><div class=\"lcp_excerpt\">Le nouveau Ssangyong Rodius 2014\nLe nouveau Ssangyong Rodius 2014 sera commercialis\u00e9 au mois d&rsquo;octobre, en remplacement de l&rsquo;ancienne version qui n&rsquo;a pas su trouver son public en Europe. Long de 5.13m, il propose 7 places et la transmission 4&#215;4.\nIl sera \u00e9quip\u00e9 d&rsquo;un moteur diesel de 155 ch pour un prix de d\u00e9part de 24000 \u20ac ...<\/div><\/li><li><a href=\"https:\/\/www.carideal.com\/blog\/2012\/04\/26\/ssangyong-xiv-2-concept-car\/\">SSANGYONG XIV-2 concept car<\/a><div class=\"lcp_excerpt\">Un style r\u00e9ussi pour ce petit SUV SSANGYONG le XIV-2\nCe concept car XIV-2 pr\u00e9figure un futur petit v\u00e9hicule de loisirs compact qui devrait voir le jour sous le Korando de 4.41m. Pour cela Le constructeur SSANGYONG d\u00e9veloppe une plateforme sp\u00e9cifique et il devrait recevoir des moteur de type L4 1.6 aussi bien en essence qu&rsquo;en ...<\/div><\/li><\/ul>\n<p><a href=\"http:\/\/www.carideal.com\/blog\/constructeur\/actualite-ssangyong\/\">TOUTES\u00a0LES\u00a0ACTUALIT\u00c9S\u00a0SSANGYONG<\/a><\/p>\n<h2>Essais\u00a0Ssangyong<\/h2>\n<ul class=\"lcp_catlist\" id=\"lcp_instance_0\"><li><a href=\"https:\/\/www.carideal.com\/blog\/2015\/03\/11\/ssangyong-korando-revient-en-europe\/\">SsangYong Korando revient en Europe<\/a><div class=\"lcp_excerpt\">SsangYong Korando En avant-garde\nRevenu dans le march\u00e9 europ\u00e9en avec un SUV compact int\u00e9res\u00adsant, SsangYong nous promet, d\u00e8s cette ann\u00e9e, une nouveaut\u00e9 par an. Le Korando, exhib\u00e9 dans tous les salons a siffl\u00e9 le d\u00e9but de la partie, en attendant le Tivoli, qui pourrait \u00eatre l&rsquo;une des surprises de Gen\u00e8ve.\nLe petit Cor\u00e9en h\u00e9sitant, aux techniques d&rsquo;une ...<\/div><\/li><li><a href=\"https:\/\/www.carideal.com\/blog\/2014\/02\/14\/essai-ssangyong-korando\/\">Essai SSangyong Korando 2014<\/a><div class=\"lcp_excerpt\">\u00a0Essai du Ssangyong korando 200 e-XDi 2WD 149 ch \u00e0 partir de 22990 \u20ac\nA l&rsquo;inverse de Kia ou de Hyundai, Ssangyong n&rsquo;arrive pas \u00e0 faire son trou en France faute \u00e0 des mod\u00e8les pas adapt\u00e9s. Pourtant depuis 2010 Ssangyong propose le Korando dans le segment tr\u00e8s pris\u00e9 des SUV Compactes. Si ses moteurs diesels sont ...<\/div><\/li><li><a href=\"https:\/\/www.carideal.com\/blog\/2013\/07\/23\/ssangyong-rodius-2014\/\">Ssangyong Rodius 2014 &#8211; Essais<\/a><div class=\"lcp_excerpt\">Le nouveau Ssangyong Rodius 2014\nLe nouveau Ssangyong Rodius 2014 sera commercialis\u00e9 au mois d&rsquo;octobre, en remplacement de l&rsquo;ancienne version qui n&rsquo;a pas su trouver son public en Europe. Long de 5.13m, il propose 7 places et la transmission 4&#215;4.\nIl sera \u00e9quip\u00e9 d&rsquo;un moteur diesel de 155 ch pour un prix de d\u00e9part de 24000 \u20ac ...<\/div><\/li><\/ul>\n<p><a href=\"http:\/\/www.carideal.com\/blog\/essai\/essais-ssangyong\/\">TOUS\u00a0LES\u00a0ESSAIS\u00a0SSANGYONG<\/a><\/p>\n","protected":false},"excerpt":{"rendered":"<p>SSANGYONG Infos sur\u00a0Ssangyong Actualit\u00e9 Essais Voiture d&rsquo;occasion Voiture neuve Prix du neuf Guide d&rsquo;achat Parmi toutes les marques prestigieuses, Carideal.com se devait de mettre en avant Ssangyong. Vous trouvrez sur notre site web les informations sur la marque Ssangyong\u00a0et ses mod\u00e8les. Vous trouvrez les diff\u00e9rents essais, les actualit\u00e9s et fiches techniques de la marque Ssangyong\u00a0ainsi &#8230; <a title=\"SSANGYONG &#8211; Actualit\u00e9 essais neuve et occasion\" class=\"read-more\" href=\"https:\/\/www.carideal.com\/blog\/marque-de-voiture-actualites-essais\/ssangyong\/\" aria-label=\"En savoir plus sur SSANGYONG &#8211; Actualit\u00e9 essais neuve et occasion\">Lire plus<\/a><\/p>\n","protected":false},"author":3,"featured_media":0,"parent":13389,"menu_order":0,"comment_status":"closed","ping_status":"closed","template":"","meta":{"_uag_custom_page_level_css":"","_themeisle_gutenberg_block_has_review":false,"footnotes":""},"class_list":["post-14497","page","type-page","status-publish"],"wppr_data":{"cwp_meta_box_check":"No"},"yoast_head":"<!-- This site is optimized with the Yoast SEO plugin v24.8.1 - https:\/\/yoast.com\/wordpress\/plugins\/seo\/ -->\n<title>SSANGYONG - Actualit\u00e9 essais neuve et occasion - Blog auto Carid\u00e9al<\/title>\n<meta name=\"description\" content=\"Parmi toutes les marques prestigieuses, Carideal.com se devait de mettre en avant Ssangyong. Vous trouvrez sur notre site web les informations sur la marque\" \/>\n<meta name=\"robots\" content=\"index, follow, max-snippet:-1, max-image-preview:large, max-video-preview:-1\" \/>\n<link rel=\"canonical\" href=\"https:\/\/www.carideal.com\/blog\/marque-de-voiture-actualites-essais\/ssangyong\/\" \/>\n<meta property=\"og:locale\" content=\"fr_FR\" \/>\n<meta property=\"og:type\" content=\"article\" \/>\n<meta property=\"og:title\" content=\"SSANGYONG - Actualit\u00e9 essais neuve et occasion - Blog auto Carid\u00e9al\" \/>\n<meta property=\"og:description\" content=\"Parmi toutes les marques prestigieuses, Carideal.com se devait de mettre en avant Ssangyong. Vous trouvrez sur notre site web les informations sur la marque\" \/>\n<meta property=\"og:url\" content=\"https:\/\/www.carideal.com\/blog\/marque-de-voiture-actualites-essais\/ssangyong\/\" \/>\n<meta property=\"og:site_name\" content=\"Blog auto Carid\u00e9al\" \/>\n<meta property=\"article:publisher\" content=\"https:\/\/www.facebook.com\/Carideal.mandataire.automobile\" \/>\n<meta property=\"article:modified_time\" content=\"2020-03-07T15:30:36+00:00\" \/>\n<meta property=\"og:image\" content=\"http:\/\/www.carideal.com\/blog\/wp-content\/uploads\/2016\/12\/ssangyong-tivoli.png\" \/>\n<meta name=\"twitter:card\" content=\"summary_large_image\" \/>\n<meta name=\"twitter:site\" content=\"@caridealauto\" \/>\n<meta name=\"twitter:label1\" content=\"Dur\u00e9e de lecture estim\u00e9e\" \/>\n\t<meta name=\"twitter:data1\" content=\"1 minute\" \/>\n<script type=\"application\/ld+json\" class=\"yoast-schema-graph\">{\"@context\":\"https:\/\/schema.org\",\"@graph\":[{\"@type\":\"WebPage\",\"@id\":\"https:\/\/www.carideal.com\/blog\/marque-de-voiture-actualites-essais\/ssangyong\/\",\"url\":\"https:\/\/www.carideal.com\/blog\/marque-de-voiture-actualites-essais\/ssangyong\/\",\"name\":\"SSANGYONG - Actualit\u00e9 essais neuve et occasion - Blog auto Carid\u00e9al\",\"isPartOf\":{\"@id\":\"https:\/\/www.carideal.com\/blog\/#website\"},\"primaryImageOfPage\":{\"@id\":\"https:\/\/www.carideal.com\/blog\/marque-de-voiture-actualites-essais\/ssangyong\/#primaryimage\"},\"image\":{\"@id\":\"https:\/\/www.carideal.com\/blog\/marque-de-voiture-actualites-essais\/ssangyong\/#primaryimage\"},\"thumbnailUrl\":\"http:\/\/www.carideal.com\/blog\/wp-content\/uploads\/2016\/12\/ssangyong-tivoli.png\",\"datePublished\":\"2016-12-30T15:32:31+00:00\",\"dateModified\":\"2020-03-07T15:30:36+00:00\",\"description\":\"Parmi toutes les marques prestigieuses, Carideal.com se devait de mettre en avant Ssangyong. Vous trouvrez sur notre site web les informations sur la marque\",\"breadcrumb\":{\"@id\":\"https:\/\/www.carideal.com\/blog\/marque-de-voiture-actualites-essais\/ssangyong\/#breadcrumb\"},\"inLanguage\":\"fr-FR\",\"potentialAction\":[{\"@type\":\"ReadAction\",\"target\":[\"https:\/\/www.carideal.com\/blog\/marque-de-voiture-actualites-essais\/ssangyong\/\"]}]},{\"@type\":\"ImageObject\",\"inLanguage\":\"fr-FR\",\"@id\":\"https:\/\/www.carideal.com\/blog\/marque-de-voiture-actualites-essais\/ssangyong\/#primaryimage\",\"url\":\"http:\/\/www.carideal.com\/blog\/wp-content\/uploads\/2016\/12\/ssangyong-tivoli.png\",\"contentUrl\":\"http:\/\/www.carideal.com\/blog\/wp-content\/uploads\/2016\/12\/ssangyong-tivoli.png\"},{\"@type\":\"BreadcrumbList\",\"@id\":\"https:\/\/www.carideal.com\/blog\/marque-de-voiture-actualites-essais\/ssangyong\/#breadcrumb\",\"itemListElement\":[{\"@type\":\"ListItem\",\"position\":1,\"name\":\"Blog Carid\u00e9al\",\"item\":\"https:\/\/www.carideal.com\/blog\/\"},{\"@type\":\"ListItem\",\"position\":2,\"name\":\"Marque de voiture\",\"item\":\"https:\/\/www.carideal.com\/blog\/marque-de-voiture-actualites-essais\/\"},{\"@type\":\"ListItem\",\"position\":3,\"name\":\"Ssangyong\"}]},{\"@type\":\"WebSite\",\"@id\":\"https:\/\/www.carideal.com\/blog\/#website\",\"url\":\"https:\/\/www.carideal.com\/blog\/\",\"name\":\"Blog auto Carid\u00e9al\",\"description\":\"Actualit\u00e9 auto par des passionn\u00e9s\",\"publisher\":{\"@id\":\"https:\/\/www.carideal.com\/blog\/#organization\"},\"potentialAction\":[{\"@type\":\"SearchAction\",\"target\":{\"@type\":\"EntryPoint\",\"urlTemplate\":\"https:\/\/www.carideal.com\/blog\/?s={search_term_string}\"},\"query-input\":{\"@type\":\"PropertyValueSpecification\",\"valueRequired\":true,\"valueName\":\"search_term_string\"}}],\"inLanguage\":\"fr-FR\"},{\"@type\":\"Organization\",\"@id\":\"https:\/\/www.carideal.com\/blog\/#organization\",\"name\":\"Carideal\",\"url\":\"https:\/\/www.carideal.com\/blog\/\",\"logo\":{\"@type\":\"ImageObject\",\"inLanguage\":\"fr-FR\",\"@id\":\"https:\/\/www.carideal.com\/blog\/#\/schema\/logo\/image\/\",\"url\":\"http:\/\/www.carideal.com\/blog\/wp-content\/uploads\/2016\/03\/logo-carideal-mandataire-automobile.png\",\"contentUrl\":\"http:\/\/www.carideal.com\/blog\/wp-content\/uploads\/2016\/03\/logo-carideal-mandataire-automobile.png\",\"width\":300,\"height\":300,\"caption\":\"Carideal\"},\"image\":{\"@id\":\"https:\/\/www.carideal.com\/blog\/#\/schema\/logo\/image\/\"},\"sameAs\":[\"https:\/\/www.facebook.com\/Carideal.mandataire.automobile\",\"https:\/\/x.com\/caridealauto\",\"https:\/\/www.instagram.com\/carideal1\/\",\"https:\/\/www.linkedin.com\/company\/carideal.com\",\"https:\/\/fr.pinterest.com\/schiavonsas\/\",\"https:\/\/www.youtube.com\/user\/caridealsas\"]}]}<\/script>\n<!-- \/ Yoast SEO plugin. -->","yoast_head_json":{"title":"SSANGYONG - Actualit\u00e9 essais neuve et occasion - Blog auto Carid\u00e9al","description":"Parmi toutes les marques prestigieuses, Carideal.com se devait de mettre en avant Ssangyong. Vous trouvrez sur notre site web les informations sur la marque","robots":{"index":"index","follow":"follow","max-snippet":"max-snippet:-1","max-image-preview":"max-image-preview:large","max-video-preview":"max-video-preview:-1"},"canonical":"https:\/\/www.carideal.com\/blog\/marque-de-voiture-actualites-essais\/ssangyong\/","og_locale":"fr_FR","og_type":"article","og_title":"SSANGYONG - Actualit\u00e9 essais neuve et occasion - Blog auto Carid\u00e9al","og_description":"Parmi toutes les marques prestigieuses, Carideal.com se devait de mettre en avant Ssangyong. Vous trouvrez sur notre site web les informations sur la marque","og_url":"https:\/\/www.carideal.com\/blog\/marque-de-voiture-actualites-essais\/ssangyong\/","og_site_name":"Blog auto Carid\u00e9al","article_publisher":"https:\/\/www.facebook.com\/Carideal.mandataire.automobile","article_modified_time":"2020-03-07T15:30:36+00:00","og_image":[{"url":"http:\/\/www.carideal.com\/blog\/wp-content\/uploads\/2016\/12\/ssangyong-tivoli.png","type":"","width":"","height":""}],"twitter_card":"summary_large_image","twitter_site":"@caridealauto","twitter_misc":{"Dur\u00e9e de lecture estim\u00e9e":"1 minute"},"schema":{"@context":"https:\/\/schema.org","@graph":[{"@type":"WebPage","@id":"https:\/\/www.carideal.com\/blog\/marque-de-voiture-actualites-essais\/ssangyong\/","url":"https:\/\/www.carideal.com\/blog\/marque-de-voiture-actualites-essais\/ssangyong\/","name":"SSANGYONG - Actualit\u00e9 essais neuve et occasion - Blog auto Carid\u00e9al","isPartOf":{"@id":"https:\/\/www.carideal.com\/blog\/#website"},"primaryImageOfPage":{"@id":"https:\/\/www.carideal.com\/blog\/marque-de-voiture-actualites-essais\/ssangyong\/#primaryimage"},"image":{"@id":"https:\/\/www.carideal.com\/blog\/marque-de-voiture-actualites-essais\/ssangyong\/#primaryimage"},"thumbnailUrl":"http:\/\/www.carideal.com\/blog\/wp-content\/uploads\/2016\/12\/ssangyong-tivoli.png","datePublished":"2016-12-30T15:32:31+00:00","dateModified":"2020-03-07T15:30:36+00:00","description":"Parmi toutes les marques prestigieuses, Carideal.com se devait de mettre en avant Ssangyong. Vous trouvrez sur notre site web les informations sur la marque","breadcrumb":{"@id":"https:\/\/www.carideal.com\/blog\/marque-de-voiture-actualites-essais\/ssangyong\/#breadcrumb"},"inLanguage":"fr-FR","potentialAction":[{"@type":"ReadAction","target":["https:\/\/www.carideal.com\/blog\/marque-de-voiture-actualites-essais\/ssangyong\/"]}]},{"@type":"ImageObject","inLanguage":"fr-FR","@id":"https:\/\/www.carideal.com\/blog\/marque-de-voiture-actualites-essais\/ssangyong\/#primaryimage","url":"http:\/\/www.carideal.com\/blog\/wp-content\/uploads\/2016\/12\/ssangyong-tivoli.png","contentUrl":"http:\/\/www.carideal.com\/blog\/wp-content\/uploads\/2016\/12\/ssangyong-tivoli.png"},{"@type":"BreadcrumbList","@id":"https:\/\/www.carideal.com\/blog\/marque-de-voiture-actualites-essais\/ssangyong\/#breadcrumb","itemListElement":[{"@type":"ListItem","position":1,"name":"Blog Carid\u00e9al","item":"https:\/\/www.carideal.com\/blog\/"},{"@type":"ListItem","position":2,"name":"Marque de voiture","item":"https:\/\/www.carideal.com\/blog\/marque-de-voiture-actualites-essais\/"},{"@type":"ListItem","position":3,"name":"Ssangyong"}]},{"@type":"WebSite","@id":"https:\/\/www.carideal.com\/blog\/#website","url":"https:\/\/www.carideal.com\/blog\/","name":"Blog auto Carid\u00e9al","description":"Actualit\u00e9 auto par des passionn\u00e9s","publisher":{"@id":"https:\/\/www.carideal.com\/blog\/#organization"},"potentialAction":[{"@type":"SearchAction","target":{"@type":"EntryPoint","urlTemplate":"https:\/\/www.carideal.com\/blog\/?s={search_term_string}"},"query-input":{"@type":"PropertyValueSpecification","valueRequired":true,"valueName":"search_term_string"}}],"inLanguage":"fr-FR"},{"@type":"Organization","@id":"https:\/\/www.carideal.com\/blog\/#organization","name":"Carideal","url":"https:\/\/www.carideal.com\/blog\/","logo":{"@type":"ImageObject","inLanguage":"fr-FR","@id":"https:\/\/www.carideal.com\/blog\/#\/schema\/logo\/image\/","url":"http:\/\/www.carideal.com\/blog\/wp-content\/uploads\/2016\/03\/logo-carideal-mandataire-automobile.png","contentUrl":"http:\/\/www.carideal.com\/blog\/wp-content\/uploads\/2016\/03\/logo-carideal-mandataire-automobile.png","width":300,"height":300,"caption":"Carideal"},"image":{"@id":"https:\/\/www.carideal.com\/blog\/#\/schema\/logo\/image\/"},"sameAs":["https:\/\/www.facebook.com\/Carideal.mandataire.automobile","https:\/\/x.com\/caridealauto","https:\/\/www.instagram.com\/carideal1\/","https:\/\/www.linkedin.com\/company\/carideal.com","https:\/\/fr.pinterest.com\/schiavonsas\/","https:\/\/www.youtube.com\/user\/caridealsas"]}]}},"uagb_featured_image_src":{"full":false,"thumbnail":false,"medium":false,"medium_large":false,"large":false,"1536x1536":false,"2048x2048":false,"wppr-widget":false},"uagb_author_info":{"display_name":"Nicolas SCHIAVON","author_link":"https:\/\/www.carideal.com\/blog\/author\/nschiavon\/"},"uagb_comment_info":0,"uagb_excerpt":"SSANGYONG Infos sur\u00a0Ssangyong Actualit\u00e9 Essais Voiture d'occasion Voiture neuve Prix du neuf Guide d'achat Parmi toutes les marques prestigieuses, Carideal.com se devait de mettre en avant Ssangyong. Vous trouvrez sur notre site web les informations sur la marque Ssangyong\u00a0et ses mod\u00e8les. Vous trouvrez les diff\u00e9rents essais, les actualit\u00e9s et fiches techniques de la marque Ssangyong\u00a0ainsi\u2026","_links":{"self":[{"href":"https:\/\/www.carideal.com\/blog\/wp-json\/wp\/v2\/pages\/14497"}],"collection":[{"href":"https:\/\/www.carideal.com\/blog\/wp-json\/wp\/v2\/pages"}],"about":[{"href":"https:\/\/www.carideal.com\/blog\/wp-json\/wp\/v2\/types\/page"}],"author":[{"embeddable":true,"href":"https:\/\/www.carideal.com\/blog\/wp-json\/wp\/v2\/users\/3"}],"replies":[{"embeddable":true,"href":"https:\/\/www.carideal.com\/blog\/wp-json\/wp\/v2\/comments?post=14497"}],"version-history":[{"count":0,"href":"https:\/\/www.carideal.com\/blog\/wp-json\/wp\/v2\/pages\/14497\/revisions"}],"up":[{"embeddable":true,"href":"https:\/\/www.carideal.com\/blog\/wp-json\/wp\/v2\/pages\/13389"}],"wp:attachment":[{"href":"https:\/\/www.carideal.com\/blog\/wp-json\/wp\/v2\/media?parent=14497"}],"curies":[{"name":"wp","href":"https:\/\/api.w.org\/{rel}","templated":true}]}}