{"id":14273,"date":"2016-12-21T22:48:29","date_gmt":"2016-12-21T21:48:29","guid":{"rendered":"http:\/\/www.carideal.com\/blog\/?page_id=14273"},"modified":"2020-01-28T22:16:33","modified_gmt":"2020-01-28T21:16:33","slug":"ariel","status":"publish","type":"page","link":"https:\/\/www.carideal.com\/blog\/marque-de-voiture-actualites-essais\/ariel\/","title":{"rendered":"ARIEL &#8211; Actualit\u00e9 Essais Avis neuve et occasion"},"content":{"rendered":"<h2>ARIEL - Actualit\u00e9 Essais Avis neuve et occasion<\/h2>\n<p><a href=\"http:\/\/www.carideal.com\/blog\/marque-de-voiture-actualites-essais\/ariel\/\">Infos sur Ariel<\/a> | <a href=\"http:\/\/www.carideal.com\/blog\/constructeur\/ariel\/\">Actualit\u00e9<\/a> |Essais | Voiture d'occasion | Voiture neuve | Prix du neuf | <a href=\"http:\/\/www.carideal.com\/blog\/tag\/guide-achat\/?=ariel\">Guide d'achat<\/a><\/p>\n<p>Parmi toutes les marques prestigieuses, Carideal.com se devait de mettre en avant <strong>Ariel<\/strong>. Vous trouverez sur notre site web les informations sur la marque Ariel et ses mod\u00e8les. Vous trouverez les diff\u00e9rents essais, les actualit\u00e9s et fiches techniques de la marque Ariel ainsi que les annonces auto de la marque Ariel. Nous mettrons tout en \u0153uvre pour vous donner le maximum d'informations sur la marque Ariel.<\/p>\n<h2>Liste des mod\u00e8les\u00a0Ariel<\/h2>\n\n\n<figure class=\"wp-block-table is-style-stripes\"><table class=\"\"><tbody><tr><td>ARIEL ATOM <\/td><td>ARIEL NOMAD <\/td><td>ARIEL\u00a0ACE <\/td><td> <\/td><\/tr><tr><td><img loading=\"lazy\" decoding=\"async\" width=\"150\" height=\"100\" class=\"wp-image-14276\" style=\"width: 150px;\" src=\"http:\/\/www.carideal.com\/blog\/wp-content\/uploads\/2016\/12\/ariel-atom.jpg\" alt=\"Ariel Atom\" srcset=\"https:\/\/www.carideal.com\/blog\/wp-content\/uploads\/2016\/12\/ariel-atom.jpg 200w, https:\/\/www.carideal.com\/blog\/wp-content\/uploads\/2016\/12\/ariel-atom-110x73.jpg 110w, https:\/\/www.carideal.com\/blog\/wp-content\/uploads\/2016\/12\/ariel-atom-50x33.jpg 50w\" sizes=\"(max-width: 150px) 100vw, 150px\" \/><\/td><td><img loading=\"lazy\" decoding=\"async\" width=\"150\" height=\"101\" class=\"wp-image-14279\" style=\"width: 150px;\" src=\"http:\/\/www.carideal.com\/blog\/wp-content\/uploads\/2016\/12\/ariel-nomad.jpg\" alt=\"Ariel Nomad\" srcset=\"https:\/\/www.carideal.com\/blog\/wp-content\/uploads\/2016\/12\/ariel-nomad.jpg 200w, https:\/\/www.carideal.com\/blog\/wp-content\/uploads\/2016\/12\/ariel-nomad-110x74.jpg 110w, https:\/\/www.carideal.com\/blog\/wp-content\/uploads\/2016\/12\/ariel-nomad-50x34.jpg 50w\" sizes=\"(max-width: 150px) 100vw, 150px\" \/><\/td><td><img loading=\"lazy\" decoding=\"async\" width=\"150\" height=\"84\" class=\"wp-image-14280\" style=\"width: 150px;\" src=\"http:\/\/www.carideal.com\/blog\/wp-content\/uploads\/2016\/12\/ariel-ace.jpg\" alt=\"Ariel Ace\" srcset=\"https:\/\/www.carideal.com\/blog\/wp-content\/uploads\/2016\/12\/ariel-ace.jpg 200w, https:\/\/www.carideal.com\/blog\/wp-content\/uploads\/2016\/12\/ariel-ace-110x62.jpg 110w, https:\/\/www.carideal.com\/blog\/wp-content\/uploads\/2016\/12\/ariel-ace-50x28.jpg 50w\" sizes=\"(max-width: 150px) 100vw, 150px\" \/><\/td><td><\/td><\/tr><\/tbody><\/table><\/figure>\n\n\n\n<h2 class=\"wp-block-heading\">Actualit\u00e9s&nbsp;Ariel<\/h2>\n\n\n<ul class=\"lcp_catlist\" id=\"lcp_instance_0\"><li><a href=\"https:\/\/www.carideal.com\/blog\/2014\/10\/25\/une-bete-de-piste-lariel-atom-3-5r\/\">Ariel Atom 3.5R : une b\u00eate de piste<\/a><div class=\"lcp_excerpt\">\nAriel Atom 3.5 R la plus rapide sur circuit\nVoil\u00e0 comment fonctionne (bien !) une Atom 3.5R avec des commentaires tr\u00e8s positifs sur son comportement et la boite (en plus du moteur)\u00a0:\nL&rsquo;intimidant circuit de Castle Combe dans le Wiltshire a \u00e9t\u00e9 l&rsquo;h\u00f4te du magazine Autocar dans sa qu\u00eate pour d\u00e9terminer quelle serait la voiture la plus ...<\/div><\/li><li><a href=\"https:\/\/www.carideal.com\/blog\/2009\/11\/16\/lacteur-jocelyn-quivrin-se-tue-en-voiture-au-volant-de-son-ariel-atom\/\">L&rsquo;acteur Jocelyn Quivrin se tue en voiture au volant de son Ariel Atom<\/a><div class=\"lcp_excerpt\">L&rsquo;acteur Jocelyn Quivrin se tue en voiture au volant de son Ariel Atom\nJocelyn Quivrin l&rsquo;acteur fran\u00e7ais \u00e2g\u00e9 de 30 ans, est d\u00e9c\u00e9d\u00e9 hier dans un accident de voiture. Il semblerait qu&rsquo;il ait perdu le contr\u00f4le de sa voiture, une Ariel, dans le tunnel de Saint Cloud en direction de Paris sur l&rsquo;autoroute A13 vers 23h15.\nC&rsquo;est ...<\/div><\/li><\/ul>\n\n\n\n<p><a href=\"http:\/\/www.carideal.com\/blog\/constructeur\/ariel\/\">TOUTES&nbsp;LES&nbsp;ACTUALIT\u00c9S&nbsp;ARIEL<\/a><\/p>\n\n\n\n<h2 class=\"wp-block-heading\">Essais&nbsp;Ariel<\/h2>\n\n\n\n<p>TOUS&nbsp;LES&nbsp;ESSAIS&nbsp;ARIEL<\/p>\n","protected":false},"excerpt":{"rendered":"<p>ARIEL &#8211; Actualit\u00e9 Essais Avis neuve et occasion Infos sur Ariel | Actualit\u00e9 |Essais | Voiture d&rsquo;occasion | Voiture neuve | Prix du neuf | Guide d&rsquo;achat Parmi toutes les marques prestigieuses, Carideal.com se devait de mettre en avant Ariel. Vous trouverez sur notre site web les informations sur la marque Ariel et ses mod\u00e8les. &#8230; <a title=\"ARIEL &#8211; Actualit\u00e9 Essais Avis neuve et occasion\" class=\"read-more\" href=\"https:\/\/www.carideal.com\/blog\/marque-de-voiture-actualites-essais\/ariel\/\" aria-label=\"En savoir plus sur ARIEL &#8211; Actualit\u00e9 Essais Avis neuve et occasion\">Lire plus<\/a><\/p>\n","protected":false},"author":3,"featured_media":21278,"parent":13389,"menu_order":0,"comment_status":"closed","ping_status":"closed","template":"","meta":{"_uag_custom_page_level_css":"","_themeisle_gutenberg_block_has_review":false,"footnotes":""},"class_list":["post-14273","page","type-page","status-publish","has-post-thumbnail"],"wppr_data":{"cwp_meta_box_check":"No"},"yoast_head":"<!-- This site is optimized with the Yoast SEO plugin v24.8.1 - https:\/\/yoast.com\/wordpress\/plugins\/seo\/ -->\n<title>ARIEL - Actualit\u00e9 Essais Avis neuve et occasion - Blog auto Carid\u00e9al<\/title>\n<meta name=\"description\" content=\"Parmi toutes les marques prestigieuses, Carideal.com se devait de mettre en avant Ariel. Vous trouvrez sur notre site web les informations sur la marque\" \/>\n<meta name=\"robots\" content=\"index, follow, max-snippet:-1, max-image-preview:large, max-video-preview:-1\" \/>\n<link rel=\"canonical\" href=\"https:\/\/www.carideal.com\/blog\/marque-de-voiture-actualites-essais\/ariel\/\" \/>\n<meta property=\"og:locale\" content=\"fr_FR\" \/>\n<meta property=\"og:type\" content=\"article\" \/>\n<meta property=\"og:title\" content=\"ARIEL - Actualit\u00e9 Essais Avis neuve et occasion - Blog auto Carid\u00e9al\" \/>\n<meta property=\"og:description\" content=\"Parmi toutes les marques prestigieuses, Carideal.com se devait de mettre en avant Ariel. Vous trouvrez sur notre site web les informations sur la marque\" \/>\n<meta property=\"og:url\" content=\"https:\/\/www.carideal.com\/blog\/marque-de-voiture-actualites-essais\/ariel\/\" \/>\n<meta property=\"og:site_name\" content=\"Blog auto Carid\u00e9al\" \/>\n<meta property=\"article:publisher\" content=\"https:\/\/www.facebook.com\/Carideal.mandataire.automobile\" \/>\n<meta property=\"article:modified_time\" content=\"2020-01-28T21:16:33+00:00\" \/>\n<meta property=\"og:image\" content=\"https:\/\/www.carideal.com\/blog\/wp-content\/uploads\/2020\/01\/ariel-atom-35r-carideal-mandataire-auto.jpg\" \/>\n\t<meta property=\"og:image:width\" content=\"615\" \/>\n\t<meta property=\"og:image:height\" content=\"347\" \/>\n\t<meta property=\"og:image:type\" content=\"image\/jpeg\" \/>\n<meta name=\"twitter:card\" content=\"summary_large_image\" \/>\n<meta name=\"twitter:site\" content=\"@caridealauto\" \/>\n<meta name=\"twitter:label1\" content=\"Dur\u00e9e de lecture estim\u00e9e\" \/>\n\t<meta name=\"twitter:data1\" content=\"1 minute\" \/>\n<script type=\"application\/ld+json\" class=\"yoast-schema-graph\">{\"@context\":\"https:\/\/schema.org\",\"@graph\":[{\"@type\":\"WebPage\",\"@id\":\"https:\/\/www.carideal.com\/blog\/marque-de-voiture-actualites-essais\/ariel\/\",\"url\":\"https:\/\/www.carideal.com\/blog\/marque-de-voiture-actualites-essais\/ariel\/\",\"name\":\"ARIEL - Actualit\u00e9 Essais Avis neuve et occasion - Blog auto Carid\u00e9al\",\"isPartOf\":{\"@id\":\"https:\/\/www.carideal.com\/blog\/#website\"},\"primaryImageOfPage\":{\"@id\":\"https:\/\/www.carideal.com\/blog\/marque-de-voiture-actualites-essais\/ariel\/#primaryimage\"},\"image\":{\"@id\":\"https:\/\/www.carideal.com\/blog\/marque-de-voiture-actualites-essais\/ariel\/#primaryimage\"},\"thumbnailUrl\":\"https:\/\/www.carideal.com\/blog\/wp-content\/uploads\/2020\/01\/ariel-atom-35r-carideal-mandataire-auto.jpg\",\"datePublished\":\"2016-12-21T21:48:29+00:00\",\"dateModified\":\"2020-01-28T21:16:33+00:00\",\"description\":\"Parmi toutes les marques prestigieuses, Carideal.com se devait de mettre en avant Ariel. Vous trouvrez sur notre site web les informations sur la marque\",\"breadcrumb\":{\"@id\":\"https:\/\/www.carideal.com\/blog\/marque-de-voiture-actualites-essais\/ariel\/#breadcrumb\"},\"inLanguage\":\"fr-FR\",\"potentialAction\":[{\"@type\":\"ReadAction\",\"target\":[\"https:\/\/www.carideal.com\/blog\/marque-de-voiture-actualites-essais\/ariel\/\"]}]},{\"@type\":\"ImageObject\",\"inLanguage\":\"fr-FR\",\"@id\":\"https:\/\/www.carideal.com\/blog\/marque-de-voiture-actualites-essais\/ariel\/#primaryimage\",\"url\":\"https:\/\/www.carideal.com\/blog\/wp-content\/uploads\/2020\/01\/ariel-atom-35r-carideal-mandataire-auto.jpg\",\"contentUrl\":\"https:\/\/www.carideal.com\/blog\/wp-content\/uploads\/2020\/01\/ariel-atom-35r-carideal-mandataire-auto.jpg\",\"width\":615,\"height\":347,\"caption\":\"Ariel\"},{\"@type\":\"BreadcrumbList\",\"@id\":\"https:\/\/www.carideal.com\/blog\/marque-de-voiture-actualites-essais\/ariel\/#breadcrumb\",\"itemListElement\":[{\"@type\":\"ListItem\",\"position\":1,\"name\":\"Blog Carid\u00e9al\",\"item\":\"https:\/\/www.carideal.com\/blog\/\"},{\"@type\":\"ListItem\",\"position\":2,\"name\":\"Marque de voiture\",\"item\":\"https:\/\/www.carideal.com\/blog\/marque-de-voiture-actualites-essais\/\"},{\"@type\":\"ListItem\",\"position\":3,\"name\":\"ARIEL &#8211; Actualit\u00e9 Essais Avis neuve et occasion\"}]},{\"@type\":\"WebSite\",\"@id\":\"https:\/\/www.carideal.com\/blog\/#website\",\"url\":\"https:\/\/www.carideal.com\/blog\/\",\"name\":\"Blog auto Carid\u00e9al\",\"description\":\"Actualit\u00e9 auto par des passionn\u00e9s\",\"publisher\":{\"@id\":\"https:\/\/www.carideal.com\/blog\/#organization\"},\"potentialAction\":[{\"@type\":\"SearchAction\",\"target\":{\"@type\":\"EntryPoint\",\"urlTemplate\":\"https:\/\/www.carideal.com\/blog\/?s={search_term_string}\"},\"query-input\":{\"@type\":\"PropertyValueSpecification\",\"valueRequired\":true,\"valueName\":\"search_term_string\"}}],\"inLanguage\":\"fr-FR\"},{\"@type\":\"Organization\",\"@id\":\"https:\/\/www.carideal.com\/blog\/#organization\",\"name\":\"Carideal\",\"url\":\"https:\/\/www.carideal.com\/blog\/\",\"logo\":{\"@type\":\"ImageObject\",\"inLanguage\":\"fr-FR\",\"@id\":\"https:\/\/www.carideal.com\/blog\/#\/schema\/logo\/image\/\",\"url\":\"http:\/\/www.carideal.com\/blog\/wp-content\/uploads\/2016\/03\/logo-carideal-mandataire-automobile.png\",\"contentUrl\":\"http:\/\/www.carideal.com\/blog\/wp-content\/uploads\/2016\/03\/logo-carideal-mandataire-automobile.png\",\"width\":300,\"height\":300,\"caption\":\"Carideal\"},\"image\":{\"@id\":\"https:\/\/www.carideal.com\/blog\/#\/schema\/logo\/image\/\"},\"sameAs\":[\"https:\/\/www.facebook.com\/Carideal.mandataire.automobile\",\"https:\/\/x.com\/caridealauto\",\"https:\/\/www.instagram.com\/carideal1\/\",\"https:\/\/www.linkedin.com\/company\/carideal.com\",\"https:\/\/fr.pinterest.com\/schiavonsas\/\",\"https:\/\/www.youtube.com\/user\/caridealsas\"]}]}<\/script>\n<!-- \/ Yoast SEO plugin. -->","yoast_head_json":{"title":"ARIEL - Actualit\u00e9 Essais Avis neuve et occasion - Blog auto Carid\u00e9al","description":"Parmi toutes les marques prestigieuses, Carideal.com se devait de mettre en avant Ariel. Vous trouvrez sur notre site web les informations sur la marque","robots":{"index":"index","follow":"follow","max-snippet":"max-snippet:-1","max-image-preview":"max-image-preview:large","max-video-preview":"max-video-preview:-1"},"canonical":"https:\/\/www.carideal.com\/blog\/marque-de-voiture-actualites-essais\/ariel\/","og_locale":"fr_FR","og_type":"article","og_title":"ARIEL - Actualit\u00e9 Essais Avis neuve et occasion - Blog auto Carid\u00e9al","og_description":"Parmi toutes les marques prestigieuses, Carideal.com se devait de mettre en avant Ariel. Vous trouvrez sur notre site web les informations sur la marque","og_url":"https:\/\/www.carideal.com\/blog\/marque-de-voiture-actualites-essais\/ariel\/","og_site_name":"Blog auto Carid\u00e9al","article_publisher":"https:\/\/www.facebook.com\/Carideal.mandataire.automobile","article_modified_time":"2020-01-28T21:16:33+00:00","og_image":[{"width":615,"height":347,"url":"https:\/\/www.carideal.com\/blog\/wp-content\/uploads\/2020\/01\/ariel-atom-35r-carideal-mandataire-auto.jpg","type":"image\/jpeg"}],"twitter_card":"summary_large_image","twitter_site":"@caridealauto","twitter_misc":{"Dur\u00e9e de lecture estim\u00e9e":"1 minute"},"schema":{"@context":"https:\/\/schema.org","@graph":[{"@type":"WebPage","@id":"https:\/\/www.carideal.com\/blog\/marque-de-voiture-actualites-essais\/ariel\/","url":"https:\/\/www.carideal.com\/blog\/marque-de-voiture-actualites-essais\/ariel\/","name":"ARIEL - Actualit\u00e9 Essais Avis neuve et occasion - Blog auto Carid\u00e9al","isPartOf":{"@id":"https:\/\/www.carideal.com\/blog\/#website"},"primaryImageOfPage":{"@id":"https:\/\/www.carideal.com\/blog\/marque-de-voiture-actualites-essais\/ariel\/#primaryimage"},"image":{"@id":"https:\/\/www.carideal.com\/blog\/marque-de-voiture-actualites-essais\/ariel\/#primaryimage"},"thumbnailUrl":"https:\/\/www.carideal.com\/blog\/wp-content\/uploads\/2020\/01\/ariel-atom-35r-carideal-mandataire-auto.jpg","datePublished":"2016-12-21T21:48:29+00:00","dateModified":"2020-01-28T21:16:33+00:00","description":"Parmi toutes les marques prestigieuses, Carideal.com se devait de mettre en avant Ariel. Vous trouvrez sur notre site web les informations sur la marque","breadcrumb":{"@id":"https:\/\/www.carideal.com\/blog\/marque-de-voiture-actualites-essais\/ariel\/#breadcrumb"},"inLanguage":"fr-FR","potentialAction":[{"@type":"ReadAction","target":["https:\/\/www.carideal.com\/blog\/marque-de-voiture-actualites-essais\/ariel\/"]}]},{"@type":"ImageObject","inLanguage":"fr-FR","@id":"https:\/\/www.carideal.com\/blog\/marque-de-voiture-actualites-essais\/ariel\/#primaryimage","url":"https:\/\/www.carideal.com\/blog\/wp-content\/uploads\/2020\/01\/ariel-atom-35r-carideal-mandataire-auto.jpg","contentUrl":"https:\/\/www.carideal.com\/blog\/wp-content\/uploads\/2020\/01\/ariel-atom-35r-carideal-mandataire-auto.jpg","width":615,"height":347,"caption":"Ariel"},{"@type":"BreadcrumbList","@id":"https:\/\/www.carideal.com\/blog\/marque-de-voiture-actualites-essais\/ariel\/#breadcrumb","itemListElement":[{"@type":"ListItem","position":1,"name":"Blog Carid\u00e9al","item":"https:\/\/www.carideal.com\/blog\/"},{"@type":"ListItem","position":2,"name":"Marque de voiture","item":"https:\/\/www.carideal.com\/blog\/marque-de-voiture-actualites-essais\/"},{"@type":"ListItem","position":3,"name":"ARIEL &#8211; Actualit\u00e9 Essais Avis neuve et occasion"}]},{"@type":"WebSite","@id":"https:\/\/www.carideal.com\/blog\/#website","url":"https:\/\/www.carideal.com\/blog\/","name":"Blog auto Carid\u00e9al","description":"Actualit\u00e9 auto par des passionn\u00e9s","publisher":{"@id":"https:\/\/www.carideal.com\/blog\/#organization"},"potentialAction":[{"@type":"SearchAction","target":{"@type":"EntryPoint","urlTemplate":"https:\/\/www.carideal.com\/blog\/?s={search_term_string}"},"query-input":{"@type":"PropertyValueSpecification","valueRequired":true,"valueName":"search_term_string"}}],"inLanguage":"fr-FR"},{"@type":"Organization","@id":"https:\/\/www.carideal.com\/blog\/#organization","name":"Carideal","url":"https:\/\/www.carideal.com\/blog\/","logo":{"@type":"ImageObject","inLanguage":"fr-FR","@id":"https:\/\/www.carideal.com\/blog\/#\/schema\/logo\/image\/","url":"http:\/\/www.carideal.com\/blog\/wp-content\/uploads\/2016\/03\/logo-carideal-mandataire-automobile.png","contentUrl":"http:\/\/www.carideal.com\/blog\/wp-content\/uploads\/2016\/03\/logo-carideal-mandataire-automobile.png","width":300,"height":300,"caption":"Carideal"},"image":{"@id":"https:\/\/www.carideal.com\/blog\/#\/schema\/logo\/image\/"},"sameAs":["https:\/\/www.facebook.com\/Carideal.mandataire.automobile","https:\/\/x.com\/caridealauto","https:\/\/www.instagram.com\/carideal1\/","https:\/\/www.linkedin.com\/company\/carideal.com","https:\/\/fr.pinterest.com\/schiavonsas\/","https:\/\/www.youtube.com\/user\/caridealsas"]}]}},"uagb_featured_image_src":{"full":["https:\/\/www.carideal.com\/blog\/wp-content\/uploads\/2020\/01\/ariel-atom-35r-carideal-mandataire-auto.jpg",615,347,false],"thumbnail":["https:\/\/www.carideal.com\/blog\/wp-content\/uploads\/2020\/01\/ariel-atom-35r-carideal-mandataire-auto-150x150.jpg",150,150,true],"medium":["https:\/\/www.carideal.com\/blog\/wp-content\/uploads\/2020\/01\/ariel-atom-35r-carideal-mandataire-auto-300x169.jpg",300,169,true],"medium_large":["https:\/\/www.carideal.com\/blog\/wp-content\/uploads\/2020\/01\/ariel-atom-35r-carideal-mandataire-auto.jpg",615,347,false],"large":["https:\/\/www.carideal.com\/blog\/wp-content\/uploads\/2020\/01\/ariel-atom-35r-carideal-mandataire-auto.jpg",615,347,false],"1536x1536":["https:\/\/www.carideal.com\/blog\/wp-content\/uploads\/2020\/01\/ariel-atom-35r-carideal-mandataire-auto.jpg",615,347,false],"2048x2048":["https:\/\/www.carideal.com\/blog\/wp-content\/uploads\/2020\/01\/ariel-atom-35r-carideal-mandataire-auto.jpg",615,347,false],"wppr-widget":["https:\/\/www.carideal.com\/blog\/wp-content\/uploads\/2020\/01\/ariel-atom-35r-carideal-mandataire-auto-50x28.jpg",50,28,true]},"uagb_author_info":{"display_name":"Nicolas SCHIAVON","author_link":"https:\/\/www.carideal.com\/blog\/author\/nschiavon\/"},"uagb_comment_info":0,"uagb_excerpt":"ARIEL - Actualit\u00e9 Essais Avis neuve et occasion Infos sur Ariel | Actualit\u00e9 |Essais | Voiture d'occasion | Voiture neuve | Prix du neuf | Guide d'achat Parmi toutes les marques prestigieuses, Carideal.com se devait de mettre en avant Ariel. Vous trouverez sur notre site web les informations sur la marque Ariel et ses mod\u00e8les.\u2026","_links":{"self":[{"href":"https:\/\/www.carideal.com\/blog\/wp-json\/wp\/v2\/pages\/14273"}],"collection":[{"href":"https:\/\/www.carideal.com\/blog\/wp-json\/wp\/v2\/pages"}],"about":[{"href":"https:\/\/www.carideal.com\/blog\/wp-json\/wp\/v2\/types\/page"}],"author":[{"embeddable":true,"href":"https:\/\/www.carideal.com\/blog\/wp-json\/wp\/v2\/users\/3"}],"replies":[{"embeddable":true,"href":"https:\/\/www.carideal.com\/blog\/wp-json\/wp\/v2\/comments?post=14273"}],"version-history":[{"count":0,"href":"https:\/\/www.carideal.com\/blog\/wp-json\/wp\/v2\/pages\/14273\/revisions"}],"up":[{"embeddable":true,"href":"https:\/\/www.carideal.com\/blog\/wp-json\/wp\/v2\/pages\/13389"}],"wp:featuredmedia":[{"embeddable":true,"href":"https:\/\/www.carideal.com\/blog\/wp-json\/wp\/v2\/media\/21278"}],"wp:attachment":[{"href":"https:\/\/www.carideal.com\/blog\/wp-json\/wp\/v2\/media?parent=14273"}],"curies":[{"name":"wp","href":"https:\/\/api.w.org\/{rel}","templated":true}]}}