{"id":14236,"date":"2016-12-18T19:15:58","date_gmt":"2016-12-18T18:15:58","guid":{"rendered":"http:\/\/www.carideal.com\/blog\/?page_id=14236"},"modified":"2020-01-31T22:47:47","modified_gmt":"2020-01-31T21:47:47","slug":"ford","status":"publish","type":"page","link":"https:\/\/www.carideal.com\/blog\/marque-de-voiture-actualites-essais\/ford\/","title":{"rendered":"FORD &#8211; Actualit\u00e9 essais Avis neuve et occasion"},"content":{"rendered":"<h2>FORD - Actualit\u00e9 essais Avis neuve et occasion<\/h2>\n<p><a href=\"http:\/\/www.carideal.com\/blog\/marque-de-voiture-actualites-essais\/ford\/\">Infos sur Ford<\/a> | <a href=\"http:\/\/www.carideal.com\/blog\/constructeur\/ford\/\">Actualit\u00e9<\/a> | <a href=\"http:\/\/www.carideal.com\/blog\/essai\/ford-essai\/\">Essais<\/a> |\u00a0 Ford occasion | Ford neuve | <a href=\"http:\/\/www.carideal.com\/blog\/credit-auto\/\">Financement<\/a> | <a href=\"http:\/\/www.carideal.com\/blog\/garage-automobile\/revision-voiture\/\">R\u00e9vision<\/a> | <a href=\"http:\/\/www.carideal.com\/blog\/offres-automobiles\/\">Offres<\/a> | Mandataire Ford | <a href=\"http:\/\/www.carideal.com\/blog\/tag\/guide-achat\/?=ford\">Guide d'achat<\/a><\/p>\n<p>Parmi toutes les marques prestigieuses, Carideal.com se devait de mettre en avant <strong>Ford<\/strong>. Vous trouverez sur notre site web les informations sur la marque Ford et ses mod\u00e8les. Vous trouverez les diff\u00e9rents essais, les actualit\u00e9s et fiches techniques de la marque Ford ainsi que les annonces autos de la marque Ford. Nous mettrons tout en \u0153uvre pour vous donner le maximum d'informations sur la marque Ford.<\/p>\n<h2>Liste des mod\u00e8les\u00a0Ford<\/h2>\n\n\n<figure class=\"wp-block-table is-style-stripes\"><table class=\"\"><tbody><tr><td>FORD AEROSTAR<\/td><td>FORD B MAX<\/td><td>FORD C MAX<\/td><td>FORD CAPRI<\/td><\/tr><tr><td><\/td><td><img loading=\"lazy\" decoding=\"async\" width=\"150\" height=\"92\" class=\"wp-image-14237\" style=\"width: 150px;\" src=\"http:\/\/www.carideal.com\/blog\/wp-content\/uploads\/2016\/12\/ford-b-max-e1482084653445.jpg\" alt=\"Ford B Max\"><\/td><td><\/td><td><\/td><\/tr><tr><td>FORD COUGAR<\/td><td>FORD COURRIER<\/td><td>FORD ECOSPORT<\/td><td>FORD EDGE<\/td><\/tr><tr><td><\/td><td><\/td><td><\/td><td><\/td><\/tr><tr><td>FORD ESCORT<\/td><td>FORD EXPLORER<\/td><td>FORD FIESTA<\/td><td>FORD FOCUS<\/td><\/tr><tr><td><\/td><td><\/td><td><\/td><td><\/td><\/tr><tr><td>FORD FUSION<\/td><td>FORD GALAXY<\/td><td>FORD GRANADA<\/td><td>FORD GRAND C-MAX<\/td><\/tr><tr><td><\/td><td><\/td><td><\/td><td><\/td><\/tr><tr><td>FORD GRAND TOURNEO CONNEC<\/td><td>FORD GT<\/td><td>FORD KA<\/td><td>FORD KA+<\/td><\/tr><tr><td><\/td><td><\/td><td><\/td><td><\/td><\/tr><tr><td>FORD KOMBI<\/td><td><a href=\"http:\/\/www.carideal.com\/blog\/marque-de-voiture-actualites-essais\/ford\/kuga\/\">FORD KUGA<\/a><\/td><td>FORD MAVERICK<\/td><td>FORD MINIBUS<\/td><\/tr><tr><td><\/td><td><img loading=\"lazy\" decoding=\"async\" width=\"150\" height=\"100\" class=\"wp-image-17036\" style=\"width: 150px;\" src=\"http:\/\/www.carideal.com\/blog\/wp-content\/uploads\/2016\/12\/ford-kuga-2017-e1521120697841.jpg\" alt=\"Ford Kuga\"><\/td><td><\/td><td><\/td><\/tr><tr><td>FORD MONDEO<\/td><td>FORD MUSTANG<\/td><td>FORD ORION<\/td><td>FORD PROBE<\/td><\/tr><tr><td><\/td><td><\/td><td><\/td><td><\/td><\/tr><tr><td>FORD PUMA<\/td><td>FORD S-MAX<\/td><td>FORD SCORPIO<\/td><td>FORD SIERRA<\/td><\/tr><tr><td><\/td><td><\/td><td><\/td><td><\/td><\/tr><tr><td>FORD SPORTKA<\/td><td>FORD STREETKA<\/td><td>FORD TAUNUS<\/td><td>FORD TOURNEO<\/td><\/tr><tr><td><\/td><td><\/td><td><\/td><td><\/td><\/tr><tr><td>FORD TRANSIT<\/td><td><\/td><td><\/td><td><\/td><\/tr><tr><td><\/td><td><\/td><td><\/td><td><\/td><\/tr><\/tbody><\/table><\/figure>\n\n\n\n<h2 class=\"wp-block-heading\">Actualit\u00e9s&nbsp;Ford<\/h2>\n\n\n<ul class=\"lcp_catlist\" id=\"lcp_instance_0\"><li><a href=\"https:\/\/www.carideal.com\/blog\/2017\/01\/11\/nouveau-suv-ford-bronco-pour-le-monde\/\">Nouveau SUV Ford Bronco pour le Monde<\/a><div class=\"lcp_excerpt\">Nouveau SUV Ford Bronco pour\u00a0viser le march\u00e9 Mondial\nLe nouveau SUV Ford Bronco sera un SUV robuste, sans pareil, de taille moyenne et il pourrait \u00eatre vendu en Europe.\nFord a annonc\u00e9 le retour de son insigne Bronco sur l&rsquo;un des cinq nouveaux SUV\u00a0qui seront mis en vente dans le monde d&rsquo;ici 2020. L&#8217;embl\u00e9matique Ford Bronco a ...<\/div><\/li><li><a href=\"https:\/\/www.carideal.com\/blog\/2016\/02\/13\/ford-edge-2016\/\">Le Nouveau Ford Edge 2016<\/a><div class=\"lcp_excerpt\">Le Nouveau Ford Edge 2016 sortira en Avril\nLe Ford Edge 2016 a \u00e9t\u00e9 con\u00e7u pour le march\u00e9 am\u00e9ricain est un gros SUV \u00e0 taille imposante avec ses 4.81 m de long. Ford europe le commercialise et il sera juste au dessus des 4.52m du Ford Kuga dans la Gamme Ford. Le Ford Edge avec son ...<\/div><\/li><li><a href=\"https:\/\/www.carideal.com\/blog\/2015\/12\/22\/google-car-construite-par-ford\/\">Google Car construite par Ford ?<\/a><div class=\"lcp_excerpt\">Ford pourrait construite la Google Car.\nIl y a quelques jours, justement je m&rsquo;\u00e9tonnais que les majors Google, Apple et Uber ne se soit pas encores lanc\u00e9s dans la voiture autonome, alors qu&rsquo;ils y travaillent depuis tant de mois et que leurs capacit\u00e9s financi\u00e8res le leur permettent largement. Alors que font ils ?\nDepuis quelques jours, on ...<\/div><\/li><li><a href=\"https:\/\/www.carideal.com\/blog\/2015\/06\/07\/nouveau-ford-galaxy\/\">Nouveau Ford Galaxy 2015<\/a><div class=\"lcp_excerpt\">Lancement du nouveau FORD GALAXY en Octobre 2015\nOn sait seulement que la gamme du nouveau Ford Galaxy d\u00e9butera \u00e0 partir de 37 100\u20ac, soit 3 500 \u20ac de plus que le S-Max. Elle sera compos\u00e9e de six motorisations diff\u00e9rentes 1.5 Eco\u00adBoost 160 ch, 2.0 EcoBoost 240 ch, 2.0 TDCi 120 ch, 150 ch, 180 ch ...<\/div><\/li><li><a href=\"https:\/\/www.carideal.com\/blog\/2015\/05\/30\/nouveau-ford-transit-courier\/\">Nouveau Ford Transit Courier<\/a><div class=\"lcp_excerpt\">Nouveau Ford Transit Courier\nIl ne se passait rien sur le march\u00e9 des fourgonettes compacte, Ford nous a sorti Le Transit Courier.\nLe nouveau Ford Transit Courier se positionne en dessous du Ford Transit Connect, et vient concurrencer les Citroen N\u00e9mo, Fiat Fiorino et Peugeot Bipper (cr\u00e9ateurs du segment il y a quatre ans), mais aussi des ...<\/div><\/li><li><a href=\"https:\/\/www.carideal.com\/blog\/2015\/03\/25\/ford-edge-2015\/\">Le Ford Edge 2015 est annonc\u00e9<\/a><div class=\"lcp_excerpt\">Deuxi\u00e8me apparition pour le Ford Edge 2015\nDeuxi\u00e8me apparition dans un salon pour le Ford Edge 2015 qui se pr\u00e9sente ici dans une livr\u00e9e S typ\u00e9e sport. L&rsquo;\u00e9quipement est moderne (r\u00e9ducteur actif de bruit dans l&rsquo;habitacle, assistance au stationnement avec cam\u00e9ra avant&#8230;), mais Ford ne confirme encore rien cot\u00e9 technique. Le 2.0 TDCi de 180 ch ...<\/div><\/li><li><a href=\"https:\/\/www.carideal.com\/blog\/2015\/03\/11\/ford-mondeo-le-beau-retour\/\">Ford Mond\u00e9o le beau retour<\/a><div class=\"lcp_excerpt\">Ford Mond\u00e9o le beau retour\nD\u00e9voil\u00e9e en janvier 2012, la Mondeo prend enfin son essor sur le continent europ\u00e9en. De longs mois d&rsquo;attente pour mieux se frot\u00adter aux r\u00e9f\u00e9rences du stand premium.\nEn ce petit matin gris, la Mondeo 2015 c&rsquo;est d&rsquo;abord ce regard lumineux m\u00e2tin\u00e9 de Led. Deux raies de lumi\u00e8re blanche pour mieux encadrer le ...<\/div><\/li><li><a href=\"https:\/\/www.carideal.com\/blog\/2015\/02\/22\/a-partir-de-35000-e-pour-la-ford-mustang\/\">A partir de 35000 \u20ac pour la Ford Mustang<\/a><div class=\"lcp_excerpt\">Une Ford Mustang pour le prix d&rsquo;un Monospace\nOfficiellement import\u00e9e en France pour la premi\u00e8re fois de sa carri\u00e8re, la FORD MUSTANG\u00a0r\u00e9v\u00e8le ses prix\u00a0: \u20ac 35 000 pour le moteurs \u00e0 4 cylindres essence, \u20ac 40 000 pour le V8. Mais il faut ajouter la peine plut\u00f4t dur &#8230; Donc, pour le prix d&rsquo;un haut de ...<\/div><\/li><li><a href=\"https:\/\/www.carideal.com\/blog\/2014\/06\/20\/10-compacte-a-moins-de-12-000e-en-occasion\/\">Voiture occasion \u00e0 12000 euros<\/a><div class=\"lcp_excerpt\">Voiture occasion \u00e0 12000 euros : la concurrence est rude chez les compactes\nLa concurrence fait rage dans la cat\u00e9gorie voiture d&rsquo;occasion \u00e0 12000 euros berline et compacte. Il faut ajouter \u00e9galement une saturation de l\u2019offre sur le march\u00e9 de la voiture d\u2019occasion alors que la demande ralentie au profit d\u2019autres types de v\u00e9hicules, les SUV ...<\/div><\/li><li><a href=\"https:\/\/www.carideal.com\/blog\/2014\/05\/21\/les-futurs-modeles-ford\/\">Les futurs mod\u00e8les Ford<\/a><div class=\"lcp_excerpt\">\u00a0Les futurs mod\u00e8les Ford\nSur le segment des SUV, Ford d\u00e9barque avec le Ford Edge qui proposera 5 places. l&rsquo;Edge a un positionnement luxueux gr\u00e2ce sa deuxi\u00e8me g\u00e9n\u00e9ration et arrivera en Europe d\u00e9but 2016. Plusieurs versions seront disponibles : 4&#215;4, 4&#215;2, motorisation diesel (163 ch et 200 ch), motorisation essence (240 ch) et hybride rechargeable.\nUne Ford ...<\/div><\/li><\/ul>\n\n\n\n<p><a href=\"http:\/\/www.carideal.com\/blog\/constructeur\/ford\/\">TOUTES&nbsp;LES&nbsp;ACTUALIT\u00c9S&nbsp;FORD<\/a><\/p>\n\n\n\n<h2 class=\"wp-block-heading\">Essais&nbsp;Ford<\/h2>\n\n\n<ul class=\"lcp_catlist\" id=\"lcp_instance_0\"><li><a href=\"https:\/\/www.carideal.com\/blog\/2014\/05\/21\/le-ford-ecosport\/\">Le Ford Ecosport 2014 : pr\u00e9sentation<\/a><div class=\"lcp_excerpt\">Pr\u00e9sentation du\u00a0Ford EcoSport 2014\nLe Ford Ecosport est un mod\u00e8le qui n&rsquo;\u00e9tait pas cens\u00e9 \u00eatre commercialis\u00e9 en Europe mais les Europ\u00e9ens \u00e9tant friand de SUV ont fait changer leurs plans \u00e0 Ford. Le ch\u00e2ssis et la planche de bord proviennent de la Fiesta avant restylage.\nCe SUV est fabriqu\u00e9 en Inde, il n&rsquo;existe qu&rsquo;une seule version qui ...<\/div><\/li><li><a href=\"https:\/\/www.carideal.com\/blog\/2014\/05\/11\/ford-revient-sur-le-marche-des-ludospaces-avec-le-nouveau-tourneo-connect\/\">Nouveau Ford Tourneo Connect<\/a><div class=\"lcp_excerpt\">\nFord revient sur le march\u00e9 des ludospaces avec le nouveau Ford Tourneo Connect\n\nNouveau Ford Tourneo Connect le constructeur am\u00e9ricain revient sur le march\u00e9 des ludospaces. Les constructeurs fran\u00e7ais ayant la main mise sur le march\u00e9 des ludospaces en France, Ford aura pris le temps mais revient en force avec son nouveau Touneo Connect.\nEn effet, Ford ...<\/div><\/li><li><a href=\"https:\/\/www.carideal.com\/blog\/2011\/07\/25\/ford-focus-tdci-95-stop-start\/\">Ford Focus tdci 95 stop &#038; start 2011<\/a><div class=\"lcp_excerpt\">Identique \u00e0 la version TDCI 115 cette Ford Focus TDCI 95 ch coute quand m\u00eame 1000 \u20ac de moins\nLa Ford Focus TDCI 95 co\u00fbte 1000 \u20ac de moins que la version 115 ch et propose le Bonus de 400 \u20ac, gr\u00e2ce \u00e0 toute la panoplie Econetic, avec un Stop &amp; Start tr\u00e8s bien fait, un ...<\/div><\/li><li><a href=\"https:\/\/www.carideal.com\/blog\/2011\/05\/18\/ford-kuga-occasion\/\">Avis Ford Kuga d&rsquo;occasion 2011<\/a><div class=\"lcp_excerpt\">Que vaut un Ford Kuga d&rsquo;occasion&nbsp;?\nDans la fourchette des 20000 \u20ac nous pouvons trouver des FORD KUGA D&rsquo;OCCASION&nbsp;2.0 TDCI 136 4&#215;2 de 2008, 2.0 TDCI 136 4&#215;4 de 2009, \u00e0 24000 \u20ac des 2.0 TDCi 136 4&#215;2 de 2009, des 2.0 TDCI 136 4&#215;4 de 2009 et pour 28000 \u20ac&nbsp;nous pouvons vendre des Ford Kuga ...<\/div><\/li><li><a href=\"https:\/\/www.carideal.com\/blog\/2009\/05\/25\/ford-fusion-d-occasion\/\">Essai Ford Fusion occasion pas de mauvaise surprise<\/a><div class=\"lcp_excerpt\">Essai de la Ford Fusion d&rsquo;occasion\nEssai Ford fusion d&rsquo;occasion :\u00a0Quelle que soit la m\u00e9t\u00e9o, La Ford Fusion ne r\u00e9serve pas de mauvaise surprise. Seule sa hauteur de 1.53 m peut la p\u00e9naliser, avec une importante prise au vent lat\u00e9rale. Pour le reste, son ch\u00e2ssis de Fiesta, agile, s\u00fbr et pr\u00e9venant, lui assure un comportement rigoureux. ...<\/div><\/li><li><a href=\"https:\/\/www.carideal.com\/blog\/2009\/02\/13\/ford-fiesta-iii-d-occasion\/\">Ford Fiesta III occasion essai<\/a><div class=\"lcp_excerpt\">\nEssai de la Ford fiesta III occasion\n\nCitadine polyvalente de conception relativement ancienne, la Ford Fiesta III occasion, \u00e9tonne par ses qualit\u00e9s routi\u00e8res de bon niveau en occasion. En plus d&rsquo;\u00e9viter les suspensions floues et inconfortables de sa devanci\u00e8re, cette g\u00e9n\u00e9ration offre un comportement agr\u00e9able gr\u00e2ce \u00e0 une certaine agilit\u00e9. La version sportive, baptis\u00e9e S est ...<\/div><\/li><li><a href=\"https:\/\/www.carideal.com\/blog\/2008\/01\/21\/occasion-ford-focus-2\/\">Avis Ford Focus d&rsquo;occasion<\/a><div class=\"lcp_excerpt\">\nAvis Ford Focus d&rsquo;occasion \n\n\nFORD FOCUS 2 OCCASION AVIS\n\n\nLa cat\u00e9gorie des berlines compact comprend les Peugeot 307, Renault M\u00e9gane, Citro\u00ebn C4, et Ford Focus. Celle-ci jouit d&rsquo;un excellent rapport qualit\u00e9 prix. On peut commencer \u00e0 en trouver en occasion \u00e0 partir de 8000 \u20ac et plus pr\u00e9cis\u00e9ment entre 10000 \u20ac pour un mod\u00e8le 2005 jusque ...<\/div><\/li><\/ul>\n\n\n\n<p><a href=\"http:\/\/www.carideal.com\/blog\/essai\/ford-essai\/\">TOUS&nbsp;LES&nbsp;ESSAIS&nbsp;FORD<\/a><\/p>\n","protected":false},"excerpt":{"rendered":"<p>FORD &#8211; Actualit\u00e9 essais Avis neuve et occasion Infos sur Ford | Actualit\u00e9 | Essais |\u00a0 Ford occasion | Ford neuve | Financement | R\u00e9vision | Offres | Mandataire Ford | Guide d&rsquo;achat Parmi toutes les marques prestigieuses, Carideal.com se devait de mettre en avant Ford. Vous trouverez sur notre site web les informations sur &#8230; <a title=\"FORD &#8211; Actualit\u00e9 essais Avis neuve et occasion\" class=\"read-more\" href=\"https:\/\/www.carideal.com\/blog\/marque-de-voiture-actualites-essais\/ford\/\" aria-label=\"En savoir plus sur FORD &#8211; Actualit\u00e9 essais Avis neuve et occasion\">Lire plus<\/a><\/p>\n","protected":false},"author":3,"featured_media":0,"parent":13389,"menu_order":0,"comment_status":"closed","ping_status":"closed","template":"","meta":{"_uag_custom_page_level_css":"","_themeisle_gutenberg_block_has_review":false,"footnotes":""},"class_list":["post-14236","page","type-page","status-publish"],"wppr_data":{"cwp_meta_box_check":"No"},"yoast_head":"<!-- This site is optimized with the Yoast SEO plugin v24.8.1 - https:\/\/yoast.com\/wordpress\/plugins\/seo\/ -->\n<title>FORD - Actualit\u00e9 essais Avis neuve et occasion - Blog auto Carid\u00e9al<\/title>\n<meta name=\"description\" content=\"Parmi toutes les marques prestigieuses, Carideal.com se devait de mettre en avant Ford. Vous trouvrez sur notre site web les informations sur la marque Ford\" \/>\n<meta name=\"robots\" content=\"index, follow, max-snippet:-1, max-image-preview:large, max-video-preview:-1\" \/>\n<link rel=\"canonical\" href=\"https:\/\/www.carideal.com\/blog\/marque-de-voiture-actualites-essais\/ford\/\" \/>\n<meta property=\"og:locale\" content=\"fr_FR\" \/>\n<meta property=\"og:type\" content=\"article\" \/>\n<meta property=\"og:title\" content=\"FORD - Actualit\u00e9 essais Avis neuve et occasion - Blog auto Carid\u00e9al\" \/>\n<meta property=\"og:description\" content=\"Parmi toutes les marques prestigieuses, Carideal.com se devait de mettre en avant Ford. Vous trouvrez sur notre site web les informations sur la marque Ford\" \/>\n<meta property=\"og:url\" content=\"https:\/\/www.carideal.com\/blog\/marque-de-voiture-actualites-essais\/ford\/\" \/>\n<meta property=\"og:site_name\" content=\"Blog auto Carid\u00e9al\" \/>\n<meta property=\"article:publisher\" content=\"https:\/\/www.facebook.com\/Carideal.mandataire.automobile\" \/>\n<meta property=\"article:modified_time\" content=\"2020-01-31T21:47:47+00:00\" \/>\n<meta property=\"og:image\" content=\"http:\/\/www.carideal.com\/blog\/wp-content\/uploads\/2016\/12\/ford-b-max-e1482084653445.jpg\" \/>\n<meta name=\"twitter:card\" content=\"summary_large_image\" \/>\n<meta name=\"twitter:site\" content=\"@caridealauto\" \/>\n<meta name=\"twitter:label1\" content=\"Dur\u00e9e de lecture estim\u00e9e\" \/>\n\t<meta name=\"twitter:data1\" content=\"1 minute\" \/>\n<script type=\"application\/ld+json\" class=\"yoast-schema-graph\">{\"@context\":\"https:\/\/schema.org\",\"@graph\":[{\"@type\":\"WebPage\",\"@id\":\"https:\/\/www.carideal.com\/blog\/marque-de-voiture-actualites-essais\/ford\/\",\"url\":\"https:\/\/www.carideal.com\/blog\/marque-de-voiture-actualites-essais\/ford\/\",\"name\":\"FORD - Actualit\u00e9 essais Avis neuve et occasion - Blog auto Carid\u00e9al\",\"isPartOf\":{\"@id\":\"https:\/\/www.carideal.com\/blog\/#website\"},\"primaryImageOfPage\":{\"@id\":\"https:\/\/www.carideal.com\/blog\/marque-de-voiture-actualites-essais\/ford\/#primaryimage\"},\"image\":{\"@id\":\"https:\/\/www.carideal.com\/blog\/marque-de-voiture-actualites-essais\/ford\/#primaryimage\"},\"thumbnailUrl\":\"http:\/\/www.carideal.com\/blog\/wp-content\/uploads\/2016\/12\/ford-b-max-e1482084653445.jpg\",\"datePublished\":\"2016-12-18T18:15:58+00:00\",\"dateModified\":\"2020-01-31T21:47:47+00:00\",\"description\":\"Parmi toutes les marques prestigieuses, Carideal.com se devait de mettre en avant Ford. Vous trouvrez sur notre site web les informations sur la marque Ford\",\"breadcrumb\":{\"@id\":\"https:\/\/www.carideal.com\/blog\/marque-de-voiture-actualites-essais\/ford\/#breadcrumb\"},\"inLanguage\":\"fr-FR\",\"potentialAction\":[{\"@type\":\"ReadAction\",\"target\":[\"https:\/\/www.carideal.com\/blog\/marque-de-voiture-actualites-essais\/ford\/\"]}]},{\"@type\":\"ImageObject\",\"inLanguage\":\"fr-FR\",\"@id\":\"https:\/\/www.carideal.com\/blog\/marque-de-voiture-actualites-essais\/ford\/#primaryimage\",\"url\":\"http:\/\/www.carideal.com\/blog\/wp-content\/uploads\/2016\/12\/ford-b-max-e1482084653445.jpg\",\"contentUrl\":\"http:\/\/www.carideal.com\/blog\/wp-content\/uploads\/2016\/12\/ford-b-max-e1482084653445.jpg\"},{\"@type\":\"BreadcrumbList\",\"@id\":\"https:\/\/www.carideal.com\/blog\/marque-de-voiture-actualites-essais\/ford\/#breadcrumb\",\"itemListElement\":[{\"@type\":\"ListItem\",\"position\":1,\"name\":\"Blog Carid\u00e9al\",\"item\":\"https:\/\/www.carideal.com\/blog\/\"},{\"@type\":\"ListItem\",\"position\":2,\"name\":\"Marque de voiture\",\"item\":\"https:\/\/www.carideal.com\/blog\/marque-de-voiture-actualites-essais\/\"},{\"@type\":\"ListItem\",\"position\":3,\"name\":\"Ford\"}]},{\"@type\":\"WebSite\",\"@id\":\"https:\/\/www.carideal.com\/blog\/#website\",\"url\":\"https:\/\/www.carideal.com\/blog\/\",\"name\":\"Blog auto Carid\u00e9al\",\"description\":\"Actualit\u00e9 auto par des passionn\u00e9s\",\"publisher\":{\"@id\":\"https:\/\/www.carideal.com\/blog\/#organization\"},\"potentialAction\":[{\"@type\":\"SearchAction\",\"target\":{\"@type\":\"EntryPoint\",\"urlTemplate\":\"https:\/\/www.carideal.com\/blog\/?s={search_term_string}\"},\"query-input\":{\"@type\":\"PropertyValueSpecification\",\"valueRequired\":true,\"valueName\":\"search_term_string\"}}],\"inLanguage\":\"fr-FR\"},{\"@type\":\"Organization\",\"@id\":\"https:\/\/www.carideal.com\/blog\/#organization\",\"name\":\"Carideal\",\"url\":\"https:\/\/www.carideal.com\/blog\/\",\"logo\":{\"@type\":\"ImageObject\",\"inLanguage\":\"fr-FR\",\"@id\":\"https:\/\/www.carideal.com\/blog\/#\/schema\/logo\/image\/\",\"url\":\"http:\/\/www.carideal.com\/blog\/wp-content\/uploads\/2016\/03\/logo-carideal-mandataire-automobile.png\",\"contentUrl\":\"http:\/\/www.carideal.com\/blog\/wp-content\/uploads\/2016\/03\/logo-carideal-mandataire-automobile.png\",\"width\":300,\"height\":300,\"caption\":\"Carideal\"},\"image\":{\"@id\":\"https:\/\/www.carideal.com\/blog\/#\/schema\/logo\/image\/\"},\"sameAs\":[\"https:\/\/www.facebook.com\/Carideal.mandataire.automobile\",\"https:\/\/x.com\/caridealauto\",\"https:\/\/www.instagram.com\/carideal1\/\",\"https:\/\/www.linkedin.com\/company\/carideal.com\",\"https:\/\/fr.pinterest.com\/schiavonsas\/\",\"https:\/\/www.youtube.com\/user\/caridealsas\"]}]}<\/script>\n<!-- \/ Yoast SEO plugin. -->","yoast_head_json":{"title":"FORD - Actualit\u00e9 essais Avis neuve et occasion - Blog auto Carid\u00e9al","description":"Parmi toutes les marques prestigieuses, Carideal.com se devait de mettre en avant Ford. Vous trouvrez sur notre site web les informations sur la marque Ford","robots":{"index":"index","follow":"follow","max-snippet":"max-snippet:-1","max-image-preview":"max-image-preview:large","max-video-preview":"max-video-preview:-1"},"canonical":"https:\/\/www.carideal.com\/blog\/marque-de-voiture-actualites-essais\/ford\/","og_locale":"fr_FR","og_type":"article","og_title":"FORD - Actualit\u00e9 essais Avis neuve et occasion - Blog auto Carid\u00e9al","og_description":"Parmi toutes les marques prestigieuses, Carideal.com se devait de mettre en avant Ford. Vous trouvrez sur notre site web les informations sur la marque Ford","og_url":"https:\/\/www.carideal.com\/blog\/marque-de-voiture-actualites-essais\/ford\/","og_site_name":"Blog auto Carid\u00e9al","article_publisher":"https:\/\/www.facebook.com\/Carideal.mandataire.automobile","article_modified_time":"2020-01-31T21:47:47+00:00","og_image":[{"url":"http:\/\/www.carideal.com\/blog\/wp-content\/uploads\/2016\/12\/ford-b-max-e1482084653445.jpg","type":"","width":"","height":""}],"twitter_card":"summary_large_image","twitter_site":"@caridealauto","twitter_misc":{"Dur\u00e9e de lecture estim\u00e9e":"1 minute"},"schema":{"@context":"https:\/\/schema.org","@graph":[{"@type":"WebPage","@id":"https:\/\/www.carideal.com\/blog\/marque-de-voiture-actualites-essais\/ford\/","url":"https:\/\/www.carideal.com\/blog\/marque-de-voiture-actualites-essais\/ford\/","name":"FORD - Actualit\u00e9 essais Avis neuve et occasion - Blog auto Carid\u00e9al","isPartOf":{"@id":"https:\/\/www.carideal.com\/blog\/#website"},"primaryImageOfPage":{"@id":"https:\/\/www.carideal.com\/blog\/marque-de-voiture-actualites-essais\/ford\/#primaryimage"},"image":{"@id":"https:\/\/www.carideal.com\/blog\/marque-de-voiture-actualites-essais\/ford\/#primaryimage"},"thumbnailUrl":"http:\/\/www.carideal.com\/blog\/wp-content\/uploads\/2016\/12\/ford-b-max-e1482084653445.jpg","datePublished":"2016-12-18T18:15:58+00:00","dateModified":"2020-01-31T21:47:47+00:00","description":"Parmi toutes les marques prestigieuses, Carideal.com se devait de mettre en avant Ford. Vous trouvrez sur notre site web les informations sur la marque Ford","breadcrumb":{"@id":"https:\/\/www.carideal.com\/blog\/marque-de-voiture-actualites-essais\/ford\/#breadcrumb"},"inLanguage":"fr-FR","potentialAction":[{"@type":"ReadAction","target":["https:\/\/www.carideal.com\/blog\/marque-de-voiture-actualites-essais\/ford\/"]}]},{"@type":"ImageObject","inLanguage":"fr-FR","@id":"https:\/\/www.carideal.com\/blog\/marque-de-voiture-actualites-essais\/ford\/#primaryimage","url":"http:\/\/www.carideal.com\/blog\/wp-content\/uploads\/2016\/12\/ford-b-max-e1482084653445.jpg","contentUrl":"http:\/\/www.carideal.com\/blog\/wp-content\/uploads\/2016\/12\/ford-b-max-e1482084653445.jpg"},{"@type":"BreadcrumbList","@id":"https:\/\/www.carideal.com\/blog\/marque-de-voiture-actualites-essais\/ford\/#breadcrumb","itemListElement":[{"@type":"ListItem","position":1,"name":"Blog Carid\u00e9al","item":"https:\/\/www.carideal.com\/blog\/"},{"@type":"ListItem","position":2,"name":"Marque de voiture","item":"https:\/\/www.carideal.com\/blog\/marque-de-voiture-actualites-essais\/"},{"@type":"ListItem","position":3,"name":"Ford"}]},{"@type":"WebSite","@id":"https:\/\/www.carideal.com\/blog\/#website","url":"https:\/\/www.carideal.com\/blog\/","name":"Blog auto Carid\u00e9al","description":"Actualit\u00e9 auto par des passionn\u00e9s","publisher":{"@id":"https:\/\/www.carideal.com\/blog\/#organization"},"potentialAction":[{"@type":"SearchAction","target":{"@type":"EntryPoint","urlTemplate":"https:\/\/www.carideal.com\/blog\/?s={search_term_string}"},"query-input":{"@type":"PropertyValueSpecification","valueRequired":true,"valueName":"search_term_string"}}],"inLanguage":"fr-FR"},{"@type":"Organization","@id":"https:\/\/www.carideal.com\/blog\/#organization","name":"Carideal","url":"https:\/\/www.carideal.com\/blog\/","logo":{"@type":"ImageObject","inLanguage":"fr-FR","@id":"https:\/\/www.carideal.com\/blog\/#\/schema\/logo\/image\/","url":"http:\/\/www.carideal.com\/blog\/wp-content\/uploads\/2016\/03\/logo-carideal-mandataire-automobile.png","contentUrl":"http:\/\/www.carideal.com\/blog\/wp-content\/uploads\/2016\/03\/logo-carideal-mandataire-automobile.png","width":300,"height":300,"caption":"Carideal"},"image":{"@id":"https:\/\/www.carideal.com\/blog\/#\/schema\/logo\/image\/"},"sameAs":["https:\/\/www.facebook.com\/Carideal.mandataire.automobile","https:\/\/x.com\/caridealauto","https:\/\/www.instagram.com\/carideal1\/","https:\/\/www.linkedin.com\/company\/carideal.com","https:\/\/fr.pinterest.com\/schiavonsas\/","https:\/\/www.youtube.com\/user\/caridealsas"]}]}},"uagb_featured_image_src":{"full":false,"thumbnail":false,"medium":false,"medium_large":false,"large":false,"1536x1536":false,"2048x2048":false,"wppr-widget":false},"uagb_author_info":{"display_name":"Nicolas SCHIAVON","author_link":"https:\/\/www.carideal.com\/blog\/author\/nschiavon\/"},"uagb_comment_info":0,"uagb_excerpt":"FORD - Actualit\u00e9 essais Avis neuve et occasion Infos sur Ford | Actualit\u00e9 | Essais |\u00a0 Ford occasion | Ford neuve | Financement | R\u00e9vision | Offres | Mandataire Ford | Guide d'achat Parmi toutes les marques prestigieuses, Carideal.com se devait de mettre en avant Ford. Vous trouverez sur notre site web les informations sur\u2026","_links":{"self":[{"href":"https:\/\/www.carideal.com\/blog\/wp-json\/wp\/v2\/pages\/14236"}],"collection":[{"href":"https:\/\/www.carideal.com\/blog\/wp-json\/wp\/v2\/pages"}],"about":[{"href":"https:\/\/www.carideal.com\/blog\/wp-json\/wp\/v2\/types\/page"}],"author":[{"embeddable":true,"href":"https:\/\/www.carideal.com\/blog\/wp-json\/wp\/v2\/users\/3"}],"replies":[{"embeddable":true,"href":"https:\/\/www.carideal.com\/blog\/wp-json\/wp\/v2\/comments?post=14236"}],"version-history":[{"count":0,"href":"https:\/\/www.carideal.com\/blog\/wp-json\/wp\/v2\/pages\/14236\/revisions"}],"up":[{"embeddable":true,"href":"https:\/\/www.carideal.com\/blog\/wp-json\/wp\/v2\/pages\/13389"}],"wp:attachment":[{"href":"https:\/\/www.carideal.com\/blog\/wp-json\/wp\/v2\/media?parent=14236"}],"curies":[{"name":"wp","href":"https:\/\/api.w.org\/{rel}","templated":true}]}}