{"id":14210,"date":"2016-12-13T15:44:20","date_gmt":"2016-12-13T14:44:20","guid":{"rendered":"http:\/\/www.carideal.com\/blog\/?page_id=14210"},"modified":"2020-01-27T09:43:00","modified_gmt":"2020-01-27T08:43:00","slug":"pneu-discount","status":"publish","type":"page","link":"https:\/\/www.carideal.com\/blog\/garage-automobile\/pneu\/pneu-discount\/","title":{"rendered":"Pneu Discount pour votre Budget auto"},"content":{"rendered":"<h2>Pneu discount pour votre budget auto<\/h2>\n<figure id=\"attachment_14212\" aria-describedby=\"caption-attachment-14212\" style=\"width: 590px\" class=\"wp-caption alignnone\"><img loading=\"lazy\" decoding=\"async\" class=\"wp-image-14212 size-full\" title=\"Pneu discount\" src=\"http:\/\/www.carideal.com\/blog\/wp-content\/uploads\/2016\/12\/pneu-discount-e1481639601724.jpg\" alt=\"Pneu discount\" width=\"600\" height=\"163\" \/><figcaption id=\"caption-attachment-14212\" class=\"wp-caption-text\">Pneu discount<\/figcaption><\/figure>\n<h2>Pneu Discount<\/h2>\n<p>Le <strong>PNEU DISCOUNT<\/strong> pas cher \u00e0 prix discount est disponible directement chez Carideal\u00a0et son montage dans nos ateliers. Les plus grandes marques de pneumatique au meilleur prix, nous avons mis en place un partenariat afin d'offrir le meilleur pneu pas cher pour nos clients.<\/p>\n<p>Le pneu discount ne veut pas dire pneu de mauvaise qualit\u00e9, mais simplement achat de pneu discount. Notre savoir-faire nous permet de vous proposer les plus grandes marque de pneu discount, telles que <a href=\"http:\/\/www.carideal.com\/blog\/garage-automobile\/pneu\/pneu-michelin-pas-cher\/\">Michelin<\/a>, Pirelli, Continental.<\/p>\n<p>L'achat de pneu discount concerne aussi les marques de deuxi\u00e8me choix : KLEBER, YOKOHAMA, BFGOODRICH, VREDESTEIN, COOPER TYRES, UNIROYAL, FALKEN, , FULDA, , KUMHO TYRES, NANKANG, FIRESTONE, NOKIAN TYRES.<\/p>\n<p>Lorsque vous choisissez vos pneus, vous devez imp\u00e9rativement respecter les prescriptions et homologation du constructeur de votre v\u00e9hicule. Il faut respecter les dimensions, la largeur, hauteur, diam\u00e8tre, indice de charge et indice de vitesse. Ces donn\u00e9es sont renseign\u00e9es dans votre carnet d'entretien.<\/p>\n<h2>PRENEZ RENDEZ-VOUS POUR LA POSE DE PNEU DISCOUNT<\/h2>\n<p>Pour votre s\u00e9curit\u00e9, l'accueil de notre service atelier vous garantit les prix les plus bas toute l\u2019ann\u00e9e sur les pneus. Demandez votre devis pour l'achat de pneu discount, nous faisons une offre de montage.<\/p>\n<p>Vous pouvez nous demander votre pneu par saison, pneu \u00e9t\u00e9, pneu hiver, par type de v\u00e9hicule, pneu 4x4, pneu SUV, pneu camionnette, pneu utilitaire, et enfin par dimensions et par marque de pneu.<br \/>\nM\u00eame si vous n'avez pas achet\u00e9 vos pneus chez nous, venez faire les faire monter dans nos ateliers, pendant ce temps nous pouvons nous occuper d'effectuer des contr\u00f4les gratuit sur votre voiture, ou la <a href=\"http:\/\/www.carideal.com\/blog\/2016\/09\/01\/revision-voiture-entretien-revision-auto\/\">r\u00e9vision de votre voiture<\/a> si vous le souhaitez.<\/p>\n<p>CARIDEAL\u00a0vous garantit, avec ou sans rendez-vous, le remplacement de 2 pneus en 1 heure maximum \u00e0 compter de la validation de votre ordre de r\u00e9paration, hors pneu 4x4.<\/p>\n<h2>Meilleur prix sur pneu discount Hiver : meilleur prix sur pneu discount \u00e9t\u00e9<\/h2>\n<h3>Prix sp\u00e9cial pack jantes + pneus<\/h3>\n<p>Op\u00e9ration <strong>PNEU DISCOUNT<\/strong> sur tous les pneus Hiver et \u00e9t\u00e9, jusque -40% de remise sur les pneus Michelin Neige et\u00a0\u00e9t\u00e9 et sur toutes les marques de pneu, et sur les BF GOODRICH. Pour la saison d'hiver nous recommen\u00e7ons cette ann\u00e9e nos offres de pack Jantes compl\u00e8tes mont\u00e9es \u00e0 prix discount.<\/p>\n<p>Notre <a href=\"http:\/\/www.carideal.com\/blog\/garage-automobile\/\">garage automobile<\/a> met en ligne nos promotions et pack sur les pneus hivers. Trouvez des prix remis\u00e9 sur toutes les marques de pneu quel que soit le type de pneu et jusqu'\u00e0 -40% sur la gamme hiver.<\/p>\n<p>Package complet pneu discount hiver mont\u00e9s sur jantes toles mont\u00e9es et \u00e9quilibr\u00e9es en <a href=\"http:\/\/www.carideal.com\/blog\/garage-automobile\/pneu\/pneu-pas-cher\/\">pneu pas cher<\/a>.<\/p>\n<h2>L'achat de pneu \u00e0 prix discount concerne aussi les plus grandes marques de Pneu<\/h2>\n<p>Les pneus Michelin se trouvent aussi en achat de pneu discount :<\/p>\n<p>Le Pneu Michelin Alpin Premium\u00a0est destin\u00e9 aux voitures compactes et berlines familiales, monospaces compacts et moyens et petites citadines.<br \/>\nIl freine plus court* et dure un hiver de plus !**<\/p>\n<p>Freine plus court sur sol mouill\u00e9 (1) vous pouvez aussi consulter nos <a href=\"http:\/\/www.carideal.com\/blog\/tag\/test-pneu\/\">tests de pneus<\/a>.<\/p>\n<p>\u00c9cart d\u2019au moins 5% par rapport \u00e0 Michelin Alpin 2 (1)<\/p>\n<p>Dure un hiver de plus (2)<\/p>\n<p>* Par rapport \u00e0 Michelin Alpin 2<br \/>\n** En moyenne par rapport \u00e0 ses principaux concurrents.<br \/>\n(1) Bas\u00e9 sur des r\u00e9sultats de tests internes faits en 2006 sur les dimensions 185\/60-14 et 205\/55-16 et sur des r\u00e9sultats de tests externes en 195\/65-15 (cf. point 2).<br \/>\n(2) Bas\u00e9 sur des r\u00e9sultats de tests faits en 2006 par centre de test ind\u00e9pendant (TUV Sud Automotive et TUV UVMV) sur des pneus 195\/65 R 15 T achet\u00e9s sur le march\u00e9 europ\u00e9en.<\/p>\n<h3>Il ne faut pas confondre un pneu discount, qui est un premier prix et l'achat de marque de pneu premium en pneu \u00e0 prix discount.<\/h3>\n<p>Pour preuve que l'achat de pneu \u00e0 prix discount est bien diff\u00e9rent de pneu premier prix, nous avions publi\u00e9 un test sur ce sujet. Notre Volont\u00e9 vous offrir du Michelin en pneu \u00e0 prix discount.<\/p>\n<p><strong>Information sur le manufacturier Michelin<\/strong><br \/>\nMichelin est entr\u00e9 dans la course avec la victoire de Charles Terron dans la plus grande course de v\u00e9lo jamais organis\u00e9e : La course Paris-Brest et retour soit 1200 km. A l\u2019issue de 71 h et 18 mn de course et avec 9 heures d\u2019avance sur son suivant, Terron avait d\u00e9montr\u00e9 l\u2019avantage du pneu d\u00e9montable Michelin.<\/p>\n<p>La comp\u00e9tition demeure le meilleur laboratoire pour tester les innovations technologiques dans des situations extr\u00eames. Elle constitue un puissant stimulant pour le progr\u00e8s. Michelin soumet ses <a href=\"http:\/\/www.carideal.com\/blog\/garage-automobile\/pneu\/\">pneus<\/a> \u00e0 l\u2019\u00e9preuve de la r\u00e9alit\u00e9 par la comp\u00e9tition.<\/p>\n<p>Site internet: <a href=\"http:\/\/www.michelin.fr\/\">http:\/\/www.michelin.fr<\/a><\/p>\n<p>Pour cette ann\u00e9e nous avons aussi int\u00e9gr\u00e9 dans notre offre d'achat de pneu \u00e0 prix discount la marque BF Goodrich qui fait partie du groupe Michelin et b\u00e9n\u00e9ficie aussi de sa technologie.<\/p>\n","protected":false},"excerpt":{"rendered":"<p>Pneu discount pour votre budget auto Pneu Discount Le PNEU DISCOUNT pas cher \u00e0 prix discount est disponible directement chez Carideal\u00a0et son montage dans nos ateliers. Les plus grandes marques de pneumatique au meilleur prix, nous avons mis en place un partenariat afin d&rsquo;offrir le meilleur pneu pas cher pour nos clients. Le pneu discount &#8230; <a title=\"Pneu Discount pour votre Budget auto\" class=\"read-more\" href=\"https:\/\/www.carideal.com\/blog\/garage-automobile\/pneu\/pneu-discount\/\" aria-label=\"En savoir plus sur Pneu Discount pour votre Budget auto\">Lire plus<\/a><\/p>\n","protected":false},"author":3,"featured_media":14212,"parent":13989,"menu_order":0,"comment_status":"closed","ping_status":"closed","template":"","meta":{"_uag_custom_page_level_css":"","_themeisle_gutenberg_block_has_review":false,"footnotes":""},"class_list":["post-14210","page","type-page","status-publish","has-post-thumbnail"],"wppr_data":{"cwp_meta_box_check":"No"},"yoast_head":"<!-- This site is optimized with the Yoast SEO plugin v24.8.1 - https:\/\/yoast.com\/wordpress\/plugins\/seo\/ -->\n<title>Pneu Discount pour votre Budget auto - Blog auto Carid\u00e9al<\/title>\n<meta name=\"description\" content=\"Op\u00e9ration PNEU DISCOUNT sur tous les pneus Hiver et \u00e9t\u00e9, jusque -40% de remise sur les pneus Michelin Neige et \u00e9t\u00e9 et sur toutes les marques de pneu\" \/>\n<meta name=\"robots\" content=\"index, follow, max-snippet:-1, max-image-preview:large, max-video-preview:-1\" \/>\n<link rel=\"canonical\" href=\"https:\/\/www.carideal.com\/blog\/garage-automobile\/pneu\/pneu-discount\/\" \/>\n<meta property=\"og:locale\" content=\"fr_FR\" \/>\n<meta property=\"og:type\" content=\"article\" \/>\n<meta property=\"og:title\" content=\"Pneu Discount pour votre Budget auto - Blog auto Carid\u00e9al\" \/>\n<meta property=\"og:description\" content=\"Op\u00e9ration PNEU DISCOUNT sur tous les pneus Hiver et \u00e9t\u00e9, jusque -40% de remise sur les pneus Michelin Neige et \u00e9t\u00e9 et sur toutes les marques de pneu\" \/>\n<meta property=\"og:url\" content=\"https:\/\/www.carideal.com\/blog\/garage-automobile\/pneu\/pneu-discount\/\" \/>\n<meta property=\"og:site_name\" content=\"Blog auto Carid\u00e9al\" \/>\n<meta property=\"article:publisher\" content=\"https:\/\/www.facebook.com\/Carideal.mandataire.automobile\" \/>\n<meta property=\"article:modified_time\" content=\"2020-01-27T08:43:00+00:00\" \/>\n<meta property=\"og:image\" content=\"https:\/\/www.carideal.com\/blog\/wp-content\/uploads\/2016\/12\/pneu-discount-e1481639601724.jpg\" \/>\n\t<meta property=\"og:image:width\" content=\"600\" \/>\n\t<meta property=\"og:image:height\" content=\"163\" \/>\n\t<meta property=\"og:image:type\" content=\"image\/jpeg\" \/>\n<meta name=\"twitter:card\" content=\"summary_large_image\" \/>\n<meta name=\"twitter:site\" content=\"@caridealauto\" \/>\n<meta name=\"twitter:label1\" content=\"Dur\u00e9e de lecture estim\u00e9e\" \/>\n\t<meta name=\"twitter:data1\" content=\"4 minutes\" \/>\n<script type=\"application\/ld+json\" class=\"yoast-schema-graph\">{\"@context\":\"https:\/\/schema.org\",\"@graph\":[{\"@type\":\"WebPage\",\"@id\":\"https:\/\/www.carideal.com\/blog\/garage-automobile\/pneu\/pneu-discount\/\",\"url\":\"https:\/\/www.carideal.com\/blog\/garage-automobile\/pneu\/pneu-discount\/\",\"name\":\"Pneu Discount pour votre Budget auto - Blog auto Carid\u00e9al\",\"isPartOf\":{\"@id\":\"https:\/\/www.carideal.com\/blog\/#website\"},\"primaryImageOfPage\":{\"@id\":\"https:\/\/www.carideal.com\/blog\/garage-automobile\/pneu\/pneu-discount\/#primaryimage\"},\"image\":{\"@id\":\"https:\/\/www.carideal.com\/blog\/garage-automobile\/pneu\/pneu-discount\/#primaryimage\"},\"thumbnailUrl\":\"https:\/\/www.carideal.com\/blog\/wp-content\/uploads\/2016\/12\/pneu-discount-e1481639601724.jpg\",\"datePublished\":\"2016-12-13T14:44:20+00:00\",\"dateModified\":\"2020-01-27T08:43:00+00:00\",\"description\":\"Op\u00e9ration PNEU DISCOUNT sur tous les pneus Hiver et \u00e9t\u00e9, jusque -40% de remise sur les pneus Michelin Neige et \u00e9t\u00e9 et sur toutes les marques de pneu\",\"breadcrumb\":{\"@id\":\"https:\/\/www.carideal.com\/blog\/garage-automobile\/pneu\/pneu-discount\/#breadcrumb\"},\"inLanguage\":\"fr-FR\",\"potentialAction\":[{\"@type\":\"ReadAction\",\"target\":[\"https:\/\/www.carideal.com\/blog\/garage-automobile\/pneu\/pneu-discount\/\"]}]},{\"@type\":\"ImageObject\",\"inLanguage\":\"fr-FR\",\"@id\":\"https:\/\/www.carideal.com\/blog\/garage-automobile\/pneu\/pneu-discount\/#primaryimage\",\"url\":\"https:\/\/www.carideal.com\/blog\/wp-content\/uploads\/2016\/12\/pneu-discount-e1481639601724.jpg\",\"contentUrl\":\"https:\/\/www.carideal.com\/blog\/wp-content\/uploads\/2016\/12\/pneu-discount-e1481639601724.jpg\",\"width\":600,\"height\":163,\"caption\":\"Pneu discount\"},{\"@type\":\"BreadcrumbList\",\"@id\":\"https:\/\/www.carideal.com\/blog\/garage-automobile\/pneu\/pneu-discount\/#breadcrumb\",\"itemListElement\":[{\"@type\":\"ListItem\",\"position\":1,\"name\":\"Blog Carid\u00e9al\",\"item\":\"https:\/\/www.carideal.com\/blog\/\"},{\"@type\":\"ListItem\",\"position\":2,\"name\":\"Garage Automobile\",\"item\":\"https:\/\/www.carideal.com\/blog\/garage-automobile\/\"},{\"@type\":\"ListItem\",\"position\":3,\"name\":\"Pneu\",\"item\":\"https:\/\/www.carideal.com\/blog\/garage-automobile\/pneu\/\"},{\"@type\":\"ListItem\",\"position\":4,\"name\":\"Pneu Discount pour votre Budget auto\"}]},{\"@type\":\"WebSite\",\"@id\":\"https:\/\/www.carideal.com\/blog\/#website\",\"url\":\"https:\/\/www.carideal.com\/blog\/\",\"name\":\"Blog auto Carid\u00e9al\",\"description\":\"Actualit\u00e9 auto par des passionn\u00e9s\",\"publisher\":{\"@id\":\"https:\/\/www.carideal.com\/blog\/#organization\"},\"potentialAction\":[{\"@type\":\"SearchAction\",\"target\":{\"@type\":\"EntryPoint\",\"urlTemplate\":\"https:\/\/www.carideal.com\/blog\/?s={search_term_string}\"},\"query-input\":{\"@type\":\"PropertyValueSpecification\",\"valueRequired\":true,\"valueName\":\"search_term_string\"}}],\"inLanguage\":\"fr-FR\"},{\"@type\":\"Organization\",\"@id\":\"https:\/\/www.carideal.com\/blog\/#organization\",\"name\":\"Carideal\",\"url\":\"https:\/\/www.carideal.com\/blog\/\",\"logo\":{\"@type\":\"ImageObject\",\"inLanguage\":\"fr-FR\",\"@id\":\"https:\/\/www.carideal.com\/blog\/#\/schema\/logo\/image\/\",\"url\":\"http:\/\/www.carideal.com\/blog\/wp-content\/uploads\/2016\/03\/logo-carideal-mandataire-automobile.png\",\"contentUrl\":\"http:\/\/www.carideal.com\/blog\/wp-content\/uploads\/2016\/03\/logo-carideal-mandataire-automobile.png\",\"width\":300,\"height\":300,\"caption\":\"Carideal\"},\"image\":{\"@id\":\"https:\/\/www.carideal.com\/blog\/#\/schema\/logo\/image\/\"},\"sameAs\":[\"https:\/\/www.facebook.com\/Carideal.mandataire.automobile\",\"https:\/\/x.com\/caridealauto\",\"https:\/\/www.instagram.com\/carideal1\/\",\"https:\/\/www.linkedin.com\/company\/carideal.com\",\"https:\/\/fr.pinterest.com\/schiavonsas\/\",\"https:\/\/www.youtube.com\/user\/caridealsas\"]}]}<\/script>\n<!-- \/ Yoast SEO plugin. -->","yoast_head_json":{"title":"Pneu Discount pour votre Budget auto - Blog auto Carid\u00e9al","description":"Op\u00e9ration PNEU DISCOUNT sur tous les pneus Hiver et \u00e9t\u00e9, jusque -40% de remise sur les pneus Michelin Neige et \u00e9t\u00e9 et sur toutes les marques de pneu","robots":{"index":"index","follow":"follow","max-snippet":"max-snippet:-1","max-image-preview":"max-image-preview:large","max-video-preview":"max-video-preview:-1"},"canonical":"https:\/\/www.carideal.com\/blog\/garage-automobile\/pneu\/pneu-discount\/","og_locale":"fr_FR","og_type":"article","og_title":"Pneu Discount pour votre Budget auto - Blog auto Carid\u00e9al","og_description":"Op\u00e9ration PNEU DISCOUNT sur tous les pneus Hiver et \u00e9t\u00e9, jusque -40% de remise sur les pneus Michelin Neige et \u00e9t\u00e9 et sur toutes les marques de pneu","og_url":"https:\/\/www.carideal.com\/blog\/garage-automobile\/pneu\/pneu-discount\/","og_site_name":"Blog auto Carid\u00e9al","article_publisher":"https:\/\/www.facebook.com\/Carideal.mandataire.automobile","article_modified_time":"2020-01-27T08:43:00+00:00","og_image":[{"width":600,"height":163,"url":"https:\/\/www.carideal.com\/blog\/wp-content\/uploads\/2016\/12\/pneu-discount-e1481639601724.jpg","type":"image\/jpeg"}],"twitter_card":"summary_large_image","twitter_site":"@caridealauto","twitter_misc":{"Dur\u00e9e de lecture estim\u00e9e":"4 minutes"},"schema":{"@context":"https:\/\/schema.org","@graph":[{"@type":"WebPage","@id":"https:\/\/www.carideal.com\/blog\/garage-automobile\/pneu\/pneu-discount\/","url":"https:\/\/www.carideal.com\/blog\/garage-automobile\/pneu\/pneu-discount\/","name":"Pneu Discount pour votre Budget auto - Blog auto Carid\u00e9al","isPartOf":{"@id":"https:\/\/www.carideal.com\/blog\/#website"},"primaryImageOfPage":{"@id":"https:\/\/www.carideal.com\/blog\/garage-automobile\/pneu\/pneu-discount\/#primaryimage"},"image":{"@id":"https:\/\/www.carideal.com\/blog\/garage-automobile\/pneu\/pneu-discount\/#primaryimage"},"thumbnailUrl":"https:\/\/www.carideal.com\/blog\/wp-content\/uploads\/2016\/12\/pneu-discount-e1481639601724.jpg","datePublished":"2016-12-13T14:44:20+00:00","dateModified":"2020-01-27T08:43:00+00:00","description":"Op\u00e9ration PNEU DISCOUNT sur tous les pneus Hiver et \u00e9t\u00e9, jusque -40% de remise sur les pneus Michelin Neige et \u00e9t\u00e9 et sur toutes les marques de pneu","breadcrumb":{"@id":"https:\/\/www.carideal.com\/blog\/garage-automobile\/pneu\/pneu-discount\/#breadcrumb"},"inLanguage":"fr-FR","potentialAction":[{"@type":"ReadAction","target":["https:\/\/www.carideal.com\/blog\/garage-automobile\/pneu\/pneu-discount\/"]}]},{"@type":"ImageObject","inLanguage":"fr-FR","@id":"https:\/\/www.carideal.com\/blog\/garage-automobile\/pneu\/pneu-discount\/#primaryimage","url":"https:\/\/www.carideal.com\/blog\/wp-content\/uploads\/2016\/12\/pneu-discount-e1481639601724.jpg","contentUrl":"https:\/\/www.carideal.com\/blog\/wp-content\/uploads\/2016\/12\/pneu-discount-e1481639601724.jpg","width":600,"height":163,"caption":"Pneu discount"},{"@type":"BreadcrumbList","@id":"https:\/\/www.carideal.com\/blog\/garage-automobile\/pneu\/pneu-discount\/#breadcrumb","itemListElement":[{"@type":"ListItem","position":1,"name":"Blog Carid\u00e9al","item":"https:\/\/www.carideal.com\/blog\/"},{"@type":"ListItem","position":2,"name":"Garage Automobile","item":"https:\/\/www.carideal.com\/blog\/garage-automobile\/"},{"@type":"ListItem","position":3,"name":"Pneu","item":"https:\/\/www.carideal.com\/blog\/garage-automobile\/pneu\/"},{"@type":"ListItem","position":4,"name":"Pneu Discount pour votre Budget auto"}]},{"@type":"WebSite","@id":"https:\/\/www.carideal.com\/blog\/#website","url":"https:\/\/www.carideal.com\/blog\/","name":"Blog auto Carid\u00e9al","description":"Actualit\u00e9 auto par des passionn\u00e9s","publisher":{"@id":"https:\/\/www.carideal.com\/blog\/#organization"},"potentialAction":[{"@type":"SearchAction","target":{"@type":"EntryPoint","urlTemplate":"https:\/\/www.carideal.com\/blog\/?s={search_term_string}"},"query-input":{"@type":"PropertyValueSpecification","valueRequired":true,"valueName":"search_term_string"}}],"inLanguage":"fr-FR"},{"@type":"Organization","@id":"https:\/\/www.carideal.com\/blog\/#organization","name":"Carideal","url":"https:\/\/www.carideal.com\/blog\/","logo":{"@type":"ImageObject","inLanguage":"fr-FR","@id":"https:\/\/www.carideal.com\/blog\/#\/schema\/logo\/image\/","url":"http:\/\/www.carideal.com\/blog\/wp-content\/uploads\/2016\/03\/logo-carideal-mandataire-automobile.png","contentUrl":"http:\/\/www.carideal.com\/blog\/wp-content\/uploads\/2016\/03\/logo-carideal-mandataire-automobile.png","width":300,"height":300,"caption":"Carideal"},"image":{"@id":"https:\/\/www.carideal.com\/blog\/#\/schema\/logo\/image\/"},"sameAs":["https:\/\/www.facebook.com\/Carideal.mandataire.automobile","https:\/\/x.com\/caridealauto","https:\/\/www.instagram.com\/carideal1\/","https:\/\/www.linkedin.com\/company\/carideal.com","https:\/\/fr.pinterest.com\/schiavonsas\/","https:\/\/www.youtube.com\/user\/caridealsas"]}]}},"uagb_featured_image_src":{"full":["https:\/\/www.carideal.com\/blog\/wp-content\/uploads\/2016\/12\/pneu-discount-e1481639601724.jpg",600,163,false],"thumbnail":["https:\/\/www.carideal.com\/blog\/wp-content\/uploads\/2016\/12\/pneu-discount-150x150.jpg",150,150,true],"medium":["https:\/\/www.carideal.com\/blog\/wp-content\/uploads\/2016\/12\/pneu-discount-300x81.jpg",300,81,true],"medium_large":["https:\/\/www.carideal.com\/blog\/wp-content\/uploads\/2016\/12\/pneu-discount-768x209.jpg",768,209,true],"large":["https:\/\/www.carideal.com\/blog\/wp-content\/uploads\/2016\/12\/pneu-discount-e1481639601724.jpg",600,163,false],"1536x1536":["https:\/\/www.carideal.com\/blog\/wp-content\/uploads\/2016\/12\/pneu-discount-e1481639601724.jpg",600,163,false],"2048x2048":["https:\/\/www.carideal.com\/blog\/wp-content\/uploads\/2016\/12\/pneu-discount-e1481639601724.jpg",600,163,false],"wppr-widget":["https:\/\/www.carideal.com\/blog\/wp-content\/uploads\/2016\/12\/pneu-discount-e1481639601724.jpg",50,14,false]},"uagb_author_info":{"display_name":"Nicolas SCHIAVON","author_link":"https:\/\/www.carideal.com\/blog\/author\/nschiavon\/"},"uagb_comment_info":0,"uagb_excerpt":"Pneu discount pour votre budget auto Pneu Discount Le PNEU DISCOUNT pas cher \u00e0 prix discount est disponible directement chez Carideal\u00a0et son montage dans nos ateliers. Les plus grandes marques de pneumatique au meilleur prix, nous avons mis en place un partenariat afin d'offrir le meilleur pneu pas cher pour nos clients. Le pneu discount\u2026","_links":{"self":[{"href":"https:\/\/www.carideal.com\/blog\/wp-json\/wp\/v2\/pages\/14210"}],"collection":[{"href":"https:\/\/www.carideal.com\/blog\/wp-json\/wp\/v2\/pages"}],"about":[{"href":"https:\/\/www.carideal.com\/blog\/wp-json\/wp\/v2\/types\/page"}],"author":[{"embeddable":true,"href":"https:\/\/www.carideal.com\/blog\/wp-json\/wp\/v2\/users\/3"}],"replies":[{"embeddable":true,"href":"https:\/\/www.carideal.com\/blog\/wp-json\/wp\/v2\/comments?post=14210"}],"version-history":[{"count":0,"href":"https:\/\/www.carideal.com\/blog\/wp-json\/wp\/v2\/pages\/14210\/revisions"}],"up":[{"embeddable":true,"href":"https:\/\/www.carideal.com\/blog\/wp-json\/wp\/v2\/pages\/13989"}],"wp:featuredmedia":[{"embeddable":true,"href":"https:\/\/www.carideal.com\/blog\/wp-json\/wp\/v2\/media\/14212"}],"wp:attachment":[{"href":"https:\/\/www.carideal.com\/blog\/wp-json\/wp\/v2\/media?parent=14210"}],"curies":[{"name":"wp","href":"https:\/\/api.w.org\/{rel}","templated":true}]}}