{"id":14138,"date":"2016-12-10T10:51:52","date_gmt":"2016-12-10T09:51:52","guid":{"rendered":"http:\/\/www.carideal.com\/blog\/?page_id=14138"},"modified":"2020-01-27T21:13:50","modified_gmt":"2020-01-27T20:13:50","slug":"pneu-occasion","status":"publish","type":"page","link":"https:\/\/www.carideal.com\/blog\/garage-automobile\/pneu\/pneu-occasion\/","title":{"rendered":"PNEU OCCASION : un march\u00e9 en Hausse"},"content":{"rendered":"<h2>Le syst\u00e8me fran\u00e7ais de collecte du pneu\u00a0d'occasion\u00a0est l'un des plus performants d'Europe<\/h2>\n<p><strong>PNEU D'OCCASION<\/strong> : Le m\u00eame, mais \u00e0 moi\u00adti\u00e9 prix ! Pour Patrick Poincelet, pr\u00e9sident des recycleurs adh\u00e9\u00adrents au Conseil national des profes\u00adsions de l'automobile (CNPA), un pneu d'occasion co\u00fbte \u00e0 peine \u00ab\u00a030 % du prix d'un neuf \u00bb.<\/p>\n<figure id=\"attachment_14139\" aria-describedby=\"caption-attachment-14139\" style=\"width: 590px\" class=\"wp-caption aligncenter\"><img loading=\"lazy\" decoding=\"async\" class=\"size-full wp-image-14139\" src=\"http:\/\/www.carideal.com\/blog\/wp-content\/uploads\/2016\/12\/pneu-occasion-e1580155578599.jpg\" alt=\"Pneu occasion\" width=\"600\" height=\"450\" \/><figcaption id=\"caption-attachment-14139\" class=\"wp-caption-text\">Pneu occasion<\/figcaption><\/figure>\n<p>Voici quelques exemples de tarifs relev\u00e9s\u00a0: 30 \u20ac pour un 185\/65 R15 bas de gamme d'occasion (56 \u20ac en neuf), 50 \u20ac pour un 195\/55 R16 de marque (contre 90 \u20ac), et 75 \u20ac pour une enveloppe de dimen\u00adsions 205\/50 R17, sachant que la m\u00eame co\u00fbte 140 \u20ac neuve. De belles affaires que le pneu d'occasion\u00a0? Tout d\u00e9pend de quel point de vue l'on se place. <span style=\"text-decoration: underline;\"><a href=\"http:\/\/www.carideal.com\/blog\/2013\/09\/15\/choisir-son-pneu\/\">Il faut bien choisir son pneu<\/a><\/span>.<\/p>\n<h2>Les ventes de pneu d'occasion Multipli\u00e9 par cinq<\/h2>\n<p>En Espagne et au Royaume-\u00adUni, les pneus d'occasion repr\u00e9sentent un tel march\u00e9 que manufacturiers et automobile clubs commencent \u00e0 s'en inqui\u00e9ter.<\/p>\n<p>Le Race, l'automobile club ib\u00e9rique, a livr\u00e9 une \u00e9tude cofinanc\u00e9e par Goodyear. Si les donn\u00e9es officielles manquent, le Race s'est livr\u00e9 \u00e0 une d\u00e9marche int\u00e9ressante. Selon ses constatations, le nombre de r\u00e9sultats obtenus en recherchant \u00ab\u00a0pneu d'occasion\u00a0\u00bb sur Internet a \u00e9t\u00e9 multipli\u00e9 par cinq en quatre ans (entre 2008 et 2012). De la m\u00eame mani\u00e8re, la requ\u00eate \u00ab\u00a0pneu d'occasion\u00a0\u00bb a elle aussi \u00e9t\u00e9 cinq fois plus tap\u00e9e par les internautes espa\u00adgnols en 2012 qu'en 2008.<\/p>\n<p>La preuve d'un boom ? Non, mais de s\u00e9rieux indices..D'autant plus que, d'apr\u00e8s les chiffres des douanes, le nombre de pneus d'occasion entrant en Espagne aurait augment\u00e9 de 60 %, tou\u00adjours sur la m\u00eame p\u00e9riode. Au Royaume-Uni, la sonnette d'alarme vient d'\u00eatre tir\u00e9e par l'Irish Tyre Industry Associa\u00adtion, l'association des industriels du <a href=\"http:\/\/www.carideal.com\/blog\/garage-automobile\/pneu\/\">pneu<\/a> en Irlande.<\/p>\n<h2>Test des pneus d'occasions<\/h2>\n<p>Ces der\u00adniers expliquent avoir proc\u00e9d\u00e9 \u00e0 un test\u00a0: 134 pneus d'occasion ont \u00e9t\u00e9 achet\u00e9s par leur soin. Bilan\u00a0: \u00ab\u00a051 % sont dangereux ou ne conviennent pas \u00e0 l'utili\u00adsation requise \u00bb, tandis qu'\u00ab\u00a0un certain nombre d'enveloppes pr\u00e9\u00adsentaient des entailles ou des clous dans la bande de roulement, tan\u00addis que d'autres t\u00e9moignaient de traces de r\u00e9paration sur les flancs \u00bb.<\/p>\n<p>Toujours selon l'association irlandaise, \u00ab\u00a055 % des pneus d'occasions \u00e9taient ag\u00e9s de six ans ou plus, et l'un affichait 21 ans \u00bb, sachant que l'on recommande g\u00e9n\u00e9ralement de ne pas\u00a0mon\u00adter un pneu d'occasion\u00a0de plus de cinq ans. Ce qui pose la question de la <span style=\"text-decoration: underline;\"><a href=\"http:\/\/www.carideal.com\/blog\/2013\/01\/20\/securite-routiere\/\">s\u00e9curit\u00e9 routi\u00e8re<\/a><\/span>.<\/p>\n<h2>Le Pneu d'occasion un probl\u00e8me de distribution<\/h2>\n<p>Donc, nos voisins les plus proches ach\u00e8tent du pneu d'occasion, et pas les automobilistes fran\u00e7ais\u00a0? \u00ab\u00a0Ce probl\u00e8me n'existe pas en France pour diff\u00e9rentes raisons \u00bb, analyse Fazilet Cinaralp, la secr\u00e9\u00adtaire g\u00e9n\u00e9rale de l'association des manufacturiers de pneu\u00admatiques europ\u00e9ens (ETRMA)\u00a0; \u00ab\u00a0la collecte des pneus en fin de vie est tr\u00e8s performante chez nous et, de plus, la vente de pneus est plut\u00f4t l'oeuvre de gros distribu\u00adteurs \u00bb. Contrairement \u00e0 l'Espagne, par exemple, o\u00f9 le mode de distribution est \u00e9clat\u00e9 en une myriade de petits reven\u00addeurs, la France poss\u00e8de essen\u00adtiellement de grandes enseignes aptes \u00e0 proposer des pneus neufs uniquement. Le march\u00e9 du pneu d'occasion dans L'Hexagone repr\u00e9senterait de 3 \u00e0 4% du nombre total d'enveloppes vendues toujours selon madame Cinaralp.<\/p>\n<h2>La collecte du pneu d'occasion<\/h2>\n<p>Informations que nous ont faits remonter nos collecteurs. Ce n'est pas \u00e9norme, mais c'est marqu\u00e9 \u00bb, admet-on chez Aliapur, l'asso\u00adciation charg\u00e9e de collecter l'in\u00adt\u00e9gralit\u00e9 des pneus d\u00e9mont\u00e9s dans les garages et autres centres auto pour les <span style=\"text-decoration: underline;\"><a href=\"http:\/\/www.carideal.com\/blog\/2012\/12\/04\/95-des-vieux-pneus-recycles-en-europe\/\">recycler<\/a><\/span>. Les derniers chiffres divul\u00adgu\u00e9s par l'Ademe sur l'ann\u00e9e 2011 en donnaient d\u00e9j\u00e0 une id\u00e9e\u00a0: la fili\u00e8re \u00ab pneu occasion\u00a0\u00bb avait ainsi progress\u00e9 de 19 % par rap\u00adport \u00e0 2010. Et les tonnages de pneu\u00a0d'occasion\u00a0envoy\u00e9s en Afrique diminuent en 2011, preuve que l'Europe occidentale n\u00e9glige de moins en moins ces enveloppes bon march\u00e9...<\/p>\n<h2>L'Avenir du march\u00e9 du pneu d'occasion<\/h2>\n<p>Mais pour Patrick Poincelet, du CNPA, le march\u00e9 du pneu d'occasion en France n'est plus en devenir : \u00ab Ce n'est pas en croissance, c'est un march\u00e9 d\u00e9j\u00e0 mature. Il s'agit de quelque chose de lucratif pour les recycleurs, nous n'en avons jamais assez ! \u00bb<\/p>\n<p>Les d\u00e9molisseurs sont en effet les premiers \u00e0 distribuer des enveloppes d'occasion, souvent r\u00e9cup\u00e9r\u00e9es sur des v\u00e9hicules accident\u00e9s. Et Patrick Poincelet de promettre que \u00ab jamais il n'y a eu le moindre probl\u00e8me de s\u00e9cu\u00adrit\u00e9 \u00bb avec des pneus d'occasion vendus par un recycleur. Ceux-\u00adci seraient effectivement contr\u00f4\u00adl\u00e9s au d\u00e9montage, puis une nouvelle fois lors de leur mon\u00adtage : \u00ab Cette ann\u00e9e, la vente de pneus neufs est en chute, alors les manufacturiers cherchent un peu \u00e0 savoir ce qui se passe dans la fili\u00e8re \u00bb, termine le pr\u00e9sident des d\u00e9molisseurs, en encore.. on n'a pas fait le distingo avec les <span style=\"text-decoration: underline;\"><a href=\"http:\/\/www.carideal.com\/blog\/2013\/01\/22\/pneus-hiver\/\">pneus hiver<\/a><\/span>.<\/p>\n","protected":false},"excerpt":{"rendered":"<p>Le syst\u00e8me fran\u00e7ais de collecte du pneu\u00a0d&rsquo;occasion\u00a0est l&rsquo;un des plus performants d&rsquo;Europe PNEU D&rsquo;OCCASION : Le m\u00eame, mais \u00e0 moi\u00adti\u00e9 prix ! Pour Patrick Poincelet, pr\u00e9sident des recycleurs adh\u00e9\u00adrents au Conseil national des profes\u00adsions de l&rsquo;automobile (CNPA), un pneu d&rsquo;occasion co\u00fbte \u00e0 peine \u00ab\u00a030 % du prix d&rsquo;un neuf \u00bb. Voici quelques exemples de tarifs &#8230; <a title=\"PNEU OCCASION : un march\u00e9 en Hausse\" class=\"read-more\" href=\"https:\/\/www.carideal.com\/blog\/garage-automobile\/pneu\/pneu-occasion\/\" aria-label=\"En savoir plus sur PNEU OCCASION : un march\u00e9 en Hausse\">Lire plus<\/a><\/p>\n","protected":false},"author":3,"featured_media":14139,"parent":13989,"menu_order":0,"comment_status":"closed","ping_status":"closed","template":"","meta":{"_uag_custom_page_level_css":"","_themeisle_gutenberg_block_has_review":false,"footnotes":""},"class_list":["post-14138","page","type-page","status-publish","has-post-thumbnail"],"wppr_data":{"cwp_meta_box_check":"No"},"yoast_head":"<!-- This site is optimized with the Yoast SEO plugin v24.8.1 - https:\/\/yoast.com\/wordpress\/plugins\/seo\/ -->\n<title>PNEU OCCASION : un march\u00e9 en Hausse - Blog auto Carid\u00e9al<\/title>\n<meta name=\"description\" content=\"Le syst\u00e8me fran\u00e7ais de collecte du pneu d&#039;occasion est l&#039;un des plus performants d&#039;Europe : Le m\u00eame, mais \u00e0 moi\u00adti\u00e9 prix ! quelle incidence pour la s\u00e9curit\u00e9\" \/>\n<meta name=\"robots\" content=\"index, follow, max-snippet:-1, max-image-preview:large, max-video-preview:-1\" \/>\n<link rel=\"canonical\" href=\"https:\/\/www.carideal.com\/blog\/garage-automobile\/pneu\/pneu-occasion\/\" \/>\n<meta property=\"og:locale\" content=\"fr_FR\" \/>\n<meta property=\"og:type\" content=\"article\" \/>\n<meta property=\"og:title\" content=\"PNEU OCCASION : un march\u00e9 en Hausse - Blog auto Carid\u00e9al\" \/>\n<meta property=\"og:description\" content=\"Le syst\u00e8me fran\u00e7ais de collecte du pneu d&#039;occasion est l&#039;un des plus performants d&#039;Europe : Le m\u00eame, mais \u00e0 moi\u00adti\u00e9 prix ! quelle incidence pour la s\u00e9curit\u00e9\" \/>\n<meta property=\"og:url\" content=\"https:\/\/www.carideal.com\/blog\/garage-automobile\/pneu\/pneu-occasion\/\" \/>\n<meta property=\"og:site_name\" content=\"Blog auto Carid\u00e9al\" \/>\n<meta property=\"article:publisher\" content=\"https:\/\/www.facebook.com\/Carideal.mandataire.automobile\" \/>\n<meta property=\"article:modified_time\" content=\"2020-01-27T20:13:50+00:00\" \/>\n<meta property=\"og:image\" content=\"https:\/\/www.carideal.com\/blog\/wp-content\/uploads\/2016\/12\/pneu-occasion-e1580155578599.jpg\" \/>\n\t<meta property=\"og:image:width\" content=\"600\" \/>\n\t<meta property=\"og:image:height\" content=\"450\" \/>\n\t<meta property=\"og:image:type\" content=\"image\/jpeg\" \/>\n<meta name=\"twitter:card\" content=\"summary_large_image\" \/>\n<meta name=\"twitter:site\" content=\"@caridealauto\" \/>\n<meta name=\"twitter:label1\" content=\"Dur\u00e9e de lecture estim\u00e9e\" \/>\n\t<meta name=\"twitter:data1\" content=\"4 minutes\" \/>\n<script type=\"application\/ld+json\" class=\"yoast-schema-graph\">{\"@context\":\"https:\/\/schema.org\",\"@graph\":[{\"@type\":\"WebPage\",\"@id\":\"https:\/\/www.carideal.com\/blog\/garage-automobile\/pneu\/pneu-occasion\/\",\"url\":\"https:\/\/www.carideal.com\/blog\/garage-automobile\/pneu\/pneu-occasion\/\",\"name\":\"PNEU OCCASION : un march\u00e9 en Hausse - Blog auto Carid\u00e9al\",\"isPartOf\":{\"@id\":\"https:\/\/www.carideal.com\/blog\/#website\"},\"primaryImageOfPage\":{\"@id\":\"https:\/\/www.carideal.com\/blog\/garage-automobile\/pneu\/pneu-occasion\/#primaryimage\"},\"image\":{\"@id\":\"https:\/\/www.carideal.com\/blog\/garage-automobile\/pneu\/pneu-occasion\/#primaryimage\"},\"thumbnailUrl\":\"https:\/\/www.carideal.com\/blog\/wp-content\/uploads\/2016\/12\/pneu-occasion-e1580155578599.jpg\",\"datePublished\":\"2016-12-10T09:51:52+00:00\",\"dateModified\":\"2020-01-27T20:13:50+00:00\",\"description\":\"Le syst\u00e8me fran\u00e7ais de collecte du pneu d'occasion est l'un des plus performants d'Europe : Le m\u00eame, mais \u00e0 moi\u00adti\u00e9 prix ! quelle incidence pour la s\u00e9curit\u00e9\",\"breadcrumb\":{\"@id\":\"https:\/\/www.carideal.com\/blog\/garage-automobile\/pneu\/pneu-occasion\/#breadcrumb\"},\"inLanguage\":\"fr-FR\",\"potentialAction\":[{\"@type\":\"ReadAction\",\"target\":[\"https:\/\/www.carideal.com\/blog\/garage-automobile\/pneu\/pneu-occasion\/\"]}]},{\"@type\":\"ImageObject\",\"inLanguage\":\"fr-FR\",\"@id\":\"https:\/\/www.carideal.com\/blog\/garage-automobile\/pneu\/pneu-occasion\/#primaryimage\",\"url\":\"https:\/\/www.carideal.com\/blog\/wp-content\/uploads\/2016\/12\/pneu-occasion-e1580155578599.jpg\",\"contentUrl\":\"https:\/\/www.carideal.com\/blog\/wp-content\/uploads\/2016\/12\/pneu-occasion-e1580155578599.jpg\",\"width\":600,\"height\":450,\"caption\":\"Pneu occasion\"},{\"@type\":\"BreadcrumbList\",\"@id\":\"https:\/\/www.carideal.com\/blog\/garage-automobile\/pneu\/pneu-occasion\/#breadcrumb\",\"itemListElement\":[{\"@type\":\"ListItem\",\"position\":1,\"name\":\"Blog Carid\u00e9al\",\"item\":\"https:\/\/www.carideal.com\/blog\/\"},{\"@type\":\"ListItem\",\"position\":2,\"name\":\"Garage Automobile\",\"item\":\"https:\/\/www.carideal.com\/blog\/garage-automobile\/\"},{\"@type\":\"ListItem\",\"position\":3,\"name\":\"Pneu\",\"item\":\"https:\/\/www.carideal.com\/blog\/garage-automobile\/pneu\/\"},{\"@type\":\"ListItem\",\"position\":4,\"name\":\"PNEU OCCASION : un march\u00e9 en Hausse\"}]},{\"@type\":\"WebSite\",\"@id\":\"https:\/\/www.carideal.com\/blog\/#website\",\"url\":\"https:\/\/www.carideal.com\/blog\/\",\"name\":\"Blog auto Carid\u00e9al\",\"description\":\"Actualit\u00e9 auto par des passionn\u00e9s\",\"publisher\":{\"@id\":\"https:\/\/www.carideal.com\/blog\/#organization\"},\"potentialAction\":[{\"@type\":\"SearchAction\",\"target\":{\"@type\":\"EntryPoint\",\"urlTemplate\":\"https:\/\/www.carideal.com\/blog\/?s={search_term_string}\"},\"query-input\":{\"@type\":\"PropertyValueSpecification\",\"valueRequired\":true,\"valueName\":\"search_term_string\"}}],\"inLanguage\":\"fr-FR\"},{\"@type\":\"Organization\",\"@id\":\"https:\/\/www.carideal.com\/blog\/#organization\",\"name\":\"Carideal\",\"url\":\"https:\/\/www.carideal.com\/blog\/\",\"logo\":{\"@type\":\"ImageObject\",\"inLanguage\":\"fr-FR\",\"@id\":\"https:\/\/www.carideal.com\/blog\/#\/schema\/logo\/image\/\",\"url\":\"http:\/\/www.carideal.com\/blog\/wp-content\/uploads\/2016\/03\/logo-carideal-mandataire-automobile.png\",\"contentUrl\":\"http:\/\/www.carideal.com\/blog\/wp-content\/uploads\/2016\/03\/logo-carideal-mandataire-automobile.png\",\"width\":300,\"height\":300,\"caption\":\"Carideal\"},\"image\":{\"@id\":\"https:\/\/www.carideal.com\/blog\/#\/schema\/logo\/image\/\"},\"sameAs\":[\"https:\/\/www.facebook.com\/Carideal.mandataire.automobile\",\"https:\/\/x.com\/caridealauto\",\"https:\/\/www.instagram.com\/carideal1\/\",\"https:\/\/www.linkedin.com\/company\/carideal.com\",\"https:\/\/fr.pinterest.com\/schiavonsas\/\",\"https:\/\/www.youtube.com\/user\/caridealsas\"]}]}<\/script>\n<!-- \/ Yoast SEO plugin. -->","yoast_head_json":{"title":"PNEU OCCASION : un march\u00e9 en Hausse - Blog auto Carid\u00e9al","description":"Le syst\u00e8me fran\u00e7ais de collecte du pneu d'occasion est l'un des plus performants d'Europe : Le m\u00eame, mais \u00e0 moi\u00adti\u00e9 prix ! quelle incidence pour la s\u00e9curit\u00e9","robots":{"index":"index","follow":"follow","max-snippet":"max-snippet:-1","max-image-preview":"max-image-preview:large","max-video-preview":"max-video-preview:-1"},"canonical":"https:\/\/www.carideal.com\/blog\/garage-automobile\/pneu\/pneu-occasion\/","og_locale":"fr_FR","og_type":"article","og_title":"PNEU OCCASION : un march\u00e9 en Hausse - Blog auto Carid\u00e9al","og_description":"Le syst\u00e8me fran\u00e7ais de collecte du pneu d'occasion est l'un des plus performants d'Europe : Le m\u00eame, mais \u00e0 moi\u00adti\u00e9 prix ! quelle incidence pour la s\u00e9curit\u00e9","og_url":"https:\/\/www.carideal.com\/blog\/garage-automobile\/pneu\/pneu-occasion\/","og_site_name":"Blog auto Carid\u00e9al","article_publisher":"https:\/\/www.facebook.com\/Carideal.mandataire.automobile","article_modified_time":"2020-01-27T20:13:50+00:00","og_image":[{"width":600,"height":450,"url":"https:\/\/www.carideal.com\/blog\/wp-content\/uploads\/2016\/12\/pneu-occasion-e1580155578599.jpg","type":"image\/jpeg"}],"twitter_card":"summary_large_image","twitter_site":"@caridealauto","twitter_misc":{"Dur\u00e9e de lecture estim\u00e9e":"4 minutes"},"schema":{"@context":"https:\/\/schema.org","@graph":[{"@type":"WebPage","@id":"https:\/\/www.carideal.com\/blog\/garage-automobile\/pneu\/pneu-occasion\/","url":"https:\/\/www.carideal.com\/blog\/garage-automobile\/pneu\/pneu-occasion\/","name":"PNEU OCCASION : un march\u00e9 en Hausse - Blog auto Carid\u00e9al","isPartOf":{"@id":"https:\/\/www.carideal.com\/blog\/#website"},"primaryImageOfPage":{"@id":"https:\/\/www.carideal.com\/blog\/garage-automobile\/pneu\/pneu-occasion\/#primaryimage"},"image":{"@id":"https:\/\/www.carideal.com\/blog\/garage-automobile\/pneu\/pneu-occasion\/#primaryimage"},"thumbnailUrl":"https:\/\/www.carideal.com\/blog\/wp-content\/uploads\/2016\/12\/pneu-occasion-e1580155578599.jpg","datePublished":"2016-12-10T09:51:52+00:00","dateModified":"2020-01-27T20:13:50+00:00","description":"Le syst\u00e8me fran\u00e7ais de collecte du pneu d'occasion est l'un des plus performants d'Europe : Le m\u00eame, mais \u00e0 moi\u00adti\u00e9 prix ! quelle incidence pour la s\u00e9curit\u00e9","breadcrumb":{"@id":"https:\/\/www.carideal.com\/blog\/garage-automobile\/pneu\/pneu-occasion\/#breadcrumb"},"inLanguage":"fr-FR","potentialAction":[{"@type":"ReadAction","target":["https:\/\/www.carideal.com\/blog\/garage-automobile\/pneu\/pneu-occasion\/"]}]},{"@type":"ImageObject","inLanguage":"fr-FR","@id":"https:\/\/www.carideal.com\/blog\/garage-automobile\/pneu\/pneu-occasion\/#primaryimage","url":"https:\/\/www.carideal.com\/blog\/wp-content\/uploads\/2016\/12\/pneu-occasion-e1580155578599.jpg","contentUrl":"https:\/\/www.carideal.com\/blog\/wp-content\/uploads\/2016\/12\/pneu-occasion-e1580155578599.jpg","width":600,"height":450,"caption":"Pneu occasion"},{"@type":"BreadcrumbList","@id":"https:\/\/www.carideal.com\/blog\/garage-automobile\/pneu\/pneu-occasion\/#breadcrumb","itemListElement":[{"@type":"ListItem","position":1,"name":"Blog Carid\u00e9al","item":"https:\/\/www.carideal.com\/blog\/"},{"@type":"ListItem","position":2,"name":"Garage Automobile","item":"https:\/\/www.carideal.com\/blog\/garage-automobile\/"},{"@type":"ListItem","position":3,"name":"Pneu","item":"https:\/\/www.carideal.com\/blog\/garage-automobile\/pneu\/"},{"@type":"ListItem","position":4,"name":"PNEU OCCASION : un march\u00e9 en Hausse"}]},{"@type":"WebSite","@id":"https:\/\/www.carideal.com\/blog\/#website","url":"https:\/\/www.carideal.com\/blog\/","name":"Blog auto Carid\u00e9al","description":"Actualit\u00e9 auto par des passionn\u00e9s","publisher":{"@id":"https:\/\/www.carideal.com\/blog\/#organization"},"potentialAction":[{"@type":"SearchAction","target":{"@type":"EntryPoint","urlTemplate":"https:\/\/www.carideal.com\/blog\/?s={search_term_string}"},"query-input":{"@type":"PropertyValueSpecification","valueRequired":true,"valueName":"search_term_string"}}],"inLanguage":"fr-FR"},{"@type":"Organization","@id":"https:\/\/www.carideal.com\/blog\/#organization","name":"Carideal","url":"https:\/\/www.carideal.com\/blog\/","logo":{"@type":"ImageObject","inLanguage":"fr-FR","@id":"https:\/\/www.carideal.com\/blog\/#\/schema\/logo\/image\/","url":"http:\/\/www.carideal.com\/blog\/wp-content\/uploads\/2016\/03\/logo-carideal-mandataire-automobile.png","contentUrl":"http:\/\/www.carideal.com\/blog\/wp-content\/uploads\/2016\/03\/logo-carideal-mandataire-automobile.png","width":300,"height":300,"caption":"Carideal"},"image":{"@id":"https:\/\/www.carideal.com\/blog\/#\/schema\/logo\/image\/"},"sameAs":["https:\/\/www.facebook.com\/Carideal.mandataire.automobile","https:\/\/x.com\/caridealauto","https:\/\/www.instagram.com\/carideal1\/","https:\/\/www.linkedin.com\/company\/carideal.com","https:\/\/fr.pinterest.com\/schiavonsas\/","https:\/\/www.youtube.com\/user\/caridealsas"]}]}},"uagb_featured_image_src":{"full":["https:\/\/www.carideal.com\/blog\/wp-content\/uploads\/2016\/12\/pneu-occasion-e1580155578599.jpg",600,450,false],"thumbnail":["https:\/\/www.carideal.com\/blog\/wp-content\/uploads\/2016\/12\/pneu-occasion-150x150.jpg",150,150,true],"medium":["https:\/\/www.carideal.com\/blog\/wp-content\/uploads\/2016\/12\/pneu-occasion-300x225.jpg",300,225,true],"medium_large":["https:\/\/www.carideal.com\/blog\/wp-content\/uploads\/2016\/12\/pneu-occasion-768x576.jpg",768,576,true],"large":["https:\/\/www.carideal.com\/blog\/wp-content\/uploads\/2016\/12\/pneu-occasion-1024x768.jpg",1024,768,true],"1536x1536":["https:\/\/www.carideal.com\/blog\/wp-content\/uploads\/2016\/12\/pneu-occasion-e1580155578599.jpg",600,450,false],"2048x2048":["https:\/\/www.carideal.com\/blog\/wp-content\/uploads\/2016\/12\/pneu-occasion-e1580155578599.jpg",600,450,false],"wppr-widget":["https:\/\/www.carideal.com\/blog\/wp-content\/uploads\/2016\/12\/pneu-occasion-e1580155578599.jpg",50,38,false]},"uagb_author_info":{"display_name":"Nicolas SCHIAVON","author_link":"https:\/\/www.carideal.com\/blog\/author\/nschiavon\/"},"uagb_comment_info":0,"uagb_excerpt":"Le syst\u00e8me fran\u00e7ais de collecte du pneu\u00a0d'occasion\u00a0est l'un des plus performants d'Europe PNEU D'OCCASION : Le m\u00eame, mais \u00e0 moi\u00adti\u00e9 prix ! Pour Patrick Poincelet, pr\u00e9sident des recycleurs adh\u00e9\u00adrents au Conseil national des profes\u00adsions de l'automobile (CNPA), un pneu d'occasion co\u00fbte \u00e0 peine \u00ab\u00a030 % du prix d'un neuf \u00bb. Voici quelques exemples de tarifs\u2026","_links":{"self":[{"href":"https:\/\/www.carideal.com\/blog\/wp-json\/wp\/v2\/pages\/14138"}],"collection":[{"href":"https:\/\/www.carideal.com\/blog\/wp-json\/wp\/v2\/pages"}],"about":[{"href":"https:\/\/www.carideal.com\/blog\/wp-json\/wp\/v2\/types\/page"}],"author":[{"embeddable":true,"href":"https:\/\/www.carideal.com\/blog\/wp-json\/wp\/v2\/users\/3"}],"replies":[{"embeddable":true,"href":"https:\/\/www.carideal.com\/blog\/wp-json\/wp\/v2\/comments?post=14138"}],"version-history":[{"count":0,"href":"https:\/\/www.carideal.com\/blog\/wp-json\/wp\/v2\/pages\/14138\/revisions"}],"up":[{"embeddable":true,"href":"https:\/\/www.carideal.com\/blog\/wp-json\/wp\/v2\/pages\/13989"}],"wp:featuredmedia":[{"embeddable":true,"href":"https:\/\/www.carideal.com\/blog\/wp-json\/wp\/v2\/media\/14139"}],"wp:attachment":[{"href":"https:\/\/www.carideal.com\/blog\/wp-json\/wp\/v2\/media?parent=14138"}],"curies":[{"name":"wp","href":"https:\/\/api.w.org\/{rel}","templated":true}]}}