{"id":14001,"date":"2016-12-06T11:22:01","date_gmt":"2016-12-06T10:22:01","guid":{"rendered":"http:\/\/www.carideal.com\/blog\/?page_id=14001"},"modified":"2020-01-27T21:18:27","modified_gmt":"2020-01-27T20:18:27","slug":"pneu-pas-cher","status":"publish","type":"page","link":"https:\/\/www.carideal.com\/blog\/garage-automobile\/pneu\/pneu-pas-cher\/","title":{"rendered":"PNEU PAS CHER &#8211; Le Choix les marques"},"content":{"rendered":"<h2>PNEU PAS CHER TOUTES NOS OFFRES<\/h2>\n<p>Un bon <a href=\"http:\/\/www.carideal.com\/blog\/garage-automobile\/\">garage automobile<\/a>\u00a0devrait proposer depuis de nombreuses ann\u00e9es une offre de <strong>PNEU PAS CHER\u00a0<\/strong>vaste et vari\u00e9e pour tous les budgets, toutes les utilisations, des pneus hiver, ou des pneus \u00e9t\u00e9. Nous proposons les plus grandes marques de Pneu, les pneus Premium et de premi\u00e8re ligne, des pneus de seconde ligne et enfin ceux que l'on appelle les pneus de troisi\u00e8me ligne, de pneu pas cher.<\/p>\n<figure id=\"attachment_11974\" aria-describedby=\"caption-attachment-11974\" style=\"width: 590px\" class=\"wp-caption alignnone\"><img loading=\"lazy\" decoding=\"async\" class=\"wp-image-11974 size-full\" title=\"Pneu pas cher\" src=\"http:\/\/www.carideal.com\/blog\/wp-content\/uploads\/2011\/06\/Pneu-pas-cher-\u00e9t\u00e9.jpg\" alt=\"Pneu pas cher \u00e9t\u00e9\" width=\"600\" height=\"336\" srcset=\"https:\/\/www.carideal.com\/blog\/wp-content\/uploads\/2011\/06\/Pneu-pas-cher-\u00e9t\u00e9.jpg 600w, https:\/\/www.carideal.com\/blog\/wp-content\/uploads\/2011\/06\/Pneu-pas-cher-\u00e9t\u00e9-300x168.jpg 300w\" sizes=\"(max-width: 600px) 100vw, 600px\" \/><figcaption id=\"caption-attachment-11974\" class=\"wp-caption-text\">Pneu pas cher \u00e9t\u00e9<\/figcaption><\/figure>\n<p><!-- START ADVERTISER: 123pneus.fr from awin.com --><\/p>\n<p><!-- END ADVERTISER: 123pneus.fr from awin.com --><\/p>\n<h2><strong>LE PNEU PAS CHER PREMIUM<\/strong><\/h2>\n<p>Les pneus premium sont compos\u00e9s des plus grandes marques. Ce sont des pneus con\u00e7us pour les conducteurs les plus exigeants. Ces <a href=\"http:\/\/www.carideal.com\/blog\/garage-automobile\/pneu\/\">pneus<\/a> offrent, un maximum de s\u00e9curit\u00e9, dans tous les cas de figure, quel que soit l'\u00e9tat de la route et le trajet. Ils proposent le plus grand confort et un contr\u00f4le parfait. Les marques de <strong>PNEU PREMIUM<\/strong>\u00a0sont : Bridgestone, Continental, Dunlop, GoodYear, Hankook,\u00a0<a href=\"http:\/\/www.carideal.com\/blog\/garage-automobile\/pneu\/pneu-michelin\/\">Michelin<\/a>, Pirelli, et Toyo.<\/p>\n<h2><strong>LE PNEU PAS CHER DE SECONDE LIGNE<\/strong><\/h2>\n<p>Le <strong>PNEU PAS CHER DE SECONDE LIGNE<\/strong>, propose un excellent rapport qualit\u00e9-prix. Ces pneus sont souvent des deuxi\u00e8mes marques des pneus premium. Ils proposent donc des solutions techniques \u00e9prouv\u00e9es. Ces pneus proposent la plus grande s\u00e9curit\u00e9 quelle que soit l'\u00e9tat de la route. Ces pneus offrent aux clients concern\u00e9s par leur s\u00e9curit\u00e9 tout autant que par leur budget, une bonne alternative aux pneus Premium : BFGOODRICH, COOPER TYRES, FALKEN, FIRESTONE, FULDA, KLEBER, KUMHO TYRES, NANKANG, NOKIAN TYRES, UNIROYAL, VREDESTEIN, YOKOHAMA.<\/p>\n<h2><strong>LE PNEU PAS CHER DE TROISIEME LIGNE<\/strong><\/h2>\n<p>Le <strong>PNEU PAS CHER BUDGET<\/strong> correspond parfaitement \u00e0 une utilisation occasionnelle de sa voiture, et pour les clients au budget restreint. Ces pneus sont con\u00e7us pour apporter la long\u00e9vit\u00e9 n\u00e9cessaire en toute s\u00e9curit\u00e9 pour leurs utilisateurs. Ces pneus, con\u00e7u pour offrir de bonnes conditions de conduite et de qualit\u00e9 pour des conditions de conduite standard. Ils ne sont pas faits pour un usage sportif, ou des conditions difficiles : MAXXIS, RIKKEN etc.<\/p>\n<p><strong>PAYER VOS PNEUS PAS CHERS EN 3 OU 4 FOIS<\/strong><\/p>\n<p>Par ce que votre s\u00e9curit\u00e9 ne doit pas \u00eatre un poids dans votre budget, Certains partenaires vous proposent de r\u00e9gler vos pneus en plusieurs fois.<\/p>\n<p><!-- START ADVERTISER: 123pneus.fr from awin.com --><\/p>\n<p><!-- END ADVERTISER: 123pneus.fr from awin.com --><\/p>\n<h2>La liste de nos offres de pneus pas cher<\/h2>\n<p>Retrouvez toutes nos offres de pneus pas cher. Contactez nous en nous donnant la dimension et nous vous faisons un devis dans la demi journ\u00e9e sui suit.<\/p>\n<ul class=\"lcp_catlist\" id=\"lcp_instance_0\"><li><a href=\"https:\/\/www.carideal.com\/blog\/2016\/03\/01\/promo-pneu-michelin-mars-2016\/\">Promo Pneu Michelin Mars 2016<\/a><div class=\"lcp_excerpt\">Promo Pneu Michelin Mars 2016\nPromo pneu Michelin Mars 2016. Nous mettons en place une Promo pneu Michelin dans le cadre de nos op\u00e9rations de PNEU PAS CHER.\n1\/ Pour les modalit\u00e9es de cette PROMO PNEU MICHELIN du Printemps 2016, il faut acheter simultan\u00e9ment, entre le 1er et le 31 mars 2016, 2 ou 4 pneus hiver ...<\/div><\/li><li><a href=\"https:\/\/www.carideal.com\/blog\/2015\/11\/27\/promo-pneu-neige-michelin-novembre-2015\/\">Promo pneu neige Michelin Novembre 2015<\/a><div class=\"lcp_excerpt\">Promo pneu neige Michelin Novembre 2015\nAlors que tous les sites m\u00e9t\u00e9o annoncent une offensive hivernale de grande ampleur avec la neige annonc\u00e9e en plaine, \u00e0 partir de 10 cm \u00e0 Chamb\u00e9ry (voir plus bas)\nNous en profitons pour vous rappeler les DEUX offres\u00a0promo pneu neige MICHELIN en Cours : GARDIENNAGE\n1-Achetez simultan\u00e9ment, entre le 1er et le ...<\/div><\/li><li><a href=\"https:\/\/www.carideal.com\/blog\/2015\/10\/12\/promo-pneu-neige-pirelli-octobre-2015\/\">Promo pneu neige Pirelli octobre 2015<\/a><div class=\"lcp_excerpt\">Promo pneu neige Pirelli 55 % de remise en Octobre 2015\nL&rsquo;hiver arrive et risque de s&rsquo;installer, la neige arrive \u00e0 partir de 800 m\u00e8tres. C&rsquo;est \u00a0le moment de profiter de notre PROMO PNEU de pneu hiver afin de r\u00e9sister aux mauvaises conditions hivernales. Pour m\u00e9moire pendant les mois de mauvaise saison, en dessous de 7\u00b0C, ...<\/div><\/li><li><a href=\"https:\/\/www.carideal.com\/blog\/2015\/03\/01\/achat-pneus-cher-mars-2015\/\">Achat Pneu pas cher Mars 2015<\/a><div class=\"lcp_excerpt\">ACHAT PNEU PAS CHER Mars 2015\nAchat Pneu pas cher MICHELIN au prix NET du 1er Mars au 30 Avril 2015 : Avec cette op\u00e9ration de Citroen vous avez les prix de pneus les moins chers du march\u00e9 dans notre garage automobile !\nBar\u00e8me de Facturation \u201342% sur 4 r\u00e9f\u00e9rences :\n155\/70R13 75T ENERGY SAVER E3B \u00e0 50.60 ...<\/div><\/li><li><a href=\"https:\/\/www.carideal.com\/blog\/2012\/10\/26\/pneus-hiver-neige-pirelli-a-50\/\">Pneus hiver neige Pirelli avec 50 % de remise<\/a><div class=\"lcp_excerpt\">\nPneus hiver neige Pirelli avec 50 % de remise\n\nUne id\u00e9e fausse r\u00e9pandue est que la France a rarement des hivers assez rigoureux pour qu&rsquo;il soit utile de passer aux pneus hiver lorsque la temp\u00e9rature baisse, mais en r\u00e9alit\u00e9, vous commencez \u00e0 tirer parti des pneus pour temps froid d\u00e8s que la temp\u00e9rature descend au-dessous de ...<\/div><\/li><li><a href=\"https:\/\/www.carideal.com\/blog\/2012\/05\/07\/michelin-onway\/\">MICHELIN ONWAY recevez 20 ou 50 \u20ac<\/a><div class=\"lcp_excerpt\">MICHELIN ONWAY\nMICHELIN ADDITIONNE LES PERFORMANCES :\nVOUS N&rsquo;\u00caTES JAMAIS SEUL SUR LA ROUTE AVEC MICHELIN ONWAY !\nMICHELIN OnWay, c&rsquo;est 3 services gratuits\u00a0d\u00e8s l&rsquo;achat de 2 pneus MICHELIN\u00a0avec notre garage automobbile\u00a0\u00e0 Chamb\u00e9ry.\nL&rsquo;Assistance Pneumatiques Michelin OnWay\nElle pr\u00e9voit le d\u00e9pannage gratuit en moins d&rsquo;une heure. Partout en Europe, 24h\/24 et 7j\/7.\nLa Garantie Dommages Michelin OnWay\nMICHELIN OnWay vous assure en ...<\/div><\/li><li><a href=\"https:\/\/www.carideal.com\/blog\/2011\/06\/23\/achat-pneus-pas-chers-sur-carideal-pneus\/\">Promotion pneu l&rsquo;achat de pneu malin<\/a><div class=\"lcp_excerpt\">\nPromotion pneu avec votre partenaire Carideal\n\nCarideal.com lance sa promotion pneu\u00a0sur internet. Nous proposons les plus grandes marques de pneus \u00e0 Prix discount dont Michelin, Goodyear, Kleber, Continental etc mais aussi des premiers prix pour ceux dont le besoin ne n\u00e9cessite pas de grandes marques. Profitez de la r\u00e9vision de votre voiture, ou la vidange moteur ...<\/div><\/li><li><a href=\"https:\/\/www.carideal.com\/blog\/2011\/06\/23\/achat-pneus-moins-chers-pneus-auto-discount\/\">Pneus discount pneu pas cher<\/a><div class=\"lcp_excerpt\">Pneus discount l&rsquo;achat pneu moins cher sur notre site carideal.com\nPour le lancement de sa nouvelle activit\u00e9 de vente de pneu discount sur internet Carideal pneus, nous lan\u00e7ons une offre sp\u00e9cifique sur quelques r\u00e9f\u00e9rences, list\u00e9es ci apr\u00e8s avec des prix tr\u00e8s tr\u00e8s remis\u00e9s, cette offre est valable du 1er Juillet au 15 Ao\u00fbt, suivant les disponibilit\u00e9s.\nCes ...<\/div><\/li><li><a href=\"https:\/\/www.carideal.com\/blog\/2011\/02\/09\/promos-de-pneus-discount-en-savoie-achat-pneu-pas-chere\/\">Promos de pneus Discount en Savoie<\/a><div class=\"lcp_excerpt\">Promos de pneus Discount en Savoie\nLes plus Grandes marques de pneus au meilleur prix, Michelin, Continental, Dunlop, Good Year, Firestone, Kleber Toyo sont disponible \u00e0 Prix cass\u00e9s !\nAchat Le prix des pneus les plus bas toute l&rsquo;ann\u00e9e.\nLe plus grand choix et le meilleur prix par des prof\u00e9ssionnels pour vous conseiller le pneu qui vous convient ...<\/div><\/li><\/ul>\n<p><!-- START ADVERTISER: 123pneus.fr from awin.com --><\/p>\n<p><!-- END ADVERTISER: 123pneus.fr from awin.com --><\/p>\n","protected":false},"excerpt":{"rendered":"<p>PNEU PAS CHER TOUTES NOS OFFRES Un bon garage automobile\u00a0devrait proposer depuis de nombreuses ann\u00e9es une offre de PNEU PAS CHER\u00a0vaste et vari\u00e9e pour tous les budgets, toutes les utilisations, des pneus hiver, ou des pneus \u00e9t\u00e9. Nous proposons les plus grandes marques de Pneu, les pneus Premium et de premi\u00e8re ligne, des pneus de &#8230; <a title=\"PNEU PAS CHER &#8211; Le Choix les marques\" class=\"read-more\" href=\"https:\/\/www.carideal.com\/blog\/garage-automobile\/pneu\/pneu-pas-cher\/\" aria-label=\"En savoir plus sur PNEU PAS CHER &#8211; Le Choix les marques\">Lire plus<\/a><\/p>\n","protected":false},"author":3,"featured_media":11974,"parent":13989,"menu_order":0,"comment_status":"closed","ping_status":"closed","template":"","meta":{"_uag_custom_page_level_css":"","_themeisle_gutenberg_block_has_review":false,"footnotes":""},"class_list":["post-14001","page","type-page","status-publish","has-post-thumbnail"],"wppr_data":{"cwp_meta_box_check":"No"},"yoast_head":"<!-- This site is optimized with the Yoast SEO plugin v24.8.1 - https:\/\/yoast.com\/wordpress\/plugins\/seo\/ -->\n<title>PNEU PAS CHER - Le Choix les marques - Blog auto Carid\u00e9al<\/title>\n<meta name=\"description\" content=\"Un bon garage automobile devrait proposer depuis de nombreuses ann\u00e9es une offre de pneu pas cher vaste et vari\u00e9e pour tous les budgets\" \/>\n<meta name=\"robots\" content=\"index, follow, max-snippet:-1, max-image-preview:large, max-video-preview:-1\" \/>\n<link rel=\"canonical\" href=\"https:\/\/www.carideal.com\/blog\/garage-automobile\/pneu\/pneu-pas-cher\/\" \/>\n<meta property=\"og:locale\" content=\"fr_FR\" \/>\n<meta property=\"og:type\" content=\"article\" \/>\n<meta property=\"og:title\" content=\"PNEU PAS CHER - Le Choix les marques - Blog auto Carid\u00e9al\" \/>\n<meta property=\"og:description\" content=\"Un bon garage automobile devrait proposer depuis de nombreuses ann\u00e9es une offre de pneu pas cher vaste et vari\u00e9e pour tous les budgets\" \/>\n<meta property=\"og:url\" content=\"https:\/\/www.carideal.com\/blog\/garage-automobile\/pneu\/pneu-pas-cher\/\" \/>\n<meta property=\"og:site_name\" content=\"Blog auto Carid\u00e9al\" \/>\n<meta property=\"article:publisher\" content=\"https:\/\/www.facebook.com\/Carideal.mandataire.automobile\" \/>\n<meta property=\"article:modified_time\" content=\"2020-01-27T20:18:27+00:00\" \/>\n<meta property=\"og:image\" content=\"https:\/\/www.carideal.com\/blog\/wp-content\/uploads\/2011\/06\/Pneu-pas-cher-\u00e9t\u00e9.jpg\" \/>\n\t<meta property=\"og:image:width\" content=\"600\" \/>\n\t<meta property=\"og:image:height\" content=\"336\" \/>\n\t<meta property=\"og:image:type\" content=\"image\/jpeg\" \/>\n<meta name=\"twitter:card\" content=\"summary_large_image\" \/>\n<meta name=\"twitter:site\" content=\"@caridealauto\" \/>\n<meta name=\"twitter:label1\" content=\"Dur\u00e9e de lecture estim\u00e9e\" \/>\n\t<meta name=\"twitter:data1\" content=\"2 minutes\" \/>\n<script type=\"application\/ld+json\" class=\"yoast-schema-graph\">{\"@context\":\"https:\/\/schema.org\",\"@graph\":[{\"@type\":\"WebPage\",\"@id\":\"https:\/\/www.carideal.com\/blog\/garage-automobile\/pneu\/pneu-pas-cher\/\",\"url\":\"https:\/\/www.carideal.com\/blog\/garage-automobile\/pneu\/pneu-pas-cher\/\",\"name\":\"PNEU PAS CHER - Le Choix les marques - Blog auto Carid\u00e9al\",\"isPartOf\":{\"@id\":\"https:\/\/www.carideal.com\/blog\/#website\"},\"primaryImageOfPage\":{\"@id\":\"https:\/\/www.carideal.com\/blog\/garage-automobile\/pneu\/pneu-pas-cher\/#primaryimage\"},\"image\":{\"@id\":\"https:\/\/www.carideal.com\/blog\/garage-automobile\/pneu\/pneu-pas-cher\/#primaryimage\"},\"thumbnailUrl\":\"https:\/\/www.carideal.com\/blog\/wp-content\/uploads\/2011\/06\/Pneu-pas-cher-\u00e9t\u00e9.jpg\",\"datePublished\":\"2016-12-06T10:22:01+00:00\",\"dateModified\":\"2020-01-27T20:18:27+00:00\",\"description\":\"Un bon garage automobile devrait proposer depuis de nombreuses ann\u00e9es une offre de pneu pas cher vaste et vari\u00e9e pour tous les budgets\",\"breadcrumb\":{\"@id\":\"https:\/\/www.carideal.com\/blog\/garage-automobile\/pneu\/pneu-pas-cher\/#breadcrumb\"},\"inLanguage\":\"fr-FR\",\"potentialAction\":[{\"@type\":\"ReadAction\",\"target\":[\"https:\/\/www.carideal.com\/blog\/garage-automobile\/pneu\/pneu-pas-cher\/\"]}]},{\"@type\":\"ImageObject\",\"inLanguage\":\"fr-FR\",\"@id\":\"https:\/\/www.carideal.com\/blog\/garage-automobile\/pneu\/pneu-pas-cher\/#primaryimage\",\"url\":\"https:\/\/www.carideal.com\/blog\/wp-content\/uploads\/2011\/06\/Pneu-pas-cher-\u00e9t\u00e9.jpg\",\"contentUrl\":\"https:\/\/www.carideal.com\/blog\/wp-content\/uploads\/2011\/06\/Pneu-pas-cher-\u00e9t\u00e9.jpg\",\"width\":600,\"height\":336,\"caption\":\"Pneu pas cher \u00e9t\u00e9\"},{\"@type\":\"BreadcrumbList\",\"@id\":\"https:\/\/www.carideal.com\/blog\/garage-automobile\/pneu\/pneu-pas-cher\/#breadcrumb\",\"itemListElement\":[{\"@type\":\"ListItem\",\"position\":1,\"name\":\"Blog Carid\u00e9al\",\"item\":\"https:\/\/www.carideal.com\/blog\/\"},{\"@type\":\"ListItem\",\"position\":2,\"name\":\"Garage Automobile\",\"item\":\"https:\/\/www.carideal.com\/blog\/garage-automobile\/\"},{\"@type\":\"ListItem\",\"position\":3,\"name\":\"Pneu\",\"item\":\"https:\/\/www.carideal.com\/blog\/garage-automobile\/pneu\/\"},{\"@type\":\"ListItem\",\"position\":4,\"name\":\"Pneu pas cher\"}]},{\"@type\":\"WebSite\",\"@id\":\"https:\/\/www.carideal.com\/blog\/#website\",\"url\":\"https:\/\/www.carideal.com\/blog\/\",\"name\":\"Blog auto Carid\u00e9al\",\"description\":\"Actualit\u00e9 auto par des passionn\u00e9s\",\"publisher\":{\"@id\":\"https:\/\/www.carideal.com\/blog\/#organization\"},\"potentialAction\":[{\"@type\":\"SearchAction\",\"target\":{\"@type\":\"EntryPoint\",\"urlTemplate\":\"https:\/\/www.carideal.com\/blog\/?s={search_term_string}\"},\"query-input\":{\"@type\":\"PropertyValueSpecification\",\"valueRequired\":true,\"valueName\":\"search_term_string\"}}],\"inLanguage\":\"fr-FR\"},{\"@type\":\"Organization\",\"@id\":\"https:\/\/www.carideal.com\/blog\/#organization\",\"name\":\"Carideal\",\"url\":\"https:\/\/www.carideal.com\/blog\/\",\"logo\":{\"@type\":\"ImageObject\",\"inLanguage\":\"fr-FR\",\"@id\":\"https:\/\/www.carideal.com\/blog\/#\/schema\/logo\/image\/\",\"url\":\"http:\/\/www.carideal.com\/blog\/wp-content\/uploads\/2016\/03\/logo-carideal-mandataire-automobile.png\",\"contentUrl\":\"http:\/\/www.carideal.com\/blog\/wp-content\/uploads\/2016\/03\/logo-carideal-mandataire-automobile.png\",\"width\":300,\"height\":300,\"caption\":\"Carideal\"},\"image\":{\"@id\":\"https:\/\/www.carideal.com\/blog\/#\/schema\/logo\/image\/\"},\"sameAs\":[\"https:\/\/www.facebook.com\/Carideal.mandataire.automobile\",\"https:\/\/x.com\/caridealauto\",\"https:\/\/www.instagram.com\/carideal1\/\",\"https:\/\/www.linkedin.com\/company\/carideal.com\",\"https:\/\/fr.pinterest.com\/schiavonsas\/\",\"https:\/\/www.youtube.com\/user\/caridealsas\"]}]}<\/script>\n<!-- \/ Yoast SEO plugin. -->","yoast_head_json":{"title":"PNEU PAS CHER - Le Choix les marques - Blog auto Carid\u00e9al","description":"Un bon garage automobile devrait proposer depuis de nombreuses ann\u00e9es une offre de pneu pas cher vaste et vari\u00e9e pour tous les budgets","robots":{"index":"index","follow":"follow","max-snippet":"max-snippet:-1","max-image-preview":"max-image-preview:large","max-video-preview":"max-video-preview:-1"},"canonical":"https:\/\/www.carideal.com\/blog\/garage-automobile\/pneu\/pneu-pas-cher\/","og_locale":"fr_FR","og_type":"article","og_title":"PNEU PAS CHER - Le Choix les marques - Blog auto Carid\u00e9al","og_description":"Un bon garage automobile devrait proposer depuis de nombreuses ann\u00e9es une offre de pneu pas cher vaste et vari\u00e9e pour tous les budgets","og_url":"https:\/\/www.carideal.com\/blog\/garage-automobile\/pneu\/pneu-pas-cher\/","og_site_name":"Blog auto Carid\u00e9al","article_publisher":"https:\/\/www.facebook.com\/Carideal.mandataire.automobile","article_modified_time":"2020-01-27T20:18:27+00:00","og_image":[{"width":600,"height":336,"url":"https:\/\/www.carideal.com\/blog\/wp-content\/uploads\/2011\/06\/Pneu-pas-cher-\u00e9t\u00e9.jpg","type":"image\/jpeg"}],"twitter_card":"summary_large_image","twitter_site":"@caridealauto","twitter_misc":{"Dur\u00e9e de lecture estim\u00e9e":"2 minutes"},"schema":{"@context":"https:\/\/schema.org","@graph":[{"@type":"WebPage","@id":"https:\/\/www.carideal.com\/blog\/garage-automobile\/pneu\/pneu-pas-cher\/","url":"https:\/\/www.carideal.com\/blog\/garage-automobile\/pneu\/pneu-pas-cher\/","name":"PNEU PAS CHER - Le Choix les marques - Blog auto Carid\u00e9al","isPartOf":{"@id":"https:\/\/www.carideal.com\/blog\/#website"},"primaryImageOfPage":{"@id":"https:\/\/www.carideal.com\/blog\/garage-automobile\/pneu\/pneu-pas-cher\/#primaryimage"},"image":{"@id":"https:\/\/www.carideal.com\/blog\/garage-automobile\/pneu\/pneu-pas-cher\/#primaryimage"},"thumbnailUrl":"https:\/\/www.carideal.com\/blog\/wp-content\/uploads\/2011\/06\/Pneu-pas-cher-\u00e9t\u00e9.jpg","datePublished":"2016-12-06T10:22:01+00:00","dateModified":"2020-01-27T20:18:27+00:00","description":"Un bon garage automobile devrait proposer depuis de nombreuses ann\u00e9es une offre de pneu pas cher vaste et vari\u00e9e pour tous les budgets","breadcrumb":{"@id":"https:\/\/www.carideal.com\/blog\/garage-automobile\/pneu\/pneu-pas-cher\/#breadcrumb"},"inLanguage":"fr-FR","potentialAction":[{"@type":"ReadAction","target":["https:\/\/www.carideal.com\/blog\/garage-automobile\/pneu\/pneu-pas-cher\/"]}]},{"@type":"ImageObject","inLanguage":"fr-FR","@id":"https:\/\/www.carideal.com\/blog\/garage-automobile\/pneu\/pneu-pas-cher\/#primaryimage","url":"https:\/\/www.carideal.com\/blog\/wp-content\/uploads\/2011\/06\/Pneu-pas-cher-\u00e9t\u00e9.jpg","contentUrl":"https:\/\/www.carideal.com\/blog\/wp-content\/uploads\/2011\/06\/Pneu-pas-cher-\u00e9t\u00e9.jpg","width":600,"height":336,"caption":"Pneu pas cher \u00e9t\u00e9"},{"@type":"BreadcrumbList","@id":"https:\/\/www.carideal.com\/blog\/garage-automobile\/pneu\/pneu-pas-cher\/#breadcrumb","itemListElement":[{"@type":"ListItem","position":1,"name":"Blog Carid\u00e9al","item":"https:\/\/www.carideal.com\/blog\/"},{"@type":"ListItem","position":2,"name":"Garage Automobile","item":"https:\/\/www.carideal.com\/blog\/garage-automobile\/"},{"@type":"ListItem","position":3,"name":"Pneu","item":"https:\/\/www.carideal.com\/blog\/garage-automobile\/pneu\/"},{"@type":"ListItem","position":4,"name":"Pneu pas cher"}]},{"@type":"WebSite","@id":"https:\/\/www.carideal.com\/blog\/#website","url":"https:\/\/www.carideal.com\/blog\/","name":"Blog auto Carid\u00e9al","description":"Actualit\u00e9 auto par des passionn\u00e9s","publisher":{"@id":"https:\/\/www.carideal.com\/blog\/#organization"},"potentialAction":[{"@type":"SearchAction","target":{"@type":"EntryPoint","urlTemplate":"https:\/\/www.carideal.com\/blog\/?s={search_term_string}"},"query-input":{"@type":"PropertyValueSpecification","valueRequired":true,"valueName":"search_term_string"}}],"inLanguage":"fr-FR"},{"@type":"Organization","@id":"https:\/\/www.carideal.com\/blog\/#organization","name":"Carideal","url":"https:\/\/www.carideal.com\/blog\/","logo":{"@type":"ImageObject","inLanguage":"fr-FR","@id":"https:\/\/www.carideal.com\/blog\/#\/schema\/logo\/image\/","url":"http:\/\/www.carideal.com\/blog\/wp-content\/uploads\/2016\/03\/logo-carideal-mandataire-automobile.png","contentUrl":"http:\/\/www.carideal.com\/blog\/wp-content\/uploads\/2016\/03\/logo-carideal-mandataire-automobile.png","width":300,"height":300,"caption":"Carideal"},"image":{"@id":"https:\/\/www.carideal.com\/blog\/#\/schema\/logo\/image\/"},"sameAs":["https:\/\/www.facebook.com\/Carideal.mandataire.automobile","https:\/\/x.com\/caridealauto","https:\/\/www.instagram.com\/carideal1\/","https:\/\/www.linkedin.com\/company\/carideal.com","https:\/\/fr.pinterest.com\/schiavonsas\/","https:\/\/www.youtube.com\/user\/caridealsas"]}]}},"uagb_featured_image_src":{"full":["https:\/\/www.carideal.com\/blog\/wp-content\/uploads\/2011\/06\/Pneu-pas-cher-\u00e9t\u00e9.jpg",600,336,false],"thumbnail":["https:\/\/www.carideal.com\/blog\/wp-content\/uploads\/2011\/06\/Pneu-pas-cher-\u00e9t\u00e9-150x150.jpg",150,150,true],"medium":["https:\/\/www.carideal.com\/blog\/wp-content\/uploads\/2011\/06\/Pneu-pas-cher-\u00e9t\u00e9-300x168.jpg",300,168,true],"medium_large":["https:\/\/www.carideal.com\/blog\/wp-content\/uploads\/2011\/06\/Pneu-pas-cher-\u00e9t\u00e9.jpg",600,336,false],"large":["https:\/\/www.carideal.com\/blog\/wp-content\/uploads\/2011\/06\/Pneu-pas-cher-\u00e9t\u00e9.jpg",600,336,false],"1536x1536":["https:\/\/www.carideal.com\/blog\/wp-content\/uploads\/2011\/06\/Pneu-pas-cher-\u00e9t\u00e9.jpg",600,336,false],"2048x2048":["https:\/\/www.carideal.com\/blog\/wp-content\/uploads\/2011\/06\/Pneu-pas-cher-\u00e9t\u00e9.jpg",600,336,false],"wppr-widget":["https:\/\/www.carideal.com\/blog\/wp-content\/uploads\/2011\/06\/Pneu-pas-cher-\u00e9t\u00e9.jpg",50,28,false]},"uagb_author_info":{"display_name":"Nicolas SCHIAVON","author_link":"https:\/\/www.carideal.com\/blog\/author\/nschiavon\/"},"uagb_comment_info":0,"uagb_excerpt":"PNEU PAS CHER TOUTES NOS OFFRES Un bon garage automobile\u00a0devrait proposer depuis de nombreuses ann\u00e9es une offre de PNEU PAS CHER\u00a0vaste et vari\u00e9e pour tous les budgets, toutes les utilisations, des pneus hiver, ou des pneus \u00e9t\u00e9. Nous proposons les plus grandes marques de Pneu, les pneus Premium et de premi\u00e8re ligne, des pneus de\u2026","_links":{"self":[{"href":"https:\/\/www.carideal.com\/blog\/wp-json\/wp\/v2\/pages\/14001"}],"collection":[{"href":"https:\/\/www.carideal.com\/blog\/wp-json\/wp\/v2\/pages"}],"about":[{"href":"https:\/\/www.carideal.com\/blog\/wp-json\/wp\/v2\/types\/page"}],"author":[{"embeddable":true,"href":"https:\/\/www.carideal.com\/blog\/wp-json\/wp\/v2\/users\/3"}],"replies":[{"embeddable":true,"href":"https:\/\/www.carideal.com\/blog\/wp-json\/wp\/v2\/comments?post=14001"}],"version-history":[{"count":0,"href":"https:\/\/www.carideal.com\/blog\/wp-json\/wp\/v2\/pages\/14001\/revisions"}],"up":[{"embeddable":true,"href":"https:\/\/www.carideal.com\/blog\/wp-json\/wp\/v2\/pages\/13989"}],"wp:featuredmedia":[{"embeddable":true,"href":"https:\/\/www.carideal.com\/blog\/wp-json\/wp\/v2\/media\/11974"}],"wp:attachment":[{"href":"https:\/\/www.carideal.com\/blog\/wp-json\/wp\/v2\/media?parent=14001"}],"curies":[{"name":"wp","href":"https:\/\/api.w.org\/{rel}","templated":true}]}}