{"id":13769,"date":"2016-11-24T10:30:13","date_gmt":"2016-11-24T09:30:13","guid":{"rendered":"http:\/\/www.carideal.com\/blog\/?page_id=13769"},"modified":"2020-02-04T19:03:44","modified_gmt":"2020-02-04T18:03:44","slug":"mahindra","status":"publish","type":"page","link":"https:\/\/www.carideal.com\/blog\/marque-de-voiture-actualites-essais\/mahindra\/","title":{"rendered":"MAHINDRA &#8211; Actualit\u00e9 essais Avis neuve et occasion"},"content":{"rendered":"<h2>MAHINDRA - Actualit\u00e9 essais Avis neuve et occasion<\/h2>\n<p><a href=\"http:\/\/www.carideal.com\/blog\/marque-de-voiture-actualites-essais\/mahindra\/\">Infos sur Mahindra<\/a>&nbsp;|&nbsp;<a href=\"http:\/\/www.carideal.com\/blog\/constructeur\/mahindra\/\">Actualit\u00e9s<\/a>&nbsp;|&nbsp;<a href=\"http:\/\/www.carideal.com\/blog\/essai\/mahindra-essai\/\">Essais<\/a> | Mahindra occasion | Mahindra neuve | <a href=\"http:\/\/www.carideal.com\/blog\/credit-auto\/\">Financement<\/a>&nbsp;|&nbsp;<a href=\"http:\/\/www.carideal.com\/blog\/garage-automobile\/\">R\u00e9vision<\/a>&nbsp;|&nbsp;<a href=\"http:\/\/www.carideal.com\/blog\/offres-automobiles\/\">Offres<\/a> | Mandataire Mahindra | <a href=\"http:\/\/www.carideal.com\/blog\/tag\/guide-achat\/?=mahindra\">Guide d\u2019achat<\/a><\/p>\n<p>Parmi toutes les marques prestigieuses, Carideal.com se devait de mettre en avant Mahindra. Vous trouverez sur notre site web les informations sur la marque Mahindra et ses mod\u00e8les. Vous trouverez les diff\u00e9rents essais, les actualit\u00e9s et fiches techniques de la marque Mahindra ainsi que les annonces autos de la marque Mahindra. Nous mettrons tout en \u0153uvre pour vous donner le maximum d'informations sur la marque Mahindra.<\/p>\n<h2>Liste des mod\u00e8les&nbsp;Mahindra<\/h2>\n<p>&nbsp;<\/p>\n\n\n<figure class=\"wp-block-table is-style-stripes\"><table class=\"\"><tbody><tr><td>MAHINDRA BOLERO<\/td><td>MAHINDRA GOA<\/td><td><a href=\"http:\/\/www.carideal.com\/blog\/marque-de-voiture-actualites-essais\/mahindra\/mahindra-reva\/\">MAHINDRA REVA<\/a><\/td><td><\/td><\/tr><tr><td><img loading=\"lazy\" decoding=\"async\" width=\"150\" height=\"105\" class=\"wp-image-13773\" style=\"width: 150px;\" src=\"http:\/\/www.carideal.com\/blog\/wp-content\/uploads\/2016\/11\/mahindra-bolero-e1580839069670.jpg\" alt=\"Mahindra Bolero\"><\/td><td><img loading=\"lazy\" decoding=\"async\" width=\"150\" height=\"98\" class=\"wp-image-13774\" style=\"width: 150px;\" src=\"http:\/\/www.carideal.com\/blog\/wp-content\/uploads\/2016\/11\/mahindra-goa-e1580839095724.jpg\" alt=\"Mahindra Goa\"><\/td><td><img loading=\"lazy\" decoding=\"async\" width=\"150\" height=\"100\" class=\"wp-image-13772\" style=\"width: 150px;\" src=\"http:\/\/www.carideal.com\/blog\/wp-content\/uploads\/2016\/11\/mahindra-reva-i-2009-1-e1580839125952.jpg\" alt=\"Mahindra Reva\"><\/td><td><\/td><\/tr><\/tbody><\/table><\/figure>\n\n\n\n<h2 class=\"wp-block-heading\">Actualit\u00e9s&nbsp;Mahindra<\/h2>\n\n\n<ul class=\"lcp_catlist\" id=\"lcp_instance_0\"><li><a href=\"https:\/\/www.carideal.com\/blog\/2015\/12\/28\/mahindra-rachete-pininfarina\/\">Pininfarina rachet\u00e9 par Mahindra<\/a><div class=\"lcp_excerpt\">Mahindra\u00a0rach\u00e8te 76 % de Pininfarina\u00a0le carrossier des plus belles\u00a0Ferrari.\nD\u00e9cid\u00e9ment les carrossiers italiens n&rsquo;ont pas de chance, cela ,fait plusieurs ann\u00e9es que cela va mal et d&rsquo;autant pour Pininfarina.\nBertone, a fait faillite en 2014, Giugiaro Italdesign a \u00e9t\u00e9 repris par Volkswagen. Et aujourd&rsquo;hui c&rsquo;est un des plus grand nom du design automobile de se faire reprendre. ...<\/div><\/li><li><a href=\"https:\/\/www.carideal.com\/blog\/2014\/03\/19\/essai-mahindra-reva-deluxe-2009-voiture-electrique\/\">Essai Mahindra Reva Deluxe 2009<\/a><div class=\"lcp_excerpt\">\nEssai Mahindra Reva Deluxe 2009 Voiture \u00e9lectrique\n\n\nEssai Mahindra Reva Voiture \u00e9lectrique\n\n\nNous avons eu l&rsquo;opportunit\u00e9 d&rsquo;essayer une Mahindra Reva Delux de 2009, une des premi\u00e8re Voiture \u00e9lectrique vendu dans le monde depuis 2001, et oui pour ceux qui ne le savent pas, ce groupe indien a \u00e9t\u00e9 un des pionniers de la voiture \u00e9lectrique.On constate que ...<\/div><\/li><\/ul>\n\n\n\n<p><a href=\"http:\/\/www.carideal.com\/blog\/constructeur\/mahindra\/\">TOUTES&nbsp;LES&nbsp;ACTUALIT\u00c9S MAHINDRA<\/a><\/p>\n\n\n\n<h2 class=\"wp-block-heading\">Essais&nbsp;Mahindra<\/h2>\n\n\n<ul class=\"lcp_catlist\" id=\"lcp_instance_0\"><li><a href=\"https:\/\/www.carideal.com\/blog\/2014\/03\/19\/essai-mahindra-reva-deluxe-2009-voiture-electrique\/\">Essai Mahindra Reva Deluxe 2009<\/a><div class=\"lcp_excerpt\">\nEssai Mahindra Reva Deluxe 2009 Voiture \u00e9lectrique\n\n\nEssai Mahindra Reva Voiture \u00e9lectrique\n\n\nNous avons eu l&rsquo;opportunit\u00e9 d&rsquo;essayer une Mahindra Reva Delux de 2009, une des premi\u00e8re Voiture \u00e9lectrique vendu dans le monde depuis 2001, et oui pour ceux qui ne le savent pas, ce groupe indien a \u00e9t\u00e9 un des pionniers de la voiture \u00e9lectrique.On constate que ...<\/div><\/li><\/ul>\n\n\n\n<p><a href=\"http:\/\/www.carideal.com\/blog\/essai\/mahindra-essai\/\">TOUS&nbsp;LES&nbsp;ESSAIS&nbsp;MAHINDRA<\/a><\/p>\n","protected":false},"excerpt":{"rendered":"<p>MAHINDRA &#8211; Actualit\u00e9 essais Avis neuve et occasion Infos sur Mahindra&nbsp;|&nbsp;Actualit\u00e9s&nbsp;|&nbsp;Essais | Mahindra occasion | Mahindra neuve | Financement&nbsp;|&nbsp;R\u00e9vision&nbsp;|&nbsp;Offres | Mandataire Mahindra | Guide d\u2019achat Parmi toutes les marques prestigieuses, Carideal.com se devait de mettre en avant Mahindra. Vous trouverez sur notre site web les informations sur la marque Mahindra et ses mod\u00e8les. Vous trouverez &#8230; <a title=\"MAHINDRA &#8211; Actualit\u00e9 essais Avis neuve et occasion\" class=\"read-more\" href=\"https:\/\/www.carideal.com\/blog\/marque-de-voiture-actualites-essais\/mahindra\/\" aria-label=\"En savoir plus sur MAHINDRA &#8211; Actualit\u00e9 essais Avis neuve et occasion\">Lire plus<\/a><\/p>\n","protected":false},"author":3,"featured_media":10856,"parent":13389,"menu_order":0,"comment_status":"closed","ping_status":"closed","template":"","meta":{"_uag_custom_page_level_css":"","_themeisle_gutenberg_block_has_review":false,"footnotes":""},"class_list":["post-13769","page","type-page","status-publish","has-post-thumbnail"],"wppr_data":{"cwp_meta_box_check":"No"},"yoast_head":"<!-- This site is optimized with the Yoast SEO plugin v24.8.1 - https:\/\/yoast.com\/wordpress\/plugins\/seo\/ -->\n<title>MAHINDRA - Actualit\u00e9 essais Avis neuve et occasion - Blog auto Carid\u00e9al<\/title>\n<meta name=\"description\" content=\"Parmi toutes les marques prestigieuses, Carideal.com se devait de mettre en avant Mahindra. Vous trouvrez sur notre site web la marque Mahindra\" \/>\n<meta name=\"robots\" content=\"index, follow, max-snippet:-1, max-image-preview:large, max-video-preview:-1\" \/>\n<link rel=\"canonical\" href=\"https:\/\/www.carideal.com\/blog\/marque-de-voiture-actualites-essais\/mahindra\/\" \/>\n<meta property=\"og:locale\" content=\"fr_FR\" \/>\n<meta property=\"og:type\" content=\"article\" \/>\n<meta property=\"og:title\" content=\"MAHINDRA - Actualit\u00e9 essais Avis neuve et occasion - Blog auto Carid\u00e9al\" \/>\n<meta property=\"og:description\" content=\"Parmi toutes les marques prestigieuses, Carideal.com se devait de mettre en avant Mahindra. Vous trouvrez sur notre site web la marque Mahindra\" \/>\n<meta property=\"og:url\" content=\"https:\/\/www.carideal.com\/blog\/marque-de-voiture-actualites-essais\/mahindra\/\" \/>\n<meta property=\"og:site_name\" content=\"Blog auto Carid\u00e9al\" \/>\n<meta property=\"article:publisher\" content=\"https:\/\/www.facebook.com\/Carideal.mandataire.automobile\" \/>\n<meta property=\"article:modified_time\" content=\"2020-02-04T18:03:44+00:00\" \/>\n<meta property=\"og:image\" content=\"https:\/\/www.carideal.com\/blog\/wp-content\/uploads\/2016\/06\/Mahindra-Logo.jpg\" \/>\n\t<meta property=\"og:image:width\" content=\"500\" \/>\n\t<meta property=\"og:image:height\" content=\"241\" \/>\n\t<meta property=\"og:image:type\" content=\"image\/jpeg\" \/>\n<meta name=\"twitter:card\" content=\"summary_large_image\" \/>\n<meta name=\"twitter:site\" content=\"@caridealauto\" \/>\n<meta name=\"twitter:label1\" content=\"Dur\u00e9e de lecture estim\u00e9e\" \/>\n\t<meta name=\"twitter:data1\" content=\"1 minute\" \/>\n<script type=\"application\/ld+json\" class=\"yoast-schema-graph\">{\"@context\":\"https:\/\/schema.org\",\"@graph\":[{\"@type\":\"WebPage\",\"@id\":\"https:\/\/www.carideal.com\/blog\/marque-de-voiture-actualites-essais\/mahindra\/\",\"url\":\"https:\/\/www.carideal.com\/blog\/marque-de-voiture-actualites-essais\/mahindra\/\",\"name\":\"MAHINDRA - Actualit\u00e9 essais Avis neuve et occasion - Blog auto Carid\u00e9al\",\"isPartOf\":{\"@id\":\"https:\/\/www.carideal.com\/blog\/#website\"},\"primaryImageOfPage\":{\"@id\":\"https:\/\/www.carideal.com\/blog\/marque-de-voiture-actualites-essais\/mahindra\/#primaryimage\"},\"image\":{\"@id\":\"https:\/\/www.carideal.com\/blog\/marque-de-voiture-actualites-essais\/mahindra\/#primaryimage\"},\"thumbnailUrl\":\"https:\/\/www.carideal.com\/blog\/wp-content\/uploads\/2016\/06\/Mahindra-Logo.jpg\",\"datePublished\":\"2016-11-24T09:30:13+00:00\",\"dateModified\":\"2020-02-04T18:03:44+00:00\",\"description\":\"Parmi toutes les marques prestigieuses, Carideal.com se devait de mettre en avant Mahindra. Vous trouvrez sur notre site web la marque Mahindra\",\"breadcrumb\":{\"@id\":\"https:\/\/www.carideal.com\/blog\/marque-de-voiture-actualites-essais\/mahindra\/#breadcrumb\"},\"inLanguage\":\"fr-FR\",\"potentialAction\":[{\"@type\":\"ReadAction\",\"target\":[\"https:\/\/www.carideal.com\/blog\/marque-de-voiture-actualites-essais\/mahindra\/\"]}]},{\"@type\":\"ImageObject\",\"inLanguage\":\"fr-FR\",\"@id\":\"https:\/\/www.carideal.com\/blog\/marque-de-voiture-actualites-essais\/mahindra\/#primaryimage\",\"url\":\"https:\/\/www.carideal.com\/blog\/wp-content\/uploads\/2016\/06\/Mahindra-Logo.jpg\",\"contentUrl\":\"https:\/\/www.carideal.com\/blog\/wp-content\/uploads\/2016\/06\/Mahindra-Logo.jpg\",\"width\":500,\"height\":241,\"caption\":\"Mahindra Logo\"},{\"@type\":\"BreadcrumbList\",\"@id\":\"https:\/\/www.carideal.com\/blog\/marque-de-voiture-actualites-essais\/mahindra\/#breadcrumb\",\"itemListElement\":[{\"@type\":\"ListItem\",\"position\":1,\"name\":\"Blog Carid\u00e9al\",\"item\":\"https:\/\/www.carideal.com\/blog\/\"},{\"@type\":\"ListItem\",\"position\":2,\"name\":\"Marque de voiture\",\"item\":\"https:\/\/www.carideal.com\/blog\/marque-de-voiture-actualites-essais\/\"},{\"@type\":\"ListItem\",\"position\":3,\"name\":\"MAHINDRA &#8211; Actualit\u00e9 essais Avis neuve et occasion\"}]},{\"@type\":\"WebSite\",\"@id\":\"https:\/\/www.carideal.com\/blog\/#website\",\"url\":\"https:\/\/www.carideal.com\/blog\/\",\"name\":\"Blog auto Carid\u00e9al\",\"description\":\"Actualit\u00e9 auto par des passionn\u00e9s\",\"publisher\":{\"@id\":\"https:\/\/www.carideal.com\/blog\/#organization\"},\"potentialAction\":[{\"@type\":\"SearchAction\",\"target\":{\"@type\":\"EntryPoint\",\"urlTemplate\":\"https:\/\/www.carideal.com\/blog\/?s={search_term_string}\"},\"query-input\":{\"@type\":\"PropertyValueSpecification\",\"valueRequired\":true,\"valueName\":\"search_term_string\"}}],\"inLanguage\":\"fr-FR\"},{\"@type\":\"Organization\",\"@id\":\"https:\/\/www.carideal.com\/blog\/#organization\",\"name\":\"Carideal\",\"url\":\"https:\/\/www.carideal.com\/blog\/\",\"logo\":{\"@type\":\"ImageObject\",\"inLanguage\":\"fr-FR\",\"@id\":\"https:\/\/www.carideal.com\/blog\/#\/schema\/logo\/image\/\",\"url\":\"http:\/\/www.carideal.com\/blog\/wp-content\/uploads\/2016\/03\/logo-carideal-mandataire-automobile.png\",\"contentUrl\":\"http:\/\/www.carideal.com\/blog\/wp-content\/uploads\/2016\/03\/logo-carideal-mandataire-automobile.png\",\"width\":300,\"height\":300,\"caption\":\"Carideal\"},\"image\":{\"@id\":\"https:\/\/www.carideal.com\/blog\/#\/schema\/logo\/image\/\"},\"sameAs\":[\"https:\/\/www.facebook.com\/Carideal.mandataire.automobile\",\"https:\/\/x.com\/caridealauto\",\"https:\/\/www.instagram.com\/carideal1\/\",\"https:\/\/www.linkedin.com\/company\/carideal.com\",\"https:\/\/fr.pinterest.com\/schiavonsas\/\",\"https:\/\/www.youtube.com\/user\/caridealsas\"]}]}<\/script>\n<!-- \/ Yoast SEO plugin. -->","yoast_head_json":{"title":"MAHINDRA - Actualit\u00e9 essais Avis neuve et occasion - Blog auto Carid\u00e9al","description":"Parmi toutes les marques prestigieuses, Carideal.com se devait de mettre en avant Mahindra. Vous trouvrez sur notre site web la marque Mahindra","robots":{"index":"index","follow":"follow","max-snippet":"max-snippet:-1","max-image-preview":"max-image-preview:large","max-video-preview":"max-video-preview:-1"},"canonical":"https:\/\/www.carideal.com\/blog\/marque-de-voiture-actualites-essais\/mahindra\/","og_locale":"fr_FR","og_type":"article","og_title":"MAHINDRA - Actualit\u00e9 essais Avis neuve et occasion - Blog auto Carid\u00e9al","og_description":"Parmi toutes les marques prestigieuses, Carideal.com se devait de mettre en avant Mahindra. Vous trouvrez sur notre site web la marque Mahindra","og_url":"https:\/\/www.carideal.com\/blog\/marque-de-voiture-actualites-essais\/mahindra\/","og_site_name":"Blog auto Carid\u00e9al","article_publisher":"https:\/\/www.facebook.com\/Carideal.mandataire.automobile","article_modified_time":"2020-02-04T18:03:44+00:00","og_image":[{"width":500,"height":241,"url":"https:\/\/www.carideal.com\/blog\/wp-content\/uploads\/2016\/06\/Mahindra-Logo.jpg","type":"image\/jpeg"}],"twitter_card":"summary_large_image","twitter_site":"@caridealauto","twitter_misc":{"Dur\u00e9e de lecture estim\u00e9e":"1 minute"},"schema":{"@context":"https:\/\/schema.org","@graph":[{"@type":"WebPage","@id":"https:\/\/www.carideal.com\/blog\/marque-de-voiture-actualites-essais\/mahindra\/","url":"https:\/\/www.carideal.com\/blog\/marque-de-voiture-actualites-essais\/mahindra\/","name":"MAHINDRA - Actualit\u00e9 essais Avis neuve et occasion - Blog auto Carid\u00e9al","isPartOf":{"@id":"https:\/\/www.carideal.com\/blog\/#website"},"primaryImageOfPage":{"@id":"https:\/\/www.carideal.com\/blog\/marque-de-voiture-actualites-essais\/mahindra\/#primaryimage"},"image":{"@id":"https:\/\/www.carideal.com\/blog\/marque-de-voiture-actualites-essais\/mahindra\/#primaryimage"},"thumbnailUrl":"https:\/\/www.carideal.com\/blog\/wp-content\/uploads\/2016\/06\/Mahindra-Logo.jpg","datePublished":"2016-11-24T09:30:13+00:00","dateModified":"2020-02-04T18:03:44+00:00","description":"Parmi toutes les marques prestigieuses, Carideal.com se devait de mettre en avant Mahindra. Vous trouvrez sur notre site web la marque Mahindra","breadcrumb":{"@id":"https:\/\/www.carideal.com\/blog\/marque-de-voiture-actualites-essais\/mahindra\/#breadcrumb"},"inLanguage":"fr-FR","potentialAction":[{"@type":"ReadAction","target":["https:\/\/www.carideal.com\/blog\/marque-de-voiture-actualites-essais\/mahindra\/"]}]},{"@type":"ImageObject","inLanguage":"fr-FR","@id":"https:\/\/www.carideal.com\/blog\/marque-de-voiture-actualites-essais\/mahindra\/#primaryimage","url":"https:\/\/www.carideal.com\/blog\/wp-content\/uploads\/2016\/06\/Mahindra-Logo.jpg","contentUrl":"https:\/\/www.carideal.com\/blog\/wp-content\/uploads\/2016\/06\/Mahindra-Logo.jpg","width":500,"height":241,"caption":"Mahindra Logo"},{"@type":"BreadcrumbList","@id":"https:\/\/www.carideal.com\/blog\/marque-de-voiture-actualites-essais\/mahindra\/#breadcrumb","itemListElement":[{"@type":"ListItem","position":1,"name":"Blog Carid\u00e9al","item":"https:\/\/www.carideal.com\/blog\/"},{"@type":"ListItem","position":2,"name":"Marque de voiture","item":"https:\/\/www.carideal.com\/blog\/marque-de-voiture-actualites-essais\/"},{"@type":"ListItem","position":3,"name":"MAHINDRA &#8211; Actualit\u00e9 essais Avis neuve et occasion"}]},{"@type":"WebSite","@id":"https:\/\/www.carideal.com\/blog\/#website","url":"https:\/\/www.carideal.com\/blog\/","name":"Blog auto Carid\u00e9al","description":"Actualit\u00e9 auto par des passionn\u00e9s","publisher":{"@id":"https:\/\/www.carideal.com\/blog\/#organization"},"potentialAction":[{"@type":"SearchAction","target":{"@type":"EntryPoint","urlTemplate":"https:\/\/www.carideal.com\/blog\/?s={search_term_string}"},"query-input":{"@type":"PropertyValueSpecification","valueRequired":true,"valueName":"search_term_string"}}],"inLanguage":"fr-FR"},{"@type":"Organization","@id":"https:\/\/www.carideal.com\/blog\/#organization","name":"Carideal","url":"https:\/\/www.carideal.com\/blog\/","logo":{"@type":"ImageObject","inLanguage":"fr-FR","@id":"https:\/\/www.carideal.com\/blog\/#\/schema\/logo\/image\/","url":"http:\/\/www.carideal.com\/blog\/wp-content\/uploads\/2016\/03\/logo-carideal-mandataire-automobile.png","contentUrl":"http:\/\/www.carideal.com\/blog\/wp-content\/uploads\/2016\/03\/logo-carideal-mandataire-automobile.png","width":300,"height":300,"caption":"Carideal"},"image":{"@id":"https:\/\/www.carideal.com\/blog\/#\/schema\/logo\/image\/"},"sameAs":["https:\/\/www.facebook.com\/Carideal.mandataire.automobile","https:\/\/x.com\/caridealauto","https:\/\/www.instagram.com\/carideal1\/","https:\/\/www.linkedin.com\/company\/carideal.com","https:\/\/fr.pinterest.com\/schiavonsas\/","https:\/\/www.youtube.com\/user\/caridealsas"]}]}},"uagb_featured_image_src":{"full":["https:\/\/www.carideal.com\/blog\/wp-content\/uploads\/2016\/06\/Mahindra-Logo.jpg",500,241,false],"thumbnail":["https:\/\/www.carideal.com\/blog\/wp-content\/uploads\/2016\/06\/Mahindra-Logo-150x150.jpg",150,150,true],"medium":["https:\/\/www.carideal.com\/blog\/wp-content\/uploads\/2016\/06\/Mahindra-Logo-300x145.jpg",300,145,true],"medium_large":["https:\/\/www.carideal.com\/blog\/wp-content\/uploads\/2016\/06\/Mahindra-Logo.jpg",500,241,false],"large":["https:\/\/www.carideal.com\/blog\/wp-content\/uploads\/2016\/06\/Mahindra-Logo.jpg",500,241,false],"1536x1536":["https:\/\/www.carideal.com\/blog\/wp-content\/uploads\/2016\/06\/Mahindra-Logo.jpg",500,241,false],"2048x2048":["https:\/\/www.carideal.com\/blog\/wp-content\/uploads\/2016\/06\/Mahindra-Logo.jpg",500,241,false],"wppr-widget":["https:\/\/www.carideal.com\/blog\/wp-content\/uploads\/2016\/06\/Mahindra-Logo.jpg",50,24,false]},"uagb_author_info":{"display_name":"Nicolas SCHIAVON","author_link":"https:\/\/www.carideal.com\/blog\/author\/nschiavon\/"},"uagb_comment_info":0,"uagb_excerpt":"MAHINDRA - Actualit\u00e9 essais Avis neuve et occasion Infos sur Mahindra&nbsp;|&nbsp;Actualit\u00e9s&nbsp;|&nbsp;Essais | Mahindra occasion | Mahindra neuve | Financement&nbsp;|&nbsp;R\u00e9vision&nbsp;|&nbsp;Offres | Mandataire Mahindra | Guide d\u2019achat Parmi toutes les marques prestigieuses, Carideal.com se devait de mettre en avant Mahindra. Vous trouverez sur notre site web les informations sur la marque Mahindra et ses mod\u00e8les. Vous trouverez\u2026","_links":{"self":[{"href":"https:\/\/www.carideal.com\/blog\/wp-json\/wp\/v2\/pages\/13769"}],"collection":[{"href":"https:\/\/www.carideal.com\/blog\/wp-json\/wp\/v2\/pages"}],"about":[{"href":"https:\/\/www.carideal.com\/blog\/wp-json\/wp\/v2\/types\/page"}],"author":[{"embeddable":true,"href":"https:\/\/www.carideal.com\/blog\/wp-json\/wp\/v2\/users\/3"}],"replies":[{"embeddable":true,"href":"https:\/\/www.carideal.com\/blog\/wp-json\/wp\/v2\/comments?post=13769"}],"version-history":[{"count":0,"href":"https:\/\/www.carideal.com\/blog\/wp-json\/wp\/v2\/pages\/13769\/revisions"}],"up":[{"embeddable":true,"href":"https:\/\/www.carideal.com\/blog\/wp-json\/wp\/v2\/pages\/13389"}],"wp:featuredmedia":[{"embeddable":true,"href":"https:\/\/www.carideal.com\/blog\/wp-json\/wp\/v2\/media\/10856"}],"wp:attachment":[{"href":"https:\/\/www.carideal.com\/blog\/wp-json\/wp\/v2\/media?parent=13769"}],"curies":[{"name":"wp","href":"https:\/\/api.w.org\/{rel}","templated":true}]}}