{"id":13721,"date":"2016-11-23T11:04:31","date_gmt":"2016-11-23T10:04:31","guid":{"rendered":"http:\/\/www.carideal.com\/blog\/?page_id=13721"},"modified":"2020-03-07T16:30:35","modified_gmt":"2020-03-07T15:30:35","slug":"tesla-model-s","status":"publish","type":"page","link":"https:\/\/www.carideal.com\/blog\/marque-de-voiture-actualites-essais\/tesla\/tesla-model-s\/","title":{"rendered":"TESLA MODEL S &#8211; Actualit\u00e9 essais neuve et occasion"},"content":{"rendered":"<h1><strong>TESLA MODEL S\u00a0- Actualit\u00e9 essais<\/strong><\/h1>\n<table border=\"1\" width=\"100%\" cellspacing=\"0\" cellpadding=\"4\">\n<tbody>\n<tr valign=\"TOP\">\n<td style=\"text-align: center;\" width=\"14%\"><a href=\"http:\/\/www.carideal.com\/blog\/marque-de-voiture-actualites-essais\/tesla\/tesla-model-s\/\">Infos sur Tesla Model\u00a0S<\/a><\/td>\n<td style=\"text-align: center;\" width=\"14%\"><a href=\"http:\/\/www.carideal.com\/blog\/constructeur\/tesla\/actualite-tesla-model-s\/\">Actualit\u00e9<\/a><\/td>\n<td style=\"text-align: center;\" width=\"14%\"><a href=\"http:\/\/www.carideal.com\/blog\/essai\/essai-tesla\/essais-tesla-model-s\/\">Essais<\/a><\/td>\n<td style=\"text-align: center;\" width=\"14%\">Voiture d'occasion<\/td>\n<td style=\"text-align: center;\" width=\"14%\">Voiture neuve<\/td>\n<td style=\"text-align: center;\" width=\"14%\">Prix du neuf<\/td>\n<td style=\"text-align: center;\" width=\"14%\"><a href=\"http:\/\/www.carideal.com\/blog\/tag\/guide-achat\/?=giulia\">Guide d'achat<\/a><\/td>\n<\/tr>\n<\/tbody>\n<\/table>\n<p>Vous trouverez toutes les informations sur la Tesla Model S\u00a0sur notre site Carideal.com. Vous \u00eates \u00e0 la recherche d'informations sur la Tesla Model S, ses caract\u00e9ristiques techniques, ses voitures concurrentes, son prix neuf, les avis clients et utilisateurs. Nous faisons des synth\u00e8ses et mettons ces infos \u00e0 votre disposition. Bonne lecture sur la Tesla Model S\u00a0sur Carideal.com.<\/p>\n<p>&nbsp;<\/p>\n<table border=\"1\" width=\"100%\" cellspacing=\"0\" cellpadding=\"4\">\n<tbody>\n<tr valign=\"TOP\">\n<th rowspan=\"5\" width=\"50%\">\n<p><figure id=\"attachment_13722\" aria-describedby=\"caption-attachment-13722\" style=\"width: 590px\" class=\"wp-caption aligncenter\"><a href=\"http:\/\/www.carideal.com\/blog\/wp-content\/uploads\/2016\/11\/tesla-model-s-e1479895429770.jpg\"><img loading=\"lazy\" decoding=\"async\" class=\"size-full wp-image-13722\" src=\"http:\/\/www.carideal.com\/blog\/wp-content\/uploads\/2016\/11\/tesla-model-s-e1479895429770.jpg\" alt=\"Tesla Model S\" width=\"600\" height=\"400\" \/><\/a><figcaption id=\"caption-attachment-13722\" class=\"wp-caption-text\">Tesla Model S<\/figcaption><\/figure><\/th>\n<th width=\"50%\">En vente depuis 2014<\/th>\n<\/tr>\n<tr valign=\"TOP\">\n<td width=\"50%\">1\u00a0moteurs \u00e9lectrique et 1\u00a0finition<\/td>\n<\/tr>\n<tr valign=\"TOP\">\n<td width=\"50%\">Prix du neuf\u00a0: de\u00a075900\u00a0\u20ac \u00e0 146 900 \u20ac<\/td>\n<\/tr>\n<tr valign=\"TOP\">\n<td width=\"50%\">Voiture neuve<\/td>\n<\/tr>\n<tr valign=\"TOP\">\n<td width=\"50%\">Voiture d'occasion<\/td>\n<\/tr>\n<\/tbody>\n<\/table>\n<p>&nbsp;<\/p>\n<h2>Actualit\u00e9s\u00a0Tesla Model\u00a0S<\/h2>\n<ul class=\"lcp_catlist\" id=\"lcp_instance_0\"><li><a href=\"https:\/\/www.carideal.com\/blog\/2015\/02\/03\/la-tesla-model-s-arrive-4-roues-motrices-2-moteurs-electriques\/\">La Tesla Model S arrive<\/a><div class=\"lcp_excerpt\">La Tesla Model S arrive : 4 roues motrices 2 moteurs \u00e9lectriques\nQuatre roues motrices, deux moteurs \u00e9lectriques, la TESLA MODEL S est en vente. Contrairement aux v\u00e9hicules \u00e0 quatre roues motrices classiques qui sacrifient l&rsquo;efficacit\u00e9 de carburant pour une meilleure traction, la traction int\u00e9grale, la Tesla\u00a0Model S offre un contr\u00f4le sup\u00e9rieur tout en am\u00e9liorant \u00e0 ...<\/div><\/li><li><a href=\"https:\/\/www.carideal.com\/blog\/2014\/07\/21\/une-tesla-model-s-incapable-de-boucler-le-tour-du-nurburgring\/\">Une Tesla Model S incapable de boucler N\u00fcrburgring<\/a><div class=\"lcp_excerpt\">Une Tesla Model S incapable de boucler le tour du N\u00fcrburgring\nEn vid\u00e9o Motor Authority teste la Tesla Model S qui se met en mode d\u00e9grad\u00e9 au bout de 7.5 kilom\u00e8tres seulement car la batterie est en surchauffe.\n\nLorsqu&rsquo;elle est pouss\u00e9e \u00e0 fond, la Tesla Model S r\u00e9duit souvent sa puissance afin d&#8217;emp\u00eacher les composants d&rsquo;atteindre des ...<\/div><\/li><\/ul>\n<p><a href=\"http:\/\/www.carideal.com\/blog\/constructeur\/tesla\/actualite-tesla-model-s\/\">TOUTES\u00a0LES\u00a0ACTUALIT\u00c9S\u00a0TESLA MODEL\u00a0S<\/a><\/p>\n<h2>Essais\u00a0Tesla Model\u00a0S<\/h2>\n<ul class=\"lcp_catlist\" id=\"lcp_instance_0\"><li><a href=\"https:\/\/www.carideal.com\/blog\/2014\/07\/21\/une-tesla-model-s-incapable-de-boucler-le-tour-du-nurburgring\/\">Une Tesla Model S incapable de boucler N\u00fcrburgring<\/a><div class=\"lcp_excerpt\">Une Tesla Model S incapable de boucler le tour du N\u00fcrburgring\nEn vid\u00e9o Motor Authority teste la Tesla Model S qui se met en mode d\u00e9grad\u00e9 au bout de 7.5 kilom\u00e8tres seulement car la batterie est en surchauffe.\n\nLorsqu&rsquo;elle est pouss\u00e9e \u00e0 fond, la Tesla Model S r\u00e9duit souvent sa puissance afin d&#8217;emp\u00eacher les composants d&rsquo;atteindre des ...<\/div><\/li><\/ul>\n<p><a href=\"http:\/\/www.carideal.com\/blog\/essai\/essai-tesla\/essais-tesla-model-s\/\">TOUS\u00a0LES\u00a0ESSAIS\u00a0TESLA MODEL\u00a0S<\/a><\/p>\n","protected":false},"excerpt":{"rendered":"<p>TESLA MODEL S\u00a0&#8211; Actualit\u00e9 essais Infos sur Tesla Model\u00a0S Actualit\u00e9 Essais Voiture d&rsquo;occasion Voiture neuve Prix du neuf Guide d&rsquo;achat Vous trouverez toutes les informations sur la Tesla Model S\u00a0sur notre site Carideal.com. Vous \u00eates \u00e0 la recherche d&rsquo;informations sur la Tesla Model S, ses caract\u00e9ristiques techniques, ses voitures concurrentes, son prix neuf, les avis &#8230; <a title=\"TESLA MODEL S &#8211; Actualit\u00e9 essais neuve et occasion\" class=\"read-more\" href=\"https:\/\/www.carideal.com\/blog\/marque-de-voiture-actualites-essais\/tesla\/tesla-model-s\/\" aria-label=\"En savoir plus sur TESLA MODEL S &#8211; Actualit\u00e9 essais neuve et occasion\">Lire plus<\/a><\/p>\n","protected":false},"author":3,"featured_media":0,"parent":13462,"menu_order":0,"comment_status":"closed","ping_status":"closed","template":"","meta":{"_uag_custom_page_level_css":"","_themeisle_gutenberg_block_has_review":false,"footnotes":""},"class_list":["post-13721","page","type-page","status-publish"],"wppr_data":{"cwp_meta_box_check":"No"},"yoast_head":"<!-- This site is optimized with the Yoast SEO plugin v24.8.1 - https:\/\/yoast.com\/wordpress\/plugins\/seo\/ -->\n<title>TESLA MODEL S - Actualit\u00e9 essais neuve et occasion - Blog auto Carid\u00e9al<\/title>\n<meta name=\"robots\" content=\"index, follow, max-snippet:-1, max-image-preview:large, max-video-preview:-1\" \/>\n<link rel=\"canonical\" href=\"https:\/\/www.carideal.com\/blog\/marque-de-voiture-actualites-essais\/tesla\/tesla-model-s\/\" \/>\n<meta property=\"og:locale\" content=\"fr_FR\" \/>\n<meta property=\"og:type\" content=\"article\" \/>\n<meta property=\"og:title\" content=\"TESLA MODEL S - Actualit\u00e9 essais neuve et occasion - Blog auto Carid\u00e9al\" \/>\n<meta property=\"og:description\" content=\"TESLA MODEL S\u00a0- Actualit\u00e9 essais Infos sur Tesla Model\u00a0S Actualit\u00e9 Essais Voiture d&#039;occasion Voiture neuve Prix du neuf Guide d&#039;achat Vous trouverez toutes les informations sur la Tesla Model S\u00a0sur notre site Carideal.com. Vous \u00eates \u00e0 la recherche d&#039;informations sur la Tesla Model S, ses caract\u00e9ristiques techniques, ses voitures concurrentes, son prix neuf, les avis ... Lire plus\" \/>\n<meta property=\"og:url\" content=\"https:\/\/www.carideal.com\/blog\/marque-de-voiture-actualites-essais\/tesla\/tesla-model-s\/\" \/>\n<meta property=\"og:site_name\" content=\"Blog auto Carid\u00e9al\" \/>\n<meta property=\"article:publisher\" content=\"https:\/\/www.facebook.com\/Carideal.mandataire.automobile\" \/>\n<meta property=\"article:modified_time\" content=\"2020-03-07T15:30:35+00:00\" \/>\n<meta property=\"og:image\" content=\"http:\/\/www.carideal.com\/blog\/wp-content\/uploads\/2016\/11\/tesla-model-s-e1479895429770.jpg\" \/>\n<meta name=\"twitter:card\" content=\"summary_large_image\" \/>\n<meta name=\"twitter:site\" content=\"@caridealauto\" \/>\n<meta name=\"twitter:label1\" content=\"Dur\u00e9e de lecture estim\u00e9e\" \/>\n\t<meta name=\"twitter:data1\" content=\"1 minute\" \/>\n<script type=\"application\/ld+json\" class=\"yoast-schema-graph\">{\"@context\":\"https:\/\/schema.org\",\"@graph\":[{\"@type\":\"WebPage\",\"@id\":\"https:\/\/www.carideal.com\/blog\/marque-de-voiture-actualites-essais\/tesla\/tesla-model-s\/\",\"url\":\"https:\/\/www.carideal.com\/blog\/marque-de-voiture-actualites-essais\/tesla\/tesla-model-s\/\",\"name\":\"TESLA MODEL S - Actualit\u00e9 essais neuve et occasion - Blog auto Carid\u00e9al\",\"isPartOf\":{\"@id\":\"https:\/\/www.carideal.com\/blog\/#website\"},\"primaryImageOfPage\":{\"@id\":\"https:\/\/www.carideal.com\/blog\/marque-de-voiture-actualites-essais\/tesla\/tesla-model-s\/#primaryimage\"},\"image\":{\"@id\":\"https:\/\/www.carideal.com\/blog\/marque-de-voiture-actualites-essais\/tesla\/tesla-model-s\/#primaryimage\"},\"thumbnailUrl\":\"http:\/\/www.carideal.com\/blog\/wp-content\/uploads\/2016\/11\/tesla-model-s-e1479895429770.jpg\",\"datePublished\":\"2016-11-23T10:04:31+00:00\",\"dateModified\":\"2020-03-07T15:30:35+00:00\",\"breadcrumb\":{\"@id\":\"https:\/\/www.carideal.com\/blog\/marque-de-voiture-actualites-essais\/tesla\/tesla-model-s\/#breadcrumb\"},\"inLanguage\":\"fr-FR\",\"potentialAction\":[{\"@type\":\"ReadAction\",\"target\":[\"https:\/\/www.carideal.com\/blog\/marque-de-voiture-actualites-essais\/tesla\/tesla-model-s\/\"]}]},{\"@type\":\"ImageObject\",\"inLanguage\":\"fr-FR\",\"@id\":\"https:\/\/www.carideal.com\/blog\/marque-de-voiture-actualites-essais\/tesla\/tesla-model-s\/#primaryimage\",\"url\":\"http:\/\/www.carideal.com\/blog\/wp-content\/uploads\/2016\/11\/tesla-model-s-e1479895429770.jpg\",\"contentUrl\":\"http:\/\/www.carideal.com\/blog\/wp-content\/uploads\/2016\/11\/tesla-model-s-e1479895429770.jpg\"},{\"@type\":\"BreadcrumbList\",\"@id\":\"https:\/\/www.carideal.com\/blog\/marque-de-voiture-actualites-essais\/tesla\/tesla-model-s\/#breadcrumb\",\"itemListElement\":[{\"@type\":\"ListItem\",\"position\":1,\"name\":\"Blog Carid\u00e9al\",\"item\":\"https:\/\/www.carideal.com\/blog\/\"},{\"@type\":\"ListItem\",\"position\":2,\"name\":\"Marque de voiture\",\"item\":\"https:\/\/www.carideal.com\/blog\/marque-de-voiture-actualites-essais\/\"},{\"@type\":\"ListItem\",\"position\":3,\"name\":\"TESLA &#8211; Actualit\u00e9s Essais neuve et occasion\",\"item\":\"https:\/\/www.carideal.com\/blog\/marque-de-voiture-actualites-essais\/tesla\/\"},{\"@type\":\"ListItem\",\"position\":4,\"name\":\"TESLA MODEL S &#8211; Actualit\u00e9 essais neuve et occasion\"}]},{\"@type\":\"WebSite\",\"@id\":\"https:\/\/www.carideal.com\/blog\/#website\",\"url\":\"https:\/\/www.carideal.com\/blog\/\",\"name\":\"Blog auto Carid\u00e9al\",\"description\":\"Actualit\u00e9 auto par des passionn\u00e9s\",\"publisher\":{\"@id\":\"https:\/\/www.carideal.com\/blog\/#organization\"},\"potentialAction\":[{\"@type\":\"SearchAction\",\"target\":{\"@type\":\"EntryPoint\",\"urlTemplate\":\"https:\/\/www.carideal.com\/blog\/?s={search_term_string}\"},\"query-input\":{\"@type\":\"PropertyValueSpecification\",\"valueRequired\":true,\"valueName\":\"search_term_string\"}}],\"inLanguage\":\"fr-FR\"},{\"@type\":\"Organization\",\"@id\":\"https:\/\/www.carideal.com\/blog\/#organization\",\"name\":\"Carideal\",\"url\":\"https:\/\/www.carideal.com\/blog\/\",\"logo\":{\"@type\":\"ImageObject\",\"inLanguage\":\"fr-FR\",\"@id\":\"https:\/\/www.carideal.com\/blog\/#\/schema\/logo\/image\/\",\"url\":\"http:\/\/www.carideal.com\/blog\/wp-content\/uploads\/2016\/03\/logo-carideal-mandataire-automobile.png\",\"contentUrl\":\"http:\/\/www.carideal.com\/blog\/wp-content\/uploads\/2016\/03\/logo-carideal-mandataire-automobile.png\",\"width\":300,\"height\":300,\"caption\":\"Carideal\"},\"image\":{\"@id\":\"https:\/\/www.carideal.com\/blog\/#\/schema\/logo\/image\/\"},\"sameAs\":[\"https:\/\/www.facebook.com\/Carideal.mandataire.automobile\",\"https:\/\/x.com\/caridealauto\",\"https:\/\/www.instagram.com\/carideal1\/\",\"https:\/\/www.linkedin.com\/company\/carideal.com\",\"https:\/\/fr.pinterest.com\/schiavonsas\/\",\"https:\/\/www.youtube.com\/user\/caridealsas\"]}]}<\/script>\n<!-- \/ Yoast SEO plugin. -->","yoast_head_json":{"title":"TESLA MODEL S - Actualit\u00e9 essais neuve et occasion - Blog auto Carid\u00e9al","robots":{"index":"index","follow":"follow","max-snippet":"max-snippet:-1","max-image-preview":"max-image-preview:large","max-video-preview":"max-video-preview:-1"},"canonical":"https:\/\/www.carideal.com\/blog\/marque-de-voiture-actualites-essais\/tesla\/tesla-model-s\/","og_locale":"fr_FR","og_type":"article","og_title":"TESLA MODEL S - Actualit\u00e9 essais neuve et occasion - Blog auto Carid\u00e9al","og_description":"TESLA MODEL S\u00a0- Actualit\u00e9 essais Infos sur Tesla Model\u00a0S Actualit\u00e9 Essais Voiture d'occasion Voiture neuve Prix du neuf Guide d'achat Vous trouverez toutes les informations sur la Tesla Model S\u00a0sur notre site Carideal.com. Vous \u00eates \u00e0 la recherche d'informations sur la Tesla Model S, ses caract\u00e9ristiques techniques, ses voitures concurrentes, son prix neuf, les avis ... Lire plus","og_url":"https:\/\/www.carideal.com\/blog\/marque-de-voiture-actualites-essais\/tesla\/tesla-model-s\/","og_site_name":"Blog auto Carid\u00e9al","article_publisher":"https:\/\/www.facebook.com\/Carideal.mandataire.automobile","article_modified_time":"2020-03-07T15:30:35+00:00","og_image":[{"url":"http:\/\/www.carideal.com\/blog\/wp-content\/uploads\/2016\/11\/tesla-model-s-e1479895429770.jpg","type":"","width":"","height":""}],"twitter_card":"summary_large_image","twitter_site":"@caridealauto","twitter_misc":{"Dur\u00e9e de lecture estim\u00e9e":"1 minute"},"schema":{"@context":"https:\/\/schema.org","@graph":[{"@type":"WebPage","@id":"https:\/\/www.carideal.com\/blog\/marque-de-voiture-actualites-essais\/tesla\/tesla-model-s\/","url":"https:\/\/www.carideal.com\/blog\/marque-de-voiture-actualites-essais\/tesla\/tesla-model-s\/","name":"TESLA MODEL S - Actualit\u00e9 essais neuve et occasion - Blog auto Carid\u00e9al","isPartOf":{"@id":"https:\/\/www.carideal.com\/blog\/#website"},"primaryImageOfPage":{"@id":"https:\/\/www.carideal.com\/blog\/marque-de-voiture-actualites-essais\/tesla\/tesla-model-s\/#primaryimage"},"image":{"@id":"https:\/\/www.carideal.com\/blog\/marque-de-voiture-actualites-essais\/tesla\/tesla-model-s\/#primaryimage"},"thumbnailUrl":"http:\/\/www.carideal.com\/blog\/wp-content\/uploads\/2016\/11\/tesla-model-s-e1479895429770.jpg","datePublished":"2016-11-23T10:04:31+00:00","dateModified":"2020-03-07T15:30:35+00:00","breadcrumb":{"@id":"https:\/\/www.carideal.com\/blog\/marque-de-voiture-actualites-essais\/tesla\/tesla-model-s\/#breadcrumb"},"inLanguage":"fr-FR","potentialAction":[{"@type":"ReadAction","target":["https:\/\/www.carideal.com\/blog\/marque-de-voiture-actualites-essais\/tesla\/tesla-model-s\/"]}]},{"@type":"ImageObject","inLanguage":"fr-FR","@id":"https:\/\/www.carideal.com\/blog\/marque-de-voiture-actualites-essais\/tesla\/tesla-model-s\/#primaryimage","url":"http:\/\/www.carideal.com\/blog\/wp-content\/uploads\/2016\/11\/tesla-model-s-e1479895429770.jpg","contentUrl":"http:\/\/www.carideal.com\/blog\/wp-content\/uploads\/2016\/11\/tesla-model-s-e1479895429770.jpg"},{"@type":"BreadcrumbList","@id":"https:\/\/www.carideal.com\/blog\/marque-de-voiture-actualites-essais\/tesla\/tesla-model-s\/#breadcrumb","itemListElement":[{"@type":"ListItem","position":1,"name":"Blog Carid\u00e9al","item":"https:\/\/www.carideal.com\/blog\/"},{"@type":"ListItem","position":2,"name":"Marque de voiture","item":"https:\/\/www.carideal.com\/blog\/marque-de-voiture-actualites-essais\/"},{"@type":"ListItem","position":3,"name":"TESLA &#8211; Actualit\u00e9s Essais neuve et occasion","item":"https:\/\/www.carideal.com\/blog\/marque-de-voiture-actualites-essais\/tesla\/"},{"@type":"ListItem","position":4,"name":"TESLA MODEL S &#8211; Actualit\u00e9 essais neuve et occasion"}]},{"@type":"WebSite","@id":"https:\/\/www.carideal.com\/blog\/#website","url":"https:\/\/www.carideal.com\/blog\/","name":"Blog auto Carid\u00e9al","description":"Actualit\u00e9 auto par des passionn\u00e9s","publisher":{"@id":"https:\/\/www.carideal.com\/blog\/#organization"},"potentialAction":[{"@type":"SearchAction","target":{"@type":"EntryPoint","urlTemplate":"https:\/\/www.carideal.com\/blog\/?s={search_term_string}"},"query-input":{"@type":"PropertyValueSpecification","valueRequired":true,"valueName":"search_term_string"}}],"inLanguage":"fr-FR"},{"@type":"Organization","@id":"https:\/\/www.carideal.com\/blog\/#organization","name":"Carideal","url":"https:\/\/www.carideal.com\/blog\/","logo":{"@type":"ImageObject","inLanguage":"fr-FR","@id":"https:\/\/www.carideal.com\/blog\/#\/schema\/logo\/image\/","url":"http:\/\/www.carideal.com\/blog\/wp-content\/uploads\/2016\/03\/logo-carideal-mandataire-automobile.png","contentUrl":"http:\/\/www.carideal.com\/blog\/wp-content\/uploads\/2016\/03\/logo-carideal-mandataire-automobile.png","width":300,"height":300,"caption":"Carideal"},"image":{"@id":"https:\/\/www.carideal.com\/blog\/#\/schema\/logo\/image\/"},"sameAs":["https:\/\/www.facebook.com\/Carideal.mandataire.automobile","https:\/\/x.com\/caridealauto","https:\/\/www.instagram.com\/carideal1\/","https:\/\/www.linkedin.com\/company\/carideal.com","https:\/\/fr.pinterest.com\/schiavonsas\/","https:\/\/www.youtube.com\/user\/caridealsas"]}]}},"uagb_featured_image_src":{"full":false,"thumbnail":false,"medium":false,"medium_large":false,"large":false,"1536x1536":false,"2048x2048":false,"wppr-widget":false},"uagb_author_info":{"display_name":"Nicolas SCHIAVON","author_link":"https:\/\/www.carideal.com\/blog\/author\/nschiavon\/"},"uagb_comment_info":0,"uagb_excerpt":"TESLA MODEL S\u00a0- Actualit\u00e9 essais Infos sur Tesla Model\u00a0S Actualit\u00e9 Essais Voiture d'occasion Voiture neuve Prix du neuf Guide d'achat Vous trouverez toutes les informations sur la Tesla Model S\u00a0sur notre site Carideal.com. Vous \u00eates \u00e0 la recherche d'informations sur la Tesla Model S, ses caract\u00e9ristiques techniques, ses voitures concurrentes, son prix neuf, les avis\u2026","_links":{"self":[{"href":"https:\/\/www.carideal.com\/blog\/wp-json\/wp\/v2\/pages\/13721"}],"collection":[{"href":"https:\/\/www.carideal.com\/blog\/wp-json\/wp\/v2\/pages"}],"about":[{"href":"https:\/\/www.carideal.com\/blog\/wp-json\/wp\/v2\/types\/page"}],"author":[{"embeddable":true,"href":"https:\/\/www.carideal.com\/blog\/wp-json\/wp\/v2\/users\/3"}],"replies":[{"embeddable":true,"href":"https:\/\/www.carideal.com\/blog\/wp-json\/wp\/v2\/comments?post=13721"}],"version-history":[{"count":0,"href":"https:\/\/www.carideal.com\/blog\/wp-json\/wp\/v2\/pages\/13721\/revisions"}],"up":[{"embeddable":true,"href":"https:\/\/www.carideal.com\/blog\/wp-json\/wp\/v2\/pages\/13462"}],"wp:attachment":[{"href":"https:\/\/www.carideal.com\/blog\/wp-json\/wp\/v2\/media?parent=13721"}],"curies":[{"name":"wp","href":"https:\/\/api.w.org\/{rel}","templated":true}]}}