{"id":13650,"date":"2016-11-20T11:52:15","date_gmt":"2016-11-20T10:52:15","guid":{"rendered":"http:\/\/www.carideal.com\/blog\/?page_id=13650"},"modified":"2024-04-25T11:23:25","modified_gmt":"2024-04-25T09:23:25","slug":"fiat","status":"publish","type":"page","link":"https:\/\/www.carideal.com\/blog\/marque-de-voiture-actualites-essais\/fiat\/","title":{"rendered":"FIAT &#8211; Actualit\u00e9 Essais Avis neuve et occasion"},"content":{"rendered":"\n<h2 class=\"wp-block-heading\">FIAT - Actualit\u00e9 Essais Avis neuve et occasion<\/h2>\n\n\n\n<p>Parmi toutes les marques prestigieuses, Carideal.com se devait de mettre en avant Fiat. Vous trouverez sur notre site web les informations sur la marque Fiat et ses mod\u00e8les. Vous trouverez les diff\u00e9rents essais, les actualit\u00e9s et fiches techniques de la marque Tesla ainsi que les annonces autos de la marque Fiat. Nous mettrons tout en \u0153uvre pour vous donner le maximum d'informations sur la marque Fiat.<\/p>\n\n\n\n<h3 class=\"wp-block-heading\">Liste des mod\u00e8les&nbsp;FIAT<\/h3>\n\n\n\n<figure class=\"wp-block-table aligncenter is-style-stripes\"><table><tbody><tr><td>FIAT 500C<\/td><td>FIAT 500L<\/td><td><a href=\"http:\/\/www.carideal.com\/blog\/marque-de-voiture-actualites-essais\/fiat\/fiat-500x\/\">FIAT 500X<\/a><\/td><td>FIAT 500<\/td><\/tr><tr><td><\/td><td><\/td><td><img loading=\"lazy\" decoding=\"async\" width=\"150\" height=\"97\" class=\"wp-image-13652\" style=\"width: 150px;\" src=\"http:\/\/www.carideal.com\/blog\/wp-content\/uploads\/2016\/11\/Fiat-500X-carideal-mandataire-automobile-e1479638257828.jpg\" alt=\"FIAT 500x\"><\/td><td><\/td><\/tr><tr><td><a href=\"https:\/\/www.carideal.com\/blog\/marque-de-voiture-actualites-essais\/fiat\/600-e\/\">FIAT 600e<\/a><\/td><td><\/td><td><\/td><td><\/td><\/tr><tr><td><img loading=\"lazy\" decoding=\"async\" width=\"150\" height=\"113\" class=\"wp-image-27947\" style=\"width: 150px;\" src=\"https:\/\/www.carideal.com\/blog\/wp-content\/uploads\/2024\/04\/fiat_600_2023_la_prima_6.webp\" alt=\"Fiat 600e vue arri\u00e8re\" srcset=\"https:\/\/www.carideal.com\/blog\/wp-content\/uploads\/2024\/04\/fiat_600_2023_la_prima_6.webp 392w, https:\/\/www.carideal.com\/blog\/wp-content\/uploads\/2024\/04\/fiat_600_2023_la_prima_6-300x225.webp 300w, https:\/\/www.carideal.com\/blog\/wp-content\/uploads\/2024\/04\/fiat_600_2023_la_prima_6-50x38.webp 50w\" sizes=\"(max-width: 150px) 100vw, 150px\" \/><\/td><td><\/td><td><\/td><td><\/td><\/tr><tr><td>FIAT BRAVO<\/td><td>FIAT DOBLO<\/td><td>FIAT FREEMONT<\/td><td>FIAT PANDA<\/td><\/tr><tr><td><\/td><td><\/td><td><\/td><td><\/td><\/tr><tr><td><a href=\"http:\/\/www.carideal.com\/blog\/marque-de-voiture-actualites-essais\/fiat\/fiat-scudo\/\">FIAT SCUDO<\/a><\/td><td>FIAT QUBO<\/td><td>FIAT PUNTO<\/td><td>FIAT 124 SPIDER<\/td><\/tr><tr><td><img loading=\"lazy\" decoding=\"async\" width=\"150\" height=\"104\" class=\"wp-image-13861\" style=\"width: 150px;\" src=\"http:\/\/www.carideal.com\/blog\/wp-content\/uploads\/2016\/11\/Fiat-Scudo-carideal-mandataire-auto-1-e1480276416465.jpg\" alt=\"Fiat Scudo\"><\/td><td><\/td><td><\/td><td><\/td><\/tr><tr><td>FIAT SPIDER<\/td><td>FIAT STILO<\/td><td>FIAT TALENTO PANORAMA<\/td><td>FIAT TEMPRA<\/td><\/tr><tr><td><\/td><td><\/td><td><\/td><td><\/td><\/tr><tr><td>FIAT TIPO<\/td><td>FIAT ULYSSE<\/td><td>FIAT UNO<\/td><td>FIAT X1 9  <\/td><\/tr><tr><td><\/td><td><\/td><td><\/td><td><\/td><\/tr><tr><td>FIAT SEDICI<\/td><td>FIAT RITMO<\/td><td>FIAT REGATA<\/td><td>FIAT SEICENTO  <\/td><\/tr><tr><td><\/td><td><\/td><td><\/td><td><\/td><\/tr><tr><td>FIAT PANDA 4X4<\/td><td>FIAT 127<\/td><td>FIAT 131<\/td><td>FIAT 132<\/td><\/tr><tr><td><\/td><td><\/td><td><\/td><td><\/td><\/tr><tr><td>FIAT 238<\/td><td>FIAT 900<\/td><td>FIAT 126<\/td><td>FIAT FIORINO<\/td><\/tr><tr><td><\/td><td><\/td><td><\/td><td><\/td><\/tr><tr><td>FIAT PALIO<\/td><td>FIAT BERTONE<\/td><td>FIAT BRAVA<\/td><td>FIAT CINQUECENTO  <\/td><\/tr><tr><td><\/td><td><\/td><td><\/td><td><\/td><\/tr><tr><td>FIAT BARCHETTA<\/td><td>FIAT COUPE<\/td><td> FIAT CROMA <\/td><td>FIAT DUCATO  <\/td><\/tr><tr><td><\/td><td><\/td><td><\/td><td><\/td><\/tr><tr><td>FIAT GRANDE PUNTO<\/td><td>FIAT IDEA<\/td><td>FIAT MAREA<\/td><td>FIAT MULTIPLA<\/td><\/tr><tr><td><\/td><td><\/td><td><\/td><td><\/td><\/tr><tr><td><\/td><td><\/td><td><\/td><td><\/td><\/tr><\/tbody><\/table><\/figure>\n\n\n\n<h2 class=\"wp-block-heading\" id=\"h-actualites-nbsp-fiat\">Actualit\u00e9s&nbsp;FIAT<\/h2>\n\n\n<ul class=\"wp-block-latest-posts__list is-grid columns-3 wp-block-latest-posts\"><li><div class=\"wp-block-latest-posts__featured-image\"><img loading=\"lazy\" decoding=\"async\" width=\"300\" height=\"190\" src=\"https:\/\/www.carideal.com\/blog\/wp-content\/uploads\/2024\/03\/nouvelle-fiat-600e-300x190.jpeg\" class=\"attachment-medium size-medium wp-post-image\" alt=\"Nouvelle Fiat 600e d\u00e9barque en France\" style=\"\" srcset=\"https:\/\/www.carideal.com\/blog\/wp-content\/uploads\/2024\/03\/nouvelle-fiat-600e-300x190.jpeg 300w, https:\/\/www.carideal.com\/blog\/wp-content\/uploads\/2024\/03\/nouvelle-fiat-600e-1024x648.jpeg 1024w, https:\/\/www.carideal.com\/blog\/wp-content\/uploads\/2024\/03\/nouvelle-fiat-600e-768x486.jpeg 768w, https:\/\/www.carideal.com\/blog\/wp-content\/uploads\/2024\/03\/nouvelle-fiat-600e-50x32.jpeg 50w, https:\/\/www.carideal.com\/blog\/wp-content\/uploads\/2024\/03\/nouvelle-fiat-600e.jpeg 1170w\" sizes=\"(max-width: 300px) 100vw, 300px\" \/><\/div><a class=\"wp-block-latest-posts__post-title\" href=\"https:\/\/www.carideal.com\/blog\/2023\/09\/23\/nouvelle-fiat-600e-debarque-en-france-decouvrez-les-photos\/\">Nouvelle Fiat 600e d\u00e9barque en France : d\u00e9couvrez les photos<\/a><\/li>\n<li><div class=\"wp-block-latest-posts__featured-image\"><img loading=\"lazy\" decoding=\"async\" width=\"300\" height=\"169\" src=\"https:\/\/www.carideal.com\/blog\/wp-content\/uploads\/2023\/07\/Fiat-600e-2023-300x169.webp\" class=\"attachment-medium size-medium wp-post-image\" alt=\"Fiat 600e : Le crossover \u00e9lectrique r\u00e9tro de Fiat d\u00e9voil\u00e9 pour concurrencer les leaders du march\u00e9\" style=\"\" srcset=\"https:\/\/www.carideal.com\/blog\/wp-content\/uploads\/2023\/07\/Fiat-600e-2023-300x169.webp 300w, https:\/\/www.carideal.com\/blog\/wp-content\/uploads\/2023\/07\/Fiat-600e-2023-1024x577.webp 1024w, https:\/\/www.carideal.com\/blog\/wp-content\/uploads\/2023\/07\/Fiat-600e-2023-768x433.webp 768w, https:\/\/www.carideal.com\/blog\/wp-content\/uploads\/2023\/07\/Fiat-600e-2023-50x28.webp 50w, https:\/\/www.carideal.com\/blog\/wp-content\/uploads\/2023\/07\/Fiat-600e-2023-110x62.webp 110w, https:\/\/www.carideal.com\/blog\/wp-content\/uploads\/2023\/07\/Fiat-600e-2023-420x237.webp 420w, https:\/\/www.carideal.com\/blog\/wp-content\/uploads\/2023\/07\/Fiat-600e-2023-770x430.webp 770w, https:\/\/www.carideal.com\/blog\/wp-content\/uploads\/2023\/07\/Fiat-600e-2023-763x430.webp 763w, https:\/\/www.carideal.com\/blog\/wp-content\/uploads\/2023\/07\/Fiat-600e-2023-scaled.webp 1200w\" sizes=\"(max-width: 300px) 100vw, 300px\" \/><\/div><a class=\"wp-block-latest-posts__post-title\" href=\"https:\/\/www.carideal.com\/blog\/2023\/07\/06\/fiat-600e-le-crossover-electrique-retro-de-fiat-devoile-pour-concurrencer-les-leaders-du-marche\/\">Fiat 600e : Le crossover \u00e9lectrique r\u00e9tro de Fiat d\u00e9voil\u00e9 pour concurrencer les leaders du march\u00e9<\/a><\/li>\n<li><a class=\"wp-block-latest-posts__post-title\" href=\"https:\/\/www.carideal.com\/blog\/2015\/12\/02\/achat-fiat-scudo-d-occasion-pas-cher-9-places\/\">Achat Fiat Scudo d occasion pas cher 9 places<\/a><\/li>\n<li><a class=\"wp-block-latest-posts__post-title\" href=\"https:\/\/www.carideal.com\/blog\/2015\/08\/16\/fiat-500-restylee\/\">Fiat 500 restyl\u00e9e 2015<\/a><\/li>\n<li><a class=\"wp-block-latest-posts__post-title\" href=\"https:\/\/www.carideal.com\/blog\/2015\/03\/10\/fiat-doblo-cargo-plus-pro\/\">Fiat Doblo Cargo plus pro<\/a><\/li>\n<\/ul>\n\n\n<p><a href=\"http:\/\/www.carideal.com\/blog\/constructeur\/fiat\/\">TOUTES&nbsp;LES&nbsp;ACTUALIT\u00c9S&nbsp;FIAT<\/a><\/p>\n\n\n\n<h2 class=\"wp-block-heading\" id=\"h-essais-nbsp-fiat\">Essais&nbsp;FIAT<\/h2>\n\n\n<ul class=\"wp-block-latest-posts__list is-grid columns-3 wp-block-latest-posts\"><li><a class=\"wp-block-latest-posts__post-title\" href=\"https:\/\/www.carideal.com\/blog\/2012\/12\/12\/fiat-500c-vs-citroen-ds3-cabrio\/\">Comparatif Cabriolet 500C VS DS3 Cabrio<\/a><\/li>\n<li><a class=\"wp-block-latest-posts__post-title\" href=\"https:\/\/www.carideal.com\/blog\/2012\/05\/04\/top-gear-citroen-ds3-racing-vs-renault-clio-sport-vs-fiat-500-abarth\/\">Top Gear Citroen DS3 racing<\/a><\/li>\n<li><a class=\"wp-block-latest-posts__post-title\" href=\"https:\/\/www.carideal.com\/blog\/2009\/02\/13\/fiat-grande-punto-d-occasion\/\">Fiat Grande Punto occasion<\/a><\/li>\n<li><a class=\"wp-block-latest-posts__post-title\" href=\"https:\/\/www.carideal.com\/blog\/2009\/02\/12\/fiat-punto-ii-d-occasion\/\">Fiat Punto II occasion Essai<\/a><\/li>\n<li><a class=\"wp-block-latest-posts__post-title\" href=\"https:\/\/www.carideal.com\/blog\/2009\/02\/02\/fiat-punto-i-d-occasion\/\">Fiat Punto Occasion essai<\/a><\/li>\n<\/ul>\n\n\n<p><a href=\"http:\/\/www.carideal.com\/blog\/essai\/fiat-essai\/\">TOUS&nbsp;LES&nbsp;ESSAIS&nbsp;FIAT<\/a><\/p>\n","protected":false},"excerpt":{"rendered":"<p>FIAT &#8211; Actualit\u00e9 Essais Avis neuve et occasion Parmi toutes les marques prestigieuses, Carideal.com se devait de mettre en avant Fiat. Vous trouverez sur notre site web les informations sur la marque Fiat et ses mod\u00e8les. Vous trouverez les diff\u00e9rents essais, les actualit\u00e9s et fiches techniques de la marque Tesla ainsi que les annonces autos &#8230; <a title=\"FIAT &#8211; Actualit\u00e9 Essais Avis neuve et occasion\" class=\"read-more\" href=\"https:\/\/www.carideal.com\/blog\/marque-de-voiture-actualites-essais\/fiat\/\" aria-label=\"En savoir plus sur FIAT &#8211; Actualit\u00e9 Essais Avis neuve et occasion\">Lire plus<\/a><\/p>\n","protected":false},"author":3,"featured_media":0,"parent":13389,"menu_order":0,"comment_status":"closed","ping_status":"closed","template":"","meta":{"_uag_custom_page_level_css":"","_themeisle_gutenberg_block_has_review":false,"footnotes":""},"class_list":["post-13650","page","type-page","status-publish"],"wppr_data":{"cwp_meta_box_check":"No"},"yoast_head":"<!-- This site is optimized with the Yoast SEO plugin v24.8.1 - https:\/\/yoast.com\/wordpress\/plugins\/seo\/ -->\n<title>FIAT - Actualit\u00e9 Essais Avis neuve et occasion - Blog auto Carid\u00e9al<\/title>\n<meta name=\"description\" content=\"Parmi toutes les marques prestigieuses, Carideal.com se devait de mettre en avant Fiat. Vous trouvrez sur notre site web les informations sur la marque Fiat\" \/>\n<meta name=\"robots\" content=\"index, follow, max-snippet:-1, max-image-preview:large, max-video-preview:-1\" \/>\n<link rel=\"canonical\" href=\"https:\/\/www.carideal.com\/blog\/marque-de-voiture-actualites-essais\/fiat\/\" \/>\n<meta property=\"og:locale\" content=\"fr_FR\" \/>\n<meta property=\"og:type\" content=\"article\" \/>\n<meta property=\"og:title\" content=\"FIAT - Actualit\u00e9 Essais Avis neuve et occasion - Blog auto Carid\u00e9al\" \/>\n<meta property=\"og:description\" content=\"Parmi toutes les marques prestigieuses, Carideal.com se devait de mettre en avant Fiat. Vous trouvrez sur notre site web les informations sur la marque Fiat\" \/>\n<meta property=\"og:url\" content=\"https:\/\/www.carideal.com\/blog\/marque-de-voiture-actualites-essais\/fiat\/\" \/>\n<meta property=\"og:site_name\" content=\"Blog auto Carid\u00e9al\" \/>\n<meta property=\"article:publisher\" content=\"https:\/\/www.facebook.com\/Carideal.mandataire.automobile\" \/>\n<meta property=\"article:modified_time\" content=\"2024-04-25T09:23:25+00:00\" \/>\n<meta property=\"og:image\" content=\"http:\/\/www.carideal.com\/blog\/wp-content\/uploads\/2016\/11\/Fiat-500X-carideal-mandataire-automobile-e1479638257828.jpg\" \/>\n<meta name=\"twitter:card\" content=\"summary_large_image\" \/>\n<meta name=\"twitter:site\" content=\"@caridealauto\" \/>\n<meta name=\"twitter:label1\" content=\"Dur\u00e9e de lecture estim\u00e9e\" \/>\n\t<meta name=\"twitter:data1\" content=\"2 minutes\" \/>\n<script type=\"application\/ld+json\" class=\"yoast-schema-graph\">{\"@context\":\"https:\/\/schema.org\",\"@graph\":[{\"@type\":\"WebPage\",\"@id\":\"https:\/\/www.carideal.com\/blog\/marque-de-voiture-actualites-essais\/fiat\/\",\"url\":\"https:\/\/www.carideal.com\/blog\/marque-de-voiture-actualites-essais\/fiat\/\",\"name\":\"FIAT - Actualit\u00e9 Essais Avis neuve et occasion - Blog auto Carid\u00e9al\",\"isPartOf\":{\"@id\":\"https:\/\/www.carideal.com\/blog\/#website\"},\"primaryImageOfPage\":{\"@id\":\"https:\/\/www.carideal.com\/blog\/marque-de-voiture-actualites-essais\/fiat\/#primaryimage\"},\"image\":{\"@id\":\"https:\/\/www.carideal.com\/blog\/marque-de-voiture-actualites-essais\/fiat\/#primaryimage\"},\"thumbnailUrl\":\"http:\/\/www.carideal.com\/blog\/wp-content\/uploads\/2016\/11\/Fiat-500X-carideal-mandataire-automobile-e1479638257828.jpg\",\"datePublished\":\"2016-11-20T10:52:15+00:00\",\"dateModified\":\"2024-04-25T09:23:25+00:00\",\"description\":\"Parmi toutes les marques prestigieuses, Carideal.com se devait de mettre en avant Fiat. Vous trouvrez sur notre site web les informations sur la marque Fiat\",\"breadcrumb\":{\"@id\":\"https:\/\/www.carideal.com\/blog\/marque-de-voiture-actualites-essais\/fiat\/#breadcrumb\"},\"inLanguage\":\"fr-FR\",\"potentialAction\":[{\"@type\":\"ReadAction\",\"target\":[\"https:\/\/www.carideal.com\/blog\/marque-de-voiture-actualites-essais\/fiat\/\"]}]},{\"@type\":\"ImageObject\",\"inLanguage\":\"fr-FR\",\"@id\":\"https:\/\/www.carideal.com\/blog\/marque-de-voiture-actualites-essais\/fiat\/#primaryimage\",\"url\":\"https:\/\/www.carideal.com\/blog\/wp-content\/uploads\/2016\/11\/Fiat-500X-carideal-mandataire-automobile-e1479638257828.jpg\",\"contentUrl\":\"https:\/\/www.carideal.com\/blog\/wp-content\/uploads\/2016\/11\/Fiat-500X-carideal-mandataire-automobile-e1479638257828.jpg\",\"width\":200,\"height\":129,\"caption\":\"FIAT 500x\"},{\"@type\":\"BreadcrumbList\",\"@id\":\"https:\/\/www.carideal.com\/blog\/marque-de-voiture-actualites-essais\/fiat\/#breadcrumb\",\"itemListElement\":[{\"@type\":\"ListItem\",\"position\":1,\"name\":\"Blog Carid\u00e9al\",\"item\":\"https:\/\/www.carideal.com\/blog\/\"},{\"@type\":\"ListItem\",\"position\":2,\"name\":\"Marque de voiture\",\"item\":\"https:\/\/www.carideal.com\/blog\/marque-de-voiture-actualites-essais\/\"},{\"@type\":\"ListItem\",\"position\":3,\"name\":\"FIAT &#8211; Actualit\u00e9 Essais Avis neuve et occasion\"}]},{\"@type\":\"WebSite\",\"@id\":\"https:\/\/www.carideal.com\/blog\/#website\",\"url\":\"https:\/\/www.carideal.com\/blog\/\",\"name\":\"Blog auto Carid\u00e9al\",\"description\":\"Actualit\u00e9 auto par des passionn\u00e9s\",\"publisher\":{\"@id\":\"https:\/\/www.carideal.com\/blog\/#organization\"},\"potentialAction\":[{\"@type\":\"SearchAction\",\"target\":{\"@type\":\"EntryPoint\",\"urlTemplate\":\"https:\/\/www.carideal.com\/blog\/?s={search_term_string}\"},\"query-input\":{\"@type\":\"PropertyValueSpecification\",\"valueRequired\":true,\"valueName\":\"search_term_string\"}}],\"inLanguage\":\"fr-FR\"},{\"@type\":\"Organization\",\"@id\":\"https:\/\/www.carideal.com\/blog\/#organization\",\"name\":\"Carideal\",\"url\":\"https:\/\/www.carideal.com\/blog\/\",\"logo\":{\"@type\":\"ImageObject\",\"inLanguage\":\"fr-FR\",\"@id\":\"https:\/\/www.carideal.com\/blog\/#\/schema\/logo\/image\/\",\"url\":\"http:\/\/www.carideal.com\/blog\/wp-content\/uploads\/2016\/03\/logo-carideal-mandataire-automobile.png\",\"contentUrl\":\"http:\/\/www.carideal.com\/blog\/wp-content\/uploads\/2016\/03\/logo-carideal-mandataire-automobile.png\",\"width\":300,\"height\":300,\"caption\":\"Carideal\"},\"image\":{\"@id\":\"https:\/\/www.carideal.com\/blog\/#\/schema\/logo\/image\/\"},\"sameAs\":[\"https:\/\/www.facebook.com\/Carideal.mandataire.automobile\",\"https:\/\/x.com\/caridealauto\",\"https:\/\/www.instagram.com\/carideal1\/\",\"https:\/\/www.linkedin.com\/company\/carideal.com\",\"https:\/\/fr.pinterest.com\/schiavonsas\/\",\"https:\/\/www.youtube.com\/user\/caridealsas\"]}]}<\/script>\n<!-- \/ Yoast SEO plugin. -->","yoast_head_json":{"title":"FIAT - Actualit\u00e9 Essais Avis neuve et occasion - Blog auto Carid\u00e9al","description":"Parmi toutes les marques prestigieuses, Carideal.com se devait de mettre en avant Fiat. Vous trouvrez sur notre site web les informations sur la marque Fiat","robots":{"index":"index","follow":"follow","max-snippet":"max-snippet:-1","max-image-preview":"max-image-preview:large","max-video-preview":"max-video-preview:-1"},"canonical":"https:\/\/www.carideal.com\/blog\/marque-de-voiture-actualites-essais\/fiat\/","og_locale":"fr_FR","og_type":"article","og_title":"FIAT - Actualit\u00e9 Essais Avis neuve et occasion - Blog auto Carid\u00e9al","og_description":"Parmi toutes les marques prestigieuses, Carideal.com se devait de mettre en avant Fiat. Vous trouvrez sur notre site web les informations sur la marque Fiat","og_url":"https:\/\/www.carideal.com\/blog\/marque-de-voiture-actualites-essais\/fiat\/","og_site_name":"Blog auto Carid\u00e9al","article_publisher":"https:\/\/www.facebook.com\/Carideal.mandataire.automobile","article_modified_time":"2024-04-25T09:23:25+00:00","og_image":[{"url":"http:\/\/www.carideal.com\/blog\/wp-content\/uploads\/2016\/11\/Fiat-500X-carideal-mandataire-automobile-e1479638257828.jpg","type":"","width":"","height":""}],"twitter_card":"summary_large_image","twitter_site":"@caridealauto","twitter_misc":{"Dur\u00e9e de lecture estim\u00e9e":"2 minutes"},"schema":{"@context":"https:\/\/schema.org","@graph":[{"@type":"WebPage","@id":"https:\/\/www.carideal.com\/blog\/marque-de-voiture-actualites-essais\/fiat\/","url":"https:\/\/www.carideal.com\/blog\/marque-de-voiture-actualites-essais\/fiat\/","name":"FIAT - Actualit\u00e9 Essais Avis neuve et occasion - Blog auto Carid\u00e9al","isPartOf":{"@id":"https:\/\/www.carideal.com\/blog\/#website"},"primaryImageOfPage":{"@id":"https:\/\/www.carideal.com\/blog\/marque-de-voiture-actualites-essais\/fiat\/#primaryimage"},"image":{"@id":"https:\/\/www.carideal.com\/blog\/marque-de-voiture-actualites-essais\/fiat\/#primaryimage"},"thumbnailUrl":"http:\/\/www.carideal.com\/blog\/wp-content\/uploads\/2016\/11\/Fiat-500X-carideal-mandataire-automobile-e1479638257828.jpg","datePublished":"2016-11-20T10:52:15+00:00","dateModified":"2024-04-25T09:23:25+00:00","description":"Parmi toutes les marques prestigieuses, Carideal.com se devait de mettre en avant Fiat. Vous trouvrez sur notre site web les informations sur la marque Fiat","breadcrumb":{"@id":"https:\/\/www.carideal.com\/blog\/marque-de-voiture-actualites-essais\/fiat\/#breadcrumb"},"inLanguage":"fr-FR","potentialAction":[{"@type":"ReadAction","target":["https:\/\/www.carideal.com\/blog\/marque-de-voiture-actualites-essais\/fiat\/"]}]},{"@type":"ImageObject","inLanguage":"fr-FR","@id":"https:\/\/www.carideal.com\/blog\/marque-de-voiture-actualites-essais\/fiat\/#primaryimage","url":"https:\/\/www.carideal.com\/blog\/wp-content\/uploads\/2016\/11\/Fiat-500X-carideal-mandataire-automobile-e1479638257828.jpg","contentUrl":"https:\/\/www.carideal.com\/blog\/wp-content\/uploads\/2016\/11\/Fiat-500X-carideal-mandataire-automobile-e1479638257828.jpg","width":200,"height":129,"caption":"FIAT 500x"},{"@type":"BreadcrumbList","@id":"https:\/\/www.carideal.com\/blog\/marque-de-voiture-actualites-essais\/fiat\/#breadcrumb","itemListElement":[{"@type":"ListItem","position":1,"name":"Blog Carid\u00e9al","item":"https:\/\/www.carideal.com\/blog\/"},{"@type":"ListItem","position":2,"name":"Marque de voiture","item":"https:\/\/www.carideal.com\/blog\/marque-de-voiture-actualites-essais\/"},{"@type":"ListItem","position":3,"name":"FIAT &#8211; Actualit\u00e9 Essais Avis neuve et occasion"}]},{"@type":"WebSite","@id":"https:\/\/www.carideal.com\/blog\/#website","url":"https:\/\/www.carideal.com\/blog\/","name":"Blog auto Carid\u00e9al","description":"Actualit\u00e9 auto par des passionn\u00e9s","publisher":{"@id":"https:\/\/www.carideal.com\/blog\/#organization"},"potentialAction":[{"@type":"SearchAction","target":{"@type":"EntryPoint","urlTemplate":"https:\/\/www.carideal.com\/blog\/?s={search_term_string}"},"query-input":{"@type":"PropertyValueSpecification","valueRequired":true,"valueName":"search_term_string"}}],"inLanguage":"fr-FR"},{"@type":"Organization","@id":"https:\/\/www.carideal.com\/blog\/#organization","name":"Carideal","url":"https:\/\/www.carideal.com\/blog\/","logo":{"@type":"ImageObject","inLanguage":"fr-FR","@id":"https:\/\/www.carideal.com\/blog\/#\/schema\/logo\/image\/","url":"http:\/\/www.carideal.com\/blog\/wp-content\/uploads\/2016\/03\/logo-carideal-mandataire-automobile.png","contentUrl":"http:\/\/www.carideal.com\/blog\/wp-content\/uploads\/2016\/03\/logo-carideal-mandataire-automobile.png","width":300,"height":300,"caption":"Carideal"},"image":{"@id":"https:\/\/www.carideal.com\/blog\/#\/schema\/logo\/image\/"},"sameAs":["https:\/\/www.facebook.com\/Carideal.mandataire.automobile","https:\/\/x.com\/caridealauto","https:\/\/www.instagram.com\/carideal1\/","https:\/\/www.linkedin.com\/company\/carideal.com","https:\/\/fr.pinterest.com\/schiavonsas\/","https:\/\/www.youtube.com\/user\/caridealsas"]}]}},"uagb_featured_image_src":{"full":false,"thumbnail":false,"medium":false,"medium_large":false,"large":false,"1536x1536":false,"2048x2048":false,"wppr-widget":false},"uagb_author_info":{"display_name":"Nicolas SCHIAVON","author_link":"https:\/\/www.carideal.com\/blog\/author\/nschiavon\/"},"uagb_comment_info":0,"uagb_excerpt":"FIAT - Actualit\u00e9 Essais Avis neuve et occasion Parmi toutes les marques prestigieuses, Carideal.com se devait de mettre en avant Fiat. Vous trouverez sur notre site web les informations sur la marque Fiat et ses mod\u00e8les. Vous trouverez les diff\u00e9rents essais, les actualit\u00e9s et fiches techniques de la marque Tesla ainsi que les annonces autos\u2026","_links":{"self":[{"href":"https:\/\/www.carideal.com\/blog\/wp-json\/wp\/v2\/pages\/13650"}],"collection":[{"href":"https:\/\/www.carideal.com\/blog\/wp-json\/wp\/v2\/pages"}],"about":[{"href":"https:\/\/www.carideal.com\/blog\/wp-json\/wp\/v2\/types\/page"}],"author":[{"embeddable":true,"href":"https:\/\/www.carideal.com\/blog\/wp-json\/wp\/v2\/users\/3"}],"replies":[{"embeddable":true,"href":"https:\/\/www.carideal.com\/blog\/wp-json\/wp\/v2\/comments?post=13650"}],"version-history":[{"count":2,"href":"https:\/\/www.carideal.com\/blog\/wp-json\/wp\/v2\/pages\/13650\/revisions"}],"predecessor-version":[{"id":27958,"href":"https:\/\/www.carideal.com\/blog\/wp-json\/wp\/v2\/pages\/13650\/revisions\/27958"}],"up":[{"embeddable":true,"href":"https:\/\/www.carideal.com\/blog\/wp-json\/wp\/v2\/pages\/13389"}],"wp:attachment":[{"href":"https:\/\/www.carideal.com\/blog\/wp-json\/wp\/v2\/media?parent=13650"}],"curies":[{"name":"wp","href":"https:\/\/api.w.org\/{rel}","templated":true}]}}