{"id":13256,"date":"2016-11-11T10:13:18","date_gmt":"2016-11-11T09:13:18","guid":{"rendered":"http:\/\/www.carideal.com\/blog\/?page_id=13256"},"modified":"2020-01-26T18:37:54","modified_gmt":"2020-01-26T17:37:54","slug":"contactez-nous","status":"publish","type":"page","link":"https:\/\/www.carideal.com\/blog\/contactez-nous\/","title":{"rendered":"Contactez-nous"},"content":{"rendered":"<h2>Contactez-nous<\/h2>\n<p>Vous d\u00e9sirez nous contacter, au sujet du <a href=\"http:\/\/www.carideal.com\/blog\/\">Blog automobile<\/a>, des articles auto ou pour communiquer sur notre blog, pour cela il vous suffit de remplir le formulaire suivant et nous vous rappelons au plus vite.<\/p>\n<figure id=\"attachment_13265\" aria-describedby=\"caption-attachment-13265\" style=\"width: 690px\" class=\"wp-caption aligncenter\"><img loading=\"lazy\" decoding=\"async\" class=\"size-full wp-image-13265\" src=\"http:\/\/www.carideal.com\/blog\/wp-content\/uploads\/2016\/11\/call-center-garantie-carideal-voiture-occasion-e1580058245924.jpg\" alt=\"Contactez nous Carideal Blog Automobile\" width=\"700\" height=\"466\" \/><figcaption id=\"caption-attachment-13265\" class=\"wp-caption-text\">Contactez nous Carideal Blog Automobile<\/figcaption><\/figure>\n<h2>Service Marketing<\/h2>\n<p>Service Marketing Editeur <a href=\"http:\/\/www.carideal.com\/\">Carideal.com<\/a>\u00a0:<\/p>\n<h2>Relations Presse<\/h2>\n<p>Pour toute demande concernant les relations presse (demande d'interviews, partenariats, etc.)<\/p>\n<h2>Contenus \u00e9ditoriaux<\/h2>\n<p>Vous avez eu un probl\u00e8me sur votre v\u00e9hicule \u00e0 propos de sa qualit\u00e9 ou de sa fiabilit\u00e9 ? Vous souhaitez t\u00e9moigner ? Nos conseils ?<\/p>\n<p><strong><code>[pirate_forms]<\/code><\/strong><\/p>\n","protected":false},"excerpt":{"rendered":"<p>Contactez-nous Vous d\u00e9sirez nous contacter, au sujet du Blog automobile, des articles auto ou pour communiquer sur notre blog, pour cela il vous suffit de remplir le formulaire suivant et nous vous rappelons au plus vite. Service Marketing Service Marketing Editeur Carideal.com\u00a0: Relations Presse Pour toute demande concernant les relations presse (demande d&rsquo;interviews, partenariats, etc.) &#8230; <a title=\"Contactez-nous\" class=\"read-more\" href=\"https:\/\/www.carideal.com\/blog\/contactez-nous\/\" aria-label=\"En savoir plus sur Contactez-nous\">Lire plus<\/a><\/p>\n","protected":false},"author":3,"featured_media":13265,"parent":0,"menu_order":0,"comment_status":"closed","ping_status":"closed","template":"","meta":{"_uag_custom_page_level_css":"","_themeisle_gutenberg_block_has_review":false,"footnotes":""},"class_list":["post-13256","page","type-page","status-publish","has-post-thumbnail"],"wppr_data":{"cwp_meta_box_check":"No"},"yoast_head":"<!-- This site is optimized with the Yoast SEO plugin v24.8.1 - https:\/\/yoast.com\/wordpress\/plugins\/seo\/ -->\n<title>Contactez-nous - Blog auto Carid\u00e9al<\/title>\n<meta name=\"description\" content=\"Vous d\u00e9sirez nous contacer, au sujet du Blog automobile, des articles auto ou pour communiquer sur notre blog, remplissez le formulaire\" \/>\n<meta name=\"robots\" content=\"noindex, follow\" \/>\n<meta property=\"og:locale\" content=\"fr_FR\" \/>\n<meta property=\"og:type\" content=\"article\" \/>\n<meta property=\"og:title\" content=\"Contactez-nous - Blog auto Carid\u00e9al\" \/>\n<meta property=\"og:description\" content=\"Vous d\u00e9sirez nous contacer, au sujet du Blog automobile, des articles auto ou pour communiquer sur notre blog, remplissez le formulaire\" \/>\n<meta property=\"og:url\" content=\"https:\/\/www.carideal.com\/blog\/contactez-nous\/\" \/>\n<meta property=\"og:site_name\" content=\"Blog auto Carid\u00e9al\" \/>\n<meta property=\"article:publisher\" content=\"https:\/\/www.facebook.com\/Carideal.mandataire.automobile\" \/>\n<meta property=\"article:modified_time\" content=\"2020-01-26T17:37:54+00:00\" \/>\n<meta property=\"og:image\" content=\"https:\/\/www.carideal.com\/blog\/wp-content\/uploads\/2016\/11\/call-center-garantie-carideal-voiture-occasion-e1580058245924.jpg\" \/>\n\t<meta property=\"og:image:width\" content=\"700\" \/>\n\t<meta property=\"og:image:height\" content=\"466\" \/>\n\t<meta property=\"og:image:type\" content=\"image\/jpeg\" \/>\n<meta name=\"twitter:card\" content=\"summary_large_image\" \/>\n<meta name=\"twitter:site\" content=\"@caridealauto\" \/>\n<script type=\"application\/ld+json\" class=\"yoast-schema-graph\">{\"@context\":\"https:\/\/schema.org\",\"@graph\":[{\"@type\":\"WebPage\",\"@id\":\"https:\/\/www.carideal.com\/blog\/contactez-nous\/\",\"url\":\"https:\/\/www.carideal.com\/blog\/contactez-nous\/\",\"name\":\"Contactez-nous - Blog auto Carid\u00e9al\",\"isPartOf\":{\"@id\":\"https:\/\/www.carideal.com\/blog\/#website\"},\"primaryImageOfPage\":{\"@id\":\"https:\/\/www.carideal.com\/blog\/contactez-nous\/#primaryimage\"},\"image\":{\"@id\":\"https:\/\/www.carideal.com\/blog\/contactez-nous\/#primaryimage\"},\"thumbnailUrl\":\"https:\/\/www.carideal.com\/blog\/wp-content\/uploads\/2016\/11\/call-center-garantie-carideal-voiture-occasion-e1580058245924.jpg\",\"datePublished\":\"2016-11-11T09:13:18+00:00\",\"dateModified\":\"2020-01-26T17:37:54+00:00\",\"description\":\"Vous d\u00e9sirez nous contacer, au sujet du Blog automobile, des articles auto ou pour communiquer sur notre blog, remplissez le formulaire\",\"breadcrumb\":{\"@id\":\"https:\/\/www.carideal.com\/blog\/contactez-nous\/#breadcrumb\"},\"inLanguage\":\"fr-FR\",\"potentialAction\":[{\"@type\":\"ReadAction\",\"target\":[\"https:\/\/www.carideal.com\/blog\/contactez-nous\/\"]}]},{\"@type\":\"ImageObject\",\"inLanguage\":\"fr-FR\",\"@id\":\"https:\/\/www.carideal.com\/blog\/contactez-nous\/#primaryimage\",\"url\":\"https:\/\/www.carideal.com\/blog\/wp-content\/uploads\/2016\/11\/call-center-garantie-carideal-voiture-occasion-e1580058245924.jpg\",\"contentUrl\":\"https:\/\/www.carideal.com\/blog\/wp-content\/uploads\/2016\/11\/call-center-garantie-carideal-voiture-occasion-e1580058245924.jpg\",\"width\":700,\"height\":466,\"caption\":\"Contactez nous Carideal Blog Automobile\"},{\"@type\":\"BreadcrumbList\",\"@id\":\"https:\/\/www.carideal.com\/blog\/contactez-nous\/#breadcrumb\",\"itemListElement\":[{\"@type\":\"ListItem\",\"position\":1,\"name\":\"Blog Carid\u00e9al\",\"item\":\"https:\/\/www.carideal.com\/blog\/\"},{\"@type\":\"ListItem\",\"position\":2,\"name\":\"Contactez-nous\"}]},{\"@type\":\"WebSite\",\"@id\":\"https:\/\/www.carideal.com\/blog\/#website\",\"url\":\"https:\/\/www.carideal.com\/blog\/\",\"name\":\"Blog auto Carid\u00e9al\",\"description\":\"Actualit\u00e9 auto par des passionn\u00e9s\",\"publisher\":{\"@id\":\"https:\/\/www.carideal.com\/blog\/#organization\"},\"potentialAction\":[{\"@type\":\"SearchAction\",\"target\":{\"@type\":\"EntryPoint\",\"urlTemplate\":\"https:\/\/www.carideal.com\/blog\/?s={search_term_string}\"},\"query-input\":{\"@type\":\"PropertyValueSpecification\",\"valueRequired\":true,\"valueName\":\"search_term_string\"}}],\"inLanguage\":\"fr-FR\"},{\"@type\":\"Organization\",\"@id\":\"https:\/\/www.carideal.com\/blog\/#organization\",\"name\":\"Carideal\",\"url\":\"https:\/\/www.carideal.com\/blog\/\",\"logo\":{\"@type\":\"ImageObject\",\"inLanguage\":\"fr-FR\",\"@id\":\"https:\/\/www.carideal.com\/blog\/#\/schema\/logo\/image\/\",\"url\":\"http:\/\/www.carideal.com\/blog\/wp-content\/uploads\/2016\/03\/logo-carideal-mandataire-automobile.png\",\"contentUrl\":\"http:\/\/www.carideal.com\/blog\/wp-content\/uploads\/2016\/03\/logo-carideal-mandataire-automobile.png\",\"width\":300,\"height\":300,\"caption\":\"Carideal\"},\"image\":{\"@id\":\"https:\/\/www.carideal.com\/blog\/#\/schema\/logo\/image\/\"},\"sameAs\":[\"https:\/\/www.facebook.com\/Carideal.mandataire.automobile\",\"https:\/\/x.com\/caridealauto\",\"https:\/\/www.instagram.com\/carideal1\/\",\"https:\/\/www.linkedin.com\/company\/carideal.com\",\"https:\/\/fr.pinterest.com\/schiavonsas\/\",\"https:\/\/www.youtube.com\/user\/caridealsas\"]}]}<\/script>\n<!-- \/ Yoast SEO plugin. -->","yoast_head_json":{"title":"Contactez-nous - Blog auto Carid\u00e9al","description":"Vous d\u00e9sirez nous contacer, au sujet du Blog automobile, des articles auto ou pour communiquer sur notre blog, remplissez le formulaire","robots":{"index":"noindex","follow":"follow"},"og_locale":"fr_FR","og_type":"article","og_title":"Contactez-nous - Blog auto Carid\u00e9al","og_description":"Vous d\u00e9sirez nous contacer, au sujet du Blog automobile, des articles auto ou pour communiquer sur notre blog, remplissez le formulaire","og_url":"https:\/\/www.carideal.com\/blog\/contactez-nous\/","og_site_name":"Blog auto Carid\u00e9al","article_publisher":"https:\/\/www.facebook.com\/Carideal.mandataire.automobile","article_modified_time":"2020-01-26T17:37:54+00:00","og_image":[{"width":700,"height":466,"url":"https:\/\/www.carideal.com\/blog\/wp-content\/uploads\/2016\/11\/call-center-garantie-carideal-voiture-occasion-e1580058245924.jpg","type":"image\/jpeg"}],"twitter_card":"summary_large_image","twitter_site":"@caridealauto","schema":{"@context":"https:\/\/schema.org","@graph":[{"@type":"WebPage","@id":"https:\/\/www.carideal.com\/blog\/contactez-nous\/","url":"https:\/\/www.carideal.com\/blog\/contactez-nous\/","name":"Contactez-nous - Blog auto Carid\u00e9al","isPartOf":{"@id":"https:\/\/www.carideal.com\/blog\/#website"},"primaryImageOfPage":{"@id":"https:\/\/www.carideal.com\/blog\/contactez-nous\/#primaryimage"},"image":{"@id":"https:\/\/www.carideal.com\/blog\/contactez-nous\/#primaryimage"},"thumbnailUrl":"https:\/\/www.carideal.com\/blog\/wp-content\/uploads\/2016\/11\/call-center-garantie-carideal-voiture-occasion-e1580058245924.jpg","datePublished":"2016-11-11T09:13:18+00:00","dateModified":"2020-01-26T17:37:54+00:00","description":"Vous d\u00e9sirez nous contacer, au sujet du Blog automobile, des articles auto ou pour communiquer sur notre blog, remplissez le formulaire","breadcrumb":{"@id":"https:\/\/www.carideal.com\/blog\/contactez-nous\/#breadcrumb"},"inLanguage":"fr-FR","potentialAction":[{"@type":"ReadAction","target":["https:\/\/www.carideal.com\/blog\/contactez-nous\/"]}]},{"@type":"ImageObject","inLanguage":"fr-FR","@id":"https:\/\/www.carideal.com\/blog\/contactez-nous\/#primaryimage","url":"https:\/\/www.carideal.com\/blog\/wp-content\/uploads\/2016\/11\/call-center-garantie-carideal-voiture-occasion-e1580058245924.jpg","contentUrl":"https:\/\/www.carideal.com\/blog\/wp-content\/uploads\/2016\/11\/call-center-garantie-carideal-voiture-occasion-e1580058245924.jpg","width":700,"height":466,"caption":"Contactez nous Carideal Blog Automobile"},{"@type":"BreadcrumbList","@id":"https:\/\/www.carideal.com\/blog\/contactez-nous\/#breadcrumb","itemListElement":[{"@type":"ListItem","position":1,"name":"Blog Carid\u00e9al","item":"https:\/\/www.carideal.com\/blog\/"},{"@type":"ListItem","position":2,"name":"Contactez-nous"}]},{"@type":"WebSite","@id":"https:\/\/www.carideal.com\/blog\/#website","url":"https:\/\/www.carideal.com\/blog\/","name":"Blog auto Carid\u00e9al","description":"Actualit\u00e9 auto par des passionn\u00e9s","publisher":{"@id":"https:\/\/www.carideal.com\/blog\/#organization"},"potentialAction":[{"@type":"SearchAction","target":{"@type":"EntryPoint","urlTemplate":"https:\/\/www.carideal.com\/blog\/?s={search_term_string}"},"query-input":{"@type":"PropertyValueSpecification","valueRequired":true,"valueName":"search_term_string"}}],"inLanguage":"fr-FR"},{"@type":"Organization","@id":"https:\/\/www.carideal.com\/blog\/#organization","name":"Carideal","url":"https:\/\/www.carideal.com\/blog\/","logo":{"@type":"ImageObject","inLanguage":"fr-FR","@id":"https:\/\/www.carideal.com\/blog\/#\/schema\/logo\/image\/","url":"http:\/\/www.carideal.com\/blog\/wp-content\/uploads\/2016\/03\/logo-carideal-mandataire-automobile.png","contentUrl":"http:\/\/www.carideal.com\/blog\/wp-content\/uploads\/2016\/03\/logo-carideal-mandataire-automobile.png","width":300,"height":300,"caption":"Carideal"},"image":{"@id":"https:\/\/www.carideal.com\/blog\/#\/schema\/logo\/image\/"},"sameAs":["https:\/\/www.facebook.com\/Carideal.mandataire.automobile","https:\/\/x.com\/caridealauto","https:\/\/www.instagram.com\/carideal1\/","https:\/\/www.linkedin.com\/company\/carideal.com","https:\/\/fr.pinterest.com\/schiavonsas\/","https:\/\/www.youtube.com\/user\/caridealsas"]}]}},"uagb_featured_image_src":{"full":["https:\/\/www.carideal.com\/blog\/wp-content\/uploads\/2016\/11\/call-center-garantie-carideal-voiture-occasion-e1580058245924.jpg",700,466,false],"thumbnail":["https:\/\/www.carideal.com\/blog\/wp-content\/uploads\/2016\/11\/call-center-garantie-carideal-voiture-occasion-150x150.jpg",150,150,true],"medium":["https:\/\/www.carideal.com\/blog\/wp-content\/uploads\/2016\/11\/call-center-garantie-carideal-voiture-occasion-300x200.jpg",300,200,true],"medium_large":["https:\/\/www.carideal.com\/blog\/wp-content\/uploads\/2016\/11\/call-center-garantie-carideal-voiture-occasion-768x512.jpg",768,512,true],"large":["https:\/\/www.carideal.com\/blog\/wp-content\/uploads\/2016\/11\/call-center-garantie-carideal-voiture-occasion-1024x683.jpg",1024,683,true],"1536x1536":["https:\/\/www.carideal.com\/blog\/wp-content\/uploads\/2016\/11\/call-center-garantie-carideal-voiture-occasion-e1580058245924.jpg",700,466,false],"2048x2048":["https:\/\/www.carideal.com\/blog\/wp-content\/uploads\/2016\/11\/call-center-garantie-carideal-voiture-occasion-e1580058245924.jpg",700,466,false],"wppr-widget":["https:\/\/www.carideal.com\/blog\/wp-content\/uploads\/2016\/11\/call-center-garantie-carideal-voiture-occasion-e1580058245924.jpg",50,33,false]},"uagb_author_info":{"display_name":"Nicolas SCHIAVON","author_link":"https:\/\/www.carideal.com\/blog\/author\/nschiavon\/"},"uagb_comment_info":0,"uagb_excerpt":"Contactez-nous Vous d\u00e9sirez nous contacter, au sujet du Blog automobile, des articles auto ou pour communiquer sur notre blog, pour cela il vous suffit de remplir le formulaire suivant et nous vous rappelons au plus vite. Service Marketing Service Marketing Editeur Carideal.com\u00a0: Relations Presse Pour toute demande concernant les relations presse (demande d'interviews, partenariats, etc.)\u2026","_links":{"self":[{"href":"https:\/\/www.carideal.com\/blog\/wp-json\/wp\/v2\/pages\/13256"}],"collection":[{"href":"https:\/\/www.carideal.com\/blog\/wp-json\/wp\/v2\/pages"}],"about":[{"href":"https:\/\/www.carideal.com\/blog\/wp-json\/wp\/v2\/types\/page"}],"author":[{"embeddable":true,"href":"https:\/\/www.carideal.com\/blog\/wp-json\/wp\/v2\/users\/3"}],"replies":[{"embeddable":true,"href":"https:\/\/www.carideal.com\/blog\/wp-json\/wp\/v2\/comments?post=13256"}],"version-history":[{"count":0,"href":"https:\/\/www.carideal.com\/blog\/wp-json\/wp\/v2\/pages\/13256\/revisions"}],"wp:featuredmedia":[{"embeddable":true,"href":"https:\/\/www.carideal.com\/blog\/wp-json\/wp\/v2\/media\/13265"}],"wp:attachment":[{"href":"https:\/\/www.carideal.com\/blog\/wp-json\/wp\/v2\/media?parent=13256"}],"curies":[{"name":"wp","href":"https:\/\/api.w.org\/{rel}","templated":true}]}}